{"id":65,"date":"2022-03-23T15:57:05","date_gmt":"2022-03-23T13:57:05","guid":{"rendered":"https:\/\/mde.wameleon.ro\/?page_id=65"},"modified":"2025-04-10T10:55:46","modified_gmt":"2025-04-10T07:55:46","slug":"flexographic-printing","status":"publish","type":"page","link":"https:\/\/mdeconverting.ro\/en\/other-industries\/flexographic-printing\/","title":{"rendered":"Flexographic Printing"},"content":{"rendered":"<div data-elementor-type=\"wp-page\" data-elementor-id=\"65\" class=\"elementor elementor-65\" data-elementor-post-type=\"page\">\n\t\t\t\t<section class=\"elementor-element elementor-element-0d092cd e-flex e-con-boxed e-con e-parent\" data-id=\"0d092cd\" data-element_type=\"container\">\n\t\t\t\t\t<div class=\"e-con-inner\">\n\t\t\t\t<div class=\"elementor-element elementor-element-73f891f elementor-widget elementor-widget-image\" data-id=\"73f891f\" data-element_type=\"widget\" data-widget_type=\"image.default\">\n\t\t\t\t<div class=\"elementor-widget-container\">\n\t\t\t\t\t\t\t\t\t\t\t\t\t\t\t<img fetchpriority=\"high\" decoding=\"async\" width=\"1300\" height=\"450\" src=\"https:\/\/mdeconverting.ro\/wp-content\/uploads\/flexografie.jpg\" class=\"attachment-full size-full wp-image-791\" alt=\"flexografie\" srcset=\"https:\/\/mdeconverting.ro\/wp-content\/uploads\/flexografie.jpg 1300w, https:\/\/mdeconverting.ro\/wp-content\/uploads\/flexografie-300x104.jpg 300w, https:\/\/mdeconverting.ro\/wp-content\/uploads\/flexografie-1024x354.jpg 1024w, https:\/\/mdeconverting.ro\/wp-content\/uploads\/flexografie-768x266.jpg 768w\" sizes=\"(max-width: 1300px) 100vw, 1300px\" \/>\t\t\t\t\t\t\t\t\t\t\t\t\t\t\t<\/div>\n\t\t\t\t<\/div>\n\t\t\t\t\t<\/div>\n\t\t\t\t<\/section>\n\t\t<section class=\"elementor-element elementor-element-6854e73 e-flex e-con-boxed e-con e-parent\" data-id=\"6854e73\" data-element_type=\"container\" data-settings=\"{&quot;background_background&quot;:&quot;classic&quot;}\">\n\t\t\t\t\t<div class=\"e-con-inner\">\n\t\t\t\t<div class=\"elementor-element elementor-element-be2ecb7 elementor-widget elementor-widget-text-editor\" data-id=\"be2ecb7\" data-element_type=\"widget\" data-widget_type=\"text-editor.default\">\n\t\t\t\t<div class=\"elementor-widget-container\">\n\t\t\t\t\t\t\t\t\t<p>The tapes for bonding paper or film, assembly collars for engravings, and engravings-assembly tape are just a few examples from our full range for manufacturing and processing of paper.<\/p>\t\t\t\t\t\t\t\t<\/div>\n\t\t\t\t<\/div>\n\t\t\t\t\t<\/div>\n\t\t\t\t<\/section>\n\t\t<section class=\"elementor-element elementor-element-ee031e7 e-flex e-con-boxed e-con e-parent\" data-id=\"ee031e7\" data-element_type=\"container\">\n\t\t\t\t\t<div class=\"e-con-inner\">\n\t\t<div class=\"elementor-element elementor-element-397f04d e-con-full e-flex e-con e-child\" data-id=\"397f04d\" data-element_type=\"container\">\n\t\t\t\t<div class=\"elementor-element elementor-element-d00ec00 elementor-widget elementor-widget-text-editor\" data-id=\"d00ec00\" data-element_type=\"widget\" data-widget_type=\"text-editor.default\">\n\t\t\t\t<div class=\"elementor-widget-container\">\n\t\t\t\t\t\t\t\t\t<h5 class=\"MMM--pageTitleDescription\"><strong>Making each work look as good as possible<\/strong><\/h5><div class=\"MMM--bodyCopy MMM--wysiwyg\"><p dir=\"ltr\">You care about your job: you are passionate about understanding everything correctly and to dedicate yourself to make certain that each printwork, delivered by your printer, is a work of art. What makes you stand out from the crowd is the fact that your expertise lies not only in the qualification you hold, but also in your day-to-day experience.<\/p><p dir=\"ltr\">Your expertise and your experience both tell you that, for any flexographic printing, you need tape to anchor the engravings, and printing solutions capable of providing an optimal, constant and productive quality.<\/p><p dir=\"ltr\">Every time. From every angle.<\/p><\/div>\t\t\t\t\t\t\t\t<\/div>\n\t\t\t\t<\/div>\n\t\t\t\t<\/div>\n\t\t<div class=\"elementor-element elementor-element-a167f49 e-con-full e-flex e-con e-child\" data-id=\"a167f49\" data-element_type=\"container\">\n\t\t\t\t<div class=\"elementor-element elementor-element-919707c elementor-widget elementor-widget-image\" data-id=\"919707c\" data-element_type=\"widget\" data-widget_type=\"image.default\">\n\t\t\t\t<div class=\"elementor-widget-container\">\n\t\t\t\t\t\t\t\t\t\t\t\t\t\t\t<img decoding=\"async\" width=\"800\" height=\"643\" src=\"https:\/\/mdeconverting.ro\/wp-content\/uploads\/meseriasi-3m-1024x823.jpg\" class=\"attachment-large size-large wp-image-1305\" alt=\"\" srcset=\"https:\/\/mdeconverting.ro\/wp-content\/uploads\/meseriasi-3m-1024x823.jpg 1024w, https:\/\/mdeconverting.ro\/wp-content\/uploads\/meseriasi-3m-300x241.jpg 300w, https:\/\/mdeconverting.ro\/wp-content\/uploads\/meseriasi-3m-768x617.jpg 768w, https:\/\/mdeconverting.ro\/wp-content\/uploads\/meseriasi-3m.jpg 1046w\" sizes=\"(max-width: 800px) 100vw, 800px\" \/>\t\t\t\t\t\t\t\t\t\t\t\t\t\t\t<\/div>\n\t\t\t\t<\/div>\n\t\t\t\t<\/div>\n\t\t\t\t\t<\/div>\n\t\t\t\t<\/section>\n\t\t<div class=\"elementor-element elementor-element-f3ba878 e-con-full e-flex e-con e-parent\" data-id=\"f3ba878\" data-element_type=\"container\" data-settings=\"{&quot;background_background&quot;:&quot;classic&quot;}\">\n\t\t<div class=\"elementor-element elementor-element-a36f9d8 e-con-full e-flex e-con e-child\" data-id=\"a36f9d8\" data-element_type=\"container\" data-settings=\"{&quot;background_background&quot;:&quot;classic&quot;}\">\n\t\t\t\t<div class=\"elementor-element elementor-element-53db900 elementor-widget elementor-widget-text-editor\" data-id=\"53db900\" data-element_type=\"widget\" data-widget_type=\"text-editor.default\">\n\t\t\t\t<div class=\"elementor-widget-container\">\n\t\t\t\t\t\t\t\t\t<h5><strong>Respect your profession using the 3M printing quality advantage.<\/strong><\/h5>\n<p>You have dedicated your career to the art of flexographic printing. You are in search of more than just a supplier, you are looking for a partner that may provide solutions and be there for you in your attempt to achieve a perspective. The 3M flexography experts dedicated their work to finding means to aid you in honouring your commitment to your profession, throughout all stages of the printing process.<\/p>\t\t\t\t\t\t\t\t<\/div>\n\t\t\t\t<\/div>\n\t\t<div class=\"elementor-element elementor-element-08967bf e-con-full e-flex e-con e-child\" data-id=\"08967bf\" data-element_type=\"container\">\n\t\t<div class=\"elementor-element elementor-element-a3d4b1f e-con-full e-flex e-con e-child\" data-id=\"a3d4b1f\" data-element_type=\"container\">\n\t\t\t\t<div class=\"elementor-element elementor-element-a56ad21 elementor-widget elementor-widget-image\" data-id=\"a56ad21\" data-element_type=\"widget\" data-widget_type=\"image.default\">\n\t\t\t\t<div class=\"elementor-widget-container\">\n\t\t\t\t\t\t\t\t\t\t\t\t\t\t\t<img decoding=\"async\" width=\"340\" height=\"50\" src=\"https:\/\/mdeconverting.ro\/wp-content\/uploads\/platemounting_orange_column.jpg\" class=\"attachment-large size-large wp-image-1307\" alt=\"\" srcset=\"https:\/\/mdeconverting.ro\/wp-content\/uploads\/platemounting_orange_column.jpg 340w, https:\/\/mdeconverting.ro\/wp-content\/uploads\/platemounting_orange_column-300x44.jpg 300w\" sizes=\"(max-width: 340px) 100vw, 340px\" \/>\t\t\t\t\t\t\t\t\t\t\t\t\t\t\t<\/div>\n\t\t\t\t<\/div>\n\t\t\t\t<div class=\"elementor-element elementor-element-1076662 elementor-widget elementor-widget-text-editor\" data-id=\"1076662\" data-element_type=\"widget\" data-widget_type=\"text-editor.default\">\n\t\t\t\t<div class=\"elementor-widget-container\">\n\t\t\t\t\t\t\t\t\t<p>Plate anchoring must be perfect: it requires focus and plate anchoring skills and configuration skills, for accurately configuring cylinders. We help you to correctly carry out this action.<\/p>\t\t\t\t\t\t\t\t<\/div>\n\t\t\t\t<\/div>\n\t\t\t\t<\/div>\n\t\t<div class=\"elementor-element elementor-element-6e5887b e-con-full e-flex e-con e-child\" data-id=\"6e5887b\" data-element_type=\"container\">\n\t\t\t\t<div class=\"elementor-element elementor-element-6f5d042 elementor-widget elementor-widget-image\" data-id=\"6f5d042\" data-element_type=\"widget\" data-widget_type=\"image.default\">\n\t\t\t\t<div class=\"elementor-widget-container\">\n\t\t\t\t\t\t\t\t\t\t\t\t\t\t\t<img loading=\"lazy\" decoding=\"async\" width=\"340\" height=\"50\" src=\"https:\/\/mdeconverting.ro\/wp-content\/uploads\/onpress_orange_column.jpg\" class=\"attachment-large size-large wp-image-1306\" alt=\"\" srcset=\"https:\/\/mdeconverting.ro\/wp-content\/uploads\/onpress_orange_column.jpg 340w, https:\/\/mdeconverting.ro\/wp-content\/uploads\/onpress_orange_column-300x44.jpg 300w\" sizes=\"(max-width: 340px) 100vw, 340px\" \/>\t\t\t\t\t\t\t\t\t\t\t\t\t\t\t<\/div>\n\t\t\t\t<\/div>\n\t\t\t\t<div class=\"elementor-element elementor-element-b6b1536 elementor-widget elementor-widget-text-editor\" data-id=\"b6b1536\" data-element_type=\"widget\" data-widget_type=\"text-editor.default\">\n\t\t\t\t<div class=\"elementor-widget-container\">\n\t\t\t\t\t\t\t\t\t<p>During the printing run, observe the quality of printing, while at the same time, feeling the way the printer operates. We help you maintain a smooth operation, without any issues, at every printing run.<\/p>\t\t\t\t\t\t\t\t<\/div>\n\t\t\t\t<\/div>\n\t\t\t\t<\/div>\n\t\t<div class=\"elementor-element elementor-element-887f3ea e-con-full e-flex e-con e-child\" data-id=\"887f3ea\" data-element_type=\"container\">\n\t\t\t\t<div class=\"elementor-element elementor-element-16e8625 elementor-widget elementor-widget-image\" data-id=\"16e8625\" data-element_type=\"widget\" data-widget_type=\"image.default\">\n\t\t\t\t<div class=\"elementor-widget-container\">\n\t\t\t\t\t\t\t\t\t\t\t\t\t\t\t<img loading=\"lazy\" decoding=\"async\" width=\"340\" height=\"50\" src=\"https:\/\/mdeconverting.ro\/wp-content\/uploads\/postpress_orange_column.jpg\" class=\"attachment-large size-large wp-image-1308\" alt=\"\" srcset=\"https:\/\/mdeconverting.ro\/wp-content\/uploads\/postpress_orange_column.jpg 340w, https:\/\/mdeconverting.ro\/wp-content\/uploads\/postpress_orange_column-300x44.jpg 300w\" sizes=\"(max-width: 340px) 100vw, 340px\" \/>\t\t\t\t\t\t\t\t\t\t\t\t\t\t\t<\/div>\n\t\t\t\t<\/div>\n\t\t\t\t<div class=\"elementor-element elementor-element-381ce54 elementor-widget elementor-widget-text-editor\" data-id=\"381ce54\" data-element_type=\"widget\" data-widget_type=\"text-editor.default\">\n\t\t\t\t<div class=\"elementor-widget-container\">\n\t\t\t\t\t\t\t\t\t<p>Whenever the printing operation has concluded, disassembly becomes the moment of truth. We shall guide you in reducing the incident of plate damage and operator fatigue.<\/p>\t\t\t\t\t\t\t\t<\/div>\n\t\t\t\t<\/div>\n\t\t\t\t<\/div>\n\t\t\t\t<\/div>\n\t\t\t\t<\/div>\n\t\t\t\t<\/div>\n\t\t<div class=\"elementor-element elementor-element-788230a e-con-full e-flex e-con e-parent\" data-id=\"788230a\" data-element_type=\"container\" data-settings=\"{&quot;background_background&quot;:&quot;classic&quot;}\">\n\t\t<div class=\"elementor-element elementor-element-9cc489b e-con-full e-flex e-con e-child\" data-id=\"9cc489b\" data-element_type=\"container\">\n\t\t\t\t<div class=\"elementor-element elementor-element-909f82e elementor-widget__width-auto elementor-widget elementor-widget-text-editor\" data-id=\"909f82e\" data-element_type=\"widget\" data-widget_type=\"text-editor.default\">\n\t\t\t\t<div class=\"elementor-widget-container\">\n\t\t\t\t\t\t\t\t\t<h5><strong>Advantages<\/strong><\/h5>\t\t\t\t\t\t\t\t<\/div>\n\t\t\t\t<\/div>\n\t\t<div class=\"elementor-element elementor-element-62a29ed e-con-full e-flex e-con e-child\" data-id=\"62a29ed\" data-element_type=\"container\">\n\t\t\t\t<div class=\"elementor-element elementor-element-22e4516 elementor-widget elementor-widget-image\" data-id=\"22e4516\" data-element_type=\"widget\" data-widget_type=\"image.default\">\n\t\t\t\t<div class=\"elementor-widget-container\">\n\t\t\t\t\t\t\t\t\t\t\t\t\t\t\t<img loading=\"lazy\" decoding=\"async\" width=\"575\" height=\"200\" src=\"https:\/\/mdeconverting.ro\/wp-content\/uploads\/Optimal-605373331-575x200px.jpg\" class=\"attachment-large size-large wp-image-1315\" alt=\"\" srcset=\"https:\/\/mdeconverting.ro\/wp-content\/uploads\/Optimal-605373331-575x200px.jpg 575w, https:\/\/mdeconverting.ro\/wp-content\/uploads\/Optimal-605373331-575x200px-300x104.jpg 300w\" sizes=\"(max-width: 575px) 100vw, 575px\" \/>\t\t\t\t\t\t\t\t\t\t\t\t\t\t\t<\/div>\n\t\t\t\t<\/div>\n\t\t<div class=\"elementor-element elementor-element-42a70f2 e-con-full e-flex e-con e-child\" data-id=\"42a70f2\" data-element_type=\"container\">\n\t\t\t\t<div class=\"elementor-element elementor-element-1d48ef7 elementor-widget elementor-widget-text-editor\" data-id=\"1d48ef7\" data-element_type=\"widget\" data-widget_type=\"text-editor.default\">\n\t\t\t\t<div class=\"elementor-widget-container\">\n\t\t\t\t\t\t\t\t\t<h5><strong>Optimal<\/strong><\/h5><p dir=\"ltr\">You need a flexographic tape appropriate for every work, irrespective of whether it is small density, to maximise the reproduction of points, high density, for a solid colour field, or somewhere in-between the two. We provide the largest range of tape densities in the industry, so that you may select the specific one, best matching the needs of the current work.<\/p><p dir=\"ltr\">Find out how we can help you find the optimal combination of features for every work, from selecting the right density in the plate anchoring chamber, to selecting the right adhesive that may help you in the post-printing removal.<\/p>\t\t\t\t\t\t\t\t<\/div>\n\t\t\t\t<\/div>\n\t\t\t\t<\/div>\n\t\t\t\t<\/div>\n\t\t<div class=\"elementor-element elementor-element-e96dcc7 e-con-full e-flex e-con e-child\" data-id=\"e96dcc7\" data-element_type=\"container\">\n\t\t\t\t<div class=\"elementor-element elementor-element-f2f9486 elementor-widget elementor-widget-image\" data-id=\"f2f9486\" data-element_type=\"widget\" data-widget_type=\"image.default\">\n\t\t\t\t<div class=\"elementor-widget-container\">\n\t\t\t\t\t\t\t\t\t\t\t\t\t\t\t<img loading=\"lazy\" decoding=\"async\" width=\"575\" height=\"200\" src=\"https:\/\/mdeconverting.ro\/wp-content\/uploads\/action-shot-of-press-1681069-575x200px.jpg\" class=\"attachment-large size-large wp-image-1316\" alt=\"\" srcset=\"https:\/\/mdeconverting.ro\/wp-content\/uploads\/action-shot-of-press-1681069-575x200px.jpg 575w, https:\/\/mdeconverting.ro\/wp-content\/uploads\/action-shot-of-press-1681069-575x200px-300x104.jpg 300w\" sizes=\"(max-width: 575px) 100vw, 575px\" \/>\t\t\t\t\t\t\t\t\t\t\t\t\t\t\t<\/div>\n\t\t\t\t<\/div>\n\t\t<div class=\"elementor-element elementor-element-dc3be00 e-con-full e-flex e-con e-child\" data-id=\"dc3be00\" data-element_type=\"container\">\n\t\t\t\t<div class=\"elementor-element elementor-element-e86c2d8 elementor-widget elementor-widget-text-editor\" data-id=\"e86c2d8\" data-element_type=\"widget\" data-widget_type=\"text-editor.default\">\n\t\t\t\t<div class=\"elementor-widget-container\">\n\t\t\t\t\t\t\t\t\t<h5><strong>Consistent<\/strong><\/h5><p dir=\"ltr\">We provide one of the tightest tolerances in the industry, so that your flexographic tape has the same thickness - be it at the beginning, or at the end of the reel - or even at a different reel.<\/p><p dir=\"ltr\">Find out more about how we can help achieve consistency of technologies helping in the removal of air bubbles upon setting adhesives, which reduces the damages to the plate upon disassembly.<\/p>\t\t\t\t\t\t\t\t<\/div>\n\t\t\t\t<\/div>\n\t\t\t\t<\/div>\n\t\t\t\t<\/div>\n\t\t<div class=\"elementor-element elementor-element-10aec44 e-con-full e-flex e-con e-child\" data-id=\"10aec44\" data-element_type=\"container\">\n\t\t\t\t<div class=\"elementor-element elementor-element-3c74699 elementor-widget elementor-widget-image\" data-id=\"3c74699\" data-element_type=\"widget\" data-widget_type=\"image.default\">\n\t\t\t\t<div class=\"elementor-widget-container\">\n\t\t\t\t\t\t\t\t\t\t\t\t\t\t\t<img loading=\"lazy\" decoding=\"async\" width=\"575\" height=\"200\" src=\"https:\/\/mdeconverting.ro\/wp-content\/uploads\/3m-cushion-mount-plate-mounting-tape-demounting-1681164-575x200px.jpg\" class=\"attachment-large size-large wp-image-1317\" alt=\"\" srcset=\"https:\/\/mdeconverting.ro\/wp-content\/uploads\/3m-cushion-mount-plate-mounting-tape-demounting-1681164-575x200px.jpg 575w, https:\/\/mdeconverting.ro\/wp-content\/uploads\/3m-cushion-mount-plate-mounting-tape-demounting-1681164-575x200px-300x104.jpg 300w\" sizes=\"(max-width: 575px) 100vw, 575px\" \/>\t\t\t\t\t\t\t\t\t\t\t\t\t\t\t<\/div>\n\t\t\t\t<\/div>\n\t\t<div class=\"elementor-element elementor-element-7f83e34 e-con-full e-flex e-con e-child\" data-id=\"7f83e34\" data-element_type=\"container\">\n\t\t\t\t<div class=\"elementor-element elementor-element-0e25689 elementor-widget elementor-widget-text-editor\" data-id=\"0e25689\" data-element_type=\"widget\" data-widget_type=\"text-editor.default\">\n\t\t\t\t<div class=\"elementor-widget-container\">\n\t\t\t\t\t\t\t\t\t<h5><strong>Productive<\/strong><\/h5>\n<p dir=\"ltr\">Air bubbles and edge raising are the enemy, thereby interrupting the printing process and reducing yield to extreme levels. Our flexographic anchoring tapes can help, by providing air removal and strong adherence, so that your printer continuously operates.<\/p>\n<p dir=\"ltr\">The way in which we contribute to improving yield with the features of adhesives and of foam, which shall help you throughout your process, from the first correct anchoring to the disassembly with reduced force, in order to reduce damages to the plate and the operator\u2019s fatigue.<\/p>\t\t\t\t\t\t\t\t<\/div>\n\t\t\t\t<\/div>\n\t\t\t\t<\/div>\n\t\t\t\t<\/div>\n\t\t\t\t<\/div>\n\t\t\t\t<\/div>\n\t\t<div class=\"elementor-element elementor-element-50861e4 e-flex e-con-boxed e-con e-parent\" data-id=\"50861e4\" data-element_type=\"container\">\n\t\t\t\t\t<div class=\"e-con-inner\">\n\t\t\t\t<div class=\"elementor-element elementor-element-b49304d elementor-align-center elementor-widget elementor-widget-button\" data-id=\"b49304d\" data-element_type=\"widget\" data-widget_type=\"button.default\">\n\t\t\t\t<div class=\"elementor-widget-container\">\n\t\t\t\t\t\t\t\t\t<div class=\"elementor-button-wrapper\">\n\t\t\t\t\t<a class=\"elementor-button elementor-button-link elementor-size-lg\" href=\"\/en\/solicita-mostra-gratuita\/\">\n\t\t\t\t\t\t<span class=\"elementor-button-content-wrapper\">\n\t\t\t\t\t\t\t\t\t<span class=\"elementor-button-text\">CLAIM A FREE SAMPLE!<\/span>\n\t\t\t\t\t<\/span>\n\t\t\t\t\t<\/a>\n\t\t\t\t<\/div>\n\t\t\t\t\t\t\t\t<\/div>\n\t\t\t\t<\/div>\n\t\t\t\t\t<\/div>\n\t\t\t\t<\/div>\n\t\t<div class=\"elementor-element elementor-element-b7c6691 e-flex e-con-boxed e-con e-parent\" data-id=\"b7c6691\" data-element_type=\"container\">\n\t\t\t\t\t<div class=\"e-con-inner\">\n\t\t\t\t<div class=\"elementor-element elementor-element-62e757e elementor-widget elementor-widget-video\" data-id=\"62e757e\" data-element_type=\"widget\" data-settings=\"{&quot;video_type&quot;:&quot;hosted&quot;,&quot;controls&quot;:&quot;yes&quot;}\" data-widget_type=\"video.default\">\n\t\t\t\t<div class=\"elementor-widget-container\">\n\t\t\t\t\t\t\t<div class=\"e-hosted-video elementor-wrapper elementor-open-inline\">\n\t\t\t\t\t<video class=\"elementor-video\" src=\"https:\/\/mdeconverting.ro\/wp-content\/uploads\/mde-flexo-video.mp4\" controls=\"\" preload=\"metadata\" controlslist=\"nodownload\"><\/video>\n\t\t\t\t<\/div>\n\t\t\t\t\t\t<\/div>\n\t\t\t\t<\/div>\n\t\t\t\t\t<\/div>\n\t\t\t\t<\/div>\n\t\t\t\t<\/div>","protected":false},"excerpt":{"rendered":"<p>Benzile de \u00eembinare a h\u00e2rtiei sau a peliculei, man\u0219oanele de montaj ale cli\u0219eelor \u0219i benzile pentru montarea cli\u0219eelor sunt doar c\u00e2teva exemple din gama noastr\u0103 complet\u0103 pentru fabricarea \u0219i procesarea h\u00e2rtiei. F\u0103c\u00e2nd ca fiecare lucrare s\u0103 arate c\u00e2t mai bine posibil V\u0103 pas\u0103 de meseria dvs.: sunte\u021bi pasionat s\u0103 \u00een\u021belege\u021bi totul corect \u0219i s\u0103 v\u0103 [&hellip;]<\/p>","protected":false},"author":1,"featured_media":0,"parent":41,"menu_order":0,"comment_status":"closed","ping_status":"closed","template":"","meta":{"footnotes":""},"class_list":["post-65","page","type-page","status-publish","hentry"],"_links":{"self":[{"href":"https:\/\/mdeconverting.ro\/en\/wp-json\/wp\/v2\/pages\/65","targetHints":{"allow":["GET"]}}],"collection":[{"href":"https:\/\/mdeconverting.ro\/en\/wp-json\/wp\/v2\/pages"}],"about":[{"href":"https:\/\/mdeconverting.ro\/en\/wp-json\/wp\/v2\/types\/page"}],"author":[{"embeddable":true,"href":"https:\/\/mdeconverting.ro\/en\/wp-json\/wp\/v2\/users\/1"}],"replies":[{"embeddable":true,"href":"https:\/\/mdeconverting.ro\/en\/wp-json\/wp\/v2\/comments?post=65"}],"version-history":[{"count":10,"href":"https:\/\/mdeconverting.ro\/en\/wp-json\/wp\/v2\/pages\/65\/revisions"}],"predecessor-version":[{"id":2553,"href":"https:\/\/mdeconverting.ro\/en\/wp-json\/wp\/v2\/pages\/65\/revisions\/2553"}],"up":[{"embeddable":true,"href":"https:\/\/mdeconverting.ro\/en\/wp-json\/wp\/v2\/pages\/41"}],"wp:attachment":[{"href":"https:\/\/mdeconverting.ro\/en\/wp-json\/wp\/v2\/media?parent=65"}],"curies":[{"name":"wp","href":"https:\/\/api.w.org\/{rel}","templated":true}]}}