{"id":59,"date":"2022-03-23T15:56:27","date_gmt":"2022-03-23T13:56:27","guid":{"rendered":"https:\/\/mde.wameleon.ro\/?page_id=59"},"modified":"2025-04-10T10:57:38","modified_gmt":"2025-04-10T07:57:38","slug":"protective-films","status":"publish","type":"page","link":"https:\/\/mdeconverting.ro\/en\/automotive-industry\/protective-films\/","title":{"rendered":"Protective Films"},"content":{"rendered":"<div data-elementor-type=\"wp-page\" data-elementor-id=\"59\" class=\"elementor elementor-59\" data-elementor-post-type=\"page\">\n\t\t\t\t<div class=\"elementor-element elementor-element-47dba12 e-flex e-con-boxed e-con e-parent\" data-id=\"47dba12\" data-element_type=\"container\">\n\t\t\t\t\t<div class=\"e-con-inner\">\n\t\t\t\t<div class=\"elementor-element elementor-element-92c405d elementor-widget elementor-widget-image\" data-id=\"92c405d\" data-element_type=\"widget\" data-widget_type=\"image.default\">\n\t\t\t\t<div class=\"elementor-widget-container\">\n\t\t\t\t\t\t\t\t\t\t\t\t\t\t\t<img fetchpriority=\"high\" decoding=\"async\" width=\"1200\" height=\"418\" src=\"https:\/\/mdeconverting.ro\/wp-content\/uploads\/foilii.jpg\" class=\"attachment-full size-full wp-image-697\" alt=\"\" srcset=\"https:\/\/mdeconverting.ro\/wp-content\/uploads\/foilii.jpg 1200w, https:\/\/mdeconverting.ro\/wp-content\/uploads\/foilii-300x105.jpg 300w, https:\/\/mdeconverting.ro\/wp-content\/uploads\/foilii-1024x357.jpg 1024w, https:\/\/mdeconverting.ro\/wp-content\/uploads\/foilii-768x268.jpg 768w\" sizes=\"(max-width: 1200px) 100vw, 1200px\" \/>\t\t\t\t\t\t\t\t\t\t\t\t\t\t\t<\/div>\n\t\t\t\t<\/div>\n\t\t\t\t\t<\/div>\n\t\t\t\t<\/div>\n\t\t<div class=\"elementor-element elementor-element-9772a87 e-flex e-con-boxed e-con e-parent\" data-id=\"9772a87\" data-element_type=\"container\" data-settings=\"{&quot;background_background&quot;:&quot;classic&quot;}\">\n\t\t\t\t\t<div class=\"e-con-inner\">\n\t\t<div class=\"elementor-element elementor-element-2bf38e5 e-con-full e-flex e-con e-child\" data-id=\"2bf38e5\" data-element_type=\"container\">\n\t\t\t\t<div class=\"elementor-element elementor-element-3ffc2f0 elementor-widget elementor-widget-text-editor\" data-id=\"3ffc2f0\" data-element_type=\"widget\" data-widget_type=\"text-editor.default\">\n\t\t\t\t<div class=\"elementor-widget-container\">\n\t\t\t\t\t\t\t\t\t<p>Protective films are highly present in the car industry. They protect sensitive material, such as glass or paint, during transport. They are also intended to extend the life cycle of components.<\/p>\t\t\t\t\t\t\t\t<\/div>\n\t\t\t\t<\/div>\n\t\t\t\t<\/div>\n\t\t\t\t\t<\/div>\n\t\t\t\t<\/div>\n\t\t<div class=\"elementor-element elementor-element-30884c4 e-flex e-con-boxed e-con e-parent\" data-id=\"30884c4\" data-element_type=\"container\">\n\t\t\t\t\t<div class=\"e-con-inner\">\n\t\t\t\t<div class=\"elementor-element elementor-element-245db34 elementor-widget elementor-widget-image\" data-id=\"245db34\" data-element_type=\"widget\" data-widget_type=\"image.default\">\n\t\t\t\t<div class=\"elementor-widget-container\">\n\t\t\t\t\t\t\t\t\t\t\t\t\t\t\t<img decoding=\"async\" width=\"700\" height=\"467\" src=\"https:\/\/mdeconverting.ro\/wp-content\/uploads\/folie-protectie-permanenta-.jpg\" class=\"attachment-large size-large wp-image-699\" alt=\"\" srcset=\"https:\/\/mdeconverting.ro\/wp-content\/uploads\/folie-protectie-permanenta-.jpg 700w, https:\/\/mdeconverting.ro\/wp-content\/uploads\/folie-protectie-permanenta--300x200.jpg 300w\" sizes=\"(max-width: 700px) 100vw, 700px\" \/>\t\t\t\t\t\t\t\t\t\t\t\t\t\t\t<\/div>\n\t\t\t\t<\/div>\n\t\t<div class=\"elementor-element elementor-element-f30314c e-con-full e-flex e-con e-child\" data-id=\"f30314c\" data-element_type=\"container\">\n\t\t\t\t<div class=\"elementor-element elementor-element-62f7f96 elementor-widget elementor-widget-heading\" data-id=\"62f7f96\" data-element_type=\"widget\" data-widget_type=\"heading.default\">\n\t\t\t\t<div class=\"elementor-widget-container\">\n\t\t\t\t\t<h3 class=\"elementor-heading-title elementor-size-default\">Permanent protective films<\/h3>\t\t\t\t<\/div>\n\t\t\t\t<\/div>\n\t\t\t\t<div class=\"elementor-element elementor-element-9427b00 elementor-widget elementor-widget-heading\" data-id=\"9427b00\" data-element_type=\"widget\" data-widget_type=\"heading.default\">\n\t\t\t\t<div class=\"elementor-widget-container\">\n\t\t\t\t\t<h5 class=\"elementor-heading-title elementor-size-default\">\tProtects surfaces on the long term<\/h5>\t\t\t\t<\/div>\n\t\t\t\t<\/div>\n\t\t\t\t<div class=\"elementor-element elementor-element-44956f6 elementor-widget elementor-widget-text-editor\" data-id=\"44956f6\" data-element_type=\"widget\" data-widget_type=\"text-editor.default\">\n\t\t\t\t<div class=\"elementor-widget-container\">\n\t\t\t\t\t\t\t\t\t<p>For any areas exposed to external environmental elements (moisture, sunrays, scratches etc.), there are permanent films for protection of paint. Such films are used in auto tunning, with a particularly fine decorative aspect, while providing a perfect, long-term protection. There are clear, invisible films, as well as black, opaque films, with particularly high strength, used on the hood or around the sills.<\/p>\t\t\t\t\t\t\t\t<\/div>\n\t\t\t\t<\/div>\n\t\t\t\t<\/div>\n\t\t\t\t\t<\/div>\n\t\t\t\t<\/div>\n\t\t<div class=\"elementor-element elementor-element-5cc41b1 e-flex e-con-boxed e-con e-parent\" data-id=\"5cc41b1\" data-element_type=\"container\">\n\t\t\t\t\t<div class=\"e-con-inner\">\n\t\t\t\t<div class=\"elementor-element elementor-element-a7236f6 elementor-widget elementor-widget-image\" data-id=\"a7236f6\" data-element_type=\"widget\" data-widget_type=\"image.default\">\n\t\t\t\t<div class=\"elementor-widget-container\">\n\t\t\t\t\t\t\t\t\t\t\t\t\t\t\t<img decoding=\"async\" width=\"700\" height=\"449\" src=\"https:\/\/mdeconverting.ro\/wp-content\/uploads\/folie-temporara-e1726659172319.jpg\" class=\"attachment-large size-large wp-image-704\" alt=\"\" \/>\t\t\t\t\t\t\t\t\t\t\t\t\t\t\t<\/div>\n\t\t\t\t<\/div>\n\t\t<div class=\"elementor-element elementor-element-4826754 e-con-full e-flex e-con e-child\" data-id=\"4826754\" data-element_type=\"container\">\n\t\t\t\t<div class=\"elementor-element elementor-element-817b9ed elementor-widget elementor-widget-heading\" data-id=\"817b9ed\" data-element_type=\"widget\" data-widget_type=\"heading.default\">\n\t\t\t\t<div class=\"elementor-widget-container\">\n\t\t\t\t\t<h3 class=\"elementor-heading-title elementor-size-default\">Temporary protective films\n<\/h3>\t\t\t\t<\/div>\n\t\t\t\t<\/div>\n\t\t\t\t<div class=\"elementor-element elementor-element-0d3d7f8 elementor-widget elementor-widget-heading\" data-id=\"0d3d7f8\" data-element_type=\"widget\" data-widget_type=\"heading.default\">\n\t\t\t\t<div class=\"elementor-widget-container\">\n\t\t\t\t\t<h5 class=\"elementor-heading-title elementor-size-default\">Successfully used for the short-term protection of surfaces<\/h5>\t\t\t\t<\/div>\n\t\t\t\t<\/div>\n\t\t\t\t<div class=\"elementor-element elementor-element-b448d67 elementor-widget elementor-widget-text-editor\" data-id=\"b448d67\" data-element_type=\"widget\" data-widget_type=\"text-editor.default\">\n\t\t\t\t<div class=\"elementor-widget-container\">\n\t\t\t\t\t\t\t\t\t<p>Temporary protection is required, both in the process of manufacturing the different car sub-parts, as well as throughout their handling. Special films, which fail to leave any adhesive marks further to removal, are the perfect solution. They may be applied on several types of surfaces (displays, painted plastic, glass, wooden parts and many others) and are intended to withstand high temperatures.  They are ideal, both on flat surfaces, and on arched shapes, as they perfectly adapt to the shapes of the parts.<\/p>\t\t\t\t\t\t\t\t<\/div>\n\t\t\t\t<\/div>\n\t\t\t\t<\/div>\n\t\t\t\t\t<\/div>\n\t\t\t\t<\/div>\n\t\t<div class=\"elementor-element elementor-element-410df5f e-flex e-con-boxed e-con e-parent\" data-id=\"410df5f\" data-element_type=\"container\">\n\t\t\t\t\t<div class=\"e-con-inner\">\n\t\t\t\t<div class=\"elementor-element elementor-element-3069c19 elementor-widget elementor-widget-image\" data-id=\"3069c19\" data-element_type=\"widget\" data-widget_type=\"image.default\">\n\t\t\t\t<div class=\"elementor-widget-container\">\n\t\t\t\t\t\t\t\t\t\t\t\t\t\t\t<img loading=\"lazy\" decoding=\"async\" width=\"700\" height=\"700\" src=\"https:\/\/mdeconverting.ro\/wp-content\/uploads\/etichete-transparente-e1726659207893.webp\" class=\"attachment-large size-large wp-image-1626\" alt=\"\" \/>\t\t\t\t\t\t\t\t\t\t\t\t\t\t\t<\/div>\n\t\t\t\t<\/div>\n\t\t<div class=\"elementor-element elementor-element-9bb8e02 e-con-full e-flex e-con e-child\" data-id=\"9bb8e02\" data-element_type=\"container\">\n\t\t\t\t<div class=\"elementor-element elementor-element-568f1bf elementor-widget elementor-widget-heading\" data-id=\"568f1bf\" data-element_type=\"widget\" data-widget_type=\"heading.default\">\n\t\t\t\t<div class=\"elementor-widget-container\">\n\t\t\t\t\t<h3 class=\"elementor-heading-title elementor-size-default\">Possibility to print on clear protective films<\/h3>\t\t\t\t<\/div>\n\t\t\t\t<\/div>\n\t\t\t\t<\/div>\n\t\t\t\t\t<\/div>\n\t\t\t\t<\/div>\n\t\t<div class=\"elementor-element elementor-element-fe173a6 e-flex e-con-boxed e-con e-parent\" data-id=\"fe173a6\" data-element_type=\"container\">\n\t\t\t\t\t<div class=\"e-con-inner\">\n\t\t\t\t<div class=\"elementor-element elementor-element-f5bad88 elementor-widget elementor-widget-heading\" data-id=\"f5bad88\" data-element_type=\"widget\" data-widget_type=\"heading.default\">\n\t\t\t\t<div class=\"elementor-widget-container\">\n\t\t\t\t\t<h3 class=\"elementor-heading-title elementor-size-default\">More in Car Industry<\/h3>\t\t\t\t<\/div>\n\t\t\t\t<\/div>\n\t\t\t\t\t<\/div>\n\t\t\t\t<\/div>\n\t\t<div class=\"elementor-element elementor-element-5feb29c e-grid e-con-boxed e-con e-parent\" data-id=\"5feb29c\" data-element_type=\"container\">\n\t\t\t\t\t<div class=\"e-con-inner\">\n\t\t\t\t<div class=\"elementor-element elementor-element-0cd96dd elementor--h-position-center elementor--v-position-middle elementor-arrows-position-inside elementor-pagination-position-inside elementor-widget elementor-widget-slides\" data-id=\"0cd96dd\" data-element_type=\"widget\" data-settings=\"{&quot;navigation&quot;:&quot;both&quot;,&quot;autoplay&quot;:&quot;yes&quot;,&quot;pause_on_hover&quot;:&quot;yes&quot;,&quot;pause_on_interaction&quot;:&quot;yes&quot;,&quot;autoplay_speed&quot;:5000,&quot;infinite&quot;:&quot;yes&quot;,&quot;transition&quot;:&quot;slide&quot;,&quot;transition_speed&quot;:500}\" data-widget_type=\"slides.default\">\n\t\t\t\t<div class=\"elementor-widget-container\">\n\t\t\t\t\t\t\t\t\t<div class=\"elementor-swiper\">\n\t\t\t\t\t<div class=\"elementor-slides-wrapper elementor-main-swiper swiper\" role=\"region\" aria-roledescription=\"carousel\" aria-label=\"Slides\" dir=\"ltr\" data-animation=\"fadeInUp\">\n\t\t\t\t<div class=\"swiper-wrapper elementor-slides\">\n\t\t\t\t\t\t\t\t\t\t<div class=\"elementor-repeater-item-3755276 swiper-slide\" role=\"group\" aria-roledescription=\"slide\"><div class=\"swiper-slide-bg\" role=\"img\" aria-label=\"bord duster\"><\/div><div class=\"elementor-background-overlay\"><\/div><a class=\"swiper-slide-inner\" href=\"\/en\/automotive-industry\/interior-and-exterior\/\"><div class=\"swiper-slide-contents\"><div class=\"elementor-slide-heading\">Interior &amp; Exterior<\/div><div class=\"elementor-slide-description\">Are you in search of a bonding solution for plastic, metal parts, for course or smooth surfaces? We have the tape to suit any application. <\/div><div  class=\"elementor-button elementor-slide-button elementor-size-sm\">more \u2192<\/div><\/div><\/a><\/div>\t\t\t\t<\/div>\n\t\t\t\t\t\t\t<\/div>\n\t\t\t\t<\/div>\n\t\t\t\t\t\t\t\t<\/div>\n\t\t\t\t<\/div>\n\t\t\t\t<div class=\"elementor-element elementor-element-cbda3af elementor--h-position-center elementor--v-position-middle elementor-arrows-position-inside elementor-pagination-position-inside elementor-widget elementor-widget-slides\" data-id=\"cbda3af\" data-element_type=\"widget\" data-settings=\"{&quot;navigation&quot;:&quot;both&quot;,&quot;autoplay&quot;:&quot;yes&quot;,&quot;pause_on_hover&quot;:&quot;yes&quot;,&quot;pause_on_interaction&quot;:&quot;yes&quot;,&quot;autoplay_speed&quot;:5000,&quot;infinite&quot;:&quot;yes&quot;,&quot;transition&quot;:&quot;slide&quot;,&quot;transition_speed&quot;:500}\" data-widget_type=\"slides.default\">\n\t\t\t\t<div class=\"elementor-widget-container\">\n\t\t\t\t\t\t\t\t\t<div class=\"elementor-swiper\">\n\t\t\t\t\t<div class=\"elementor-slides-wrapper elementor-main-swiper swiper\" role=\"region\" aria-roledescription=\"carousel\" aria-label=\"Slides\" dir=\"ltr\" data-animation=\"fadeInUp\">\n\t\t\t\t<div class=\"swiper-wrapper elementor-slides\">\n\t\t\t\t\t\t\t\t\t\t<div class=\"elementor-repeater-item-3755276 swiper-slide\" role=\"group\" aria-roledescription=\"slide\"><div class=\"swiper-slide-bg\" role=\"img\" aria-label=\"folie-electronice\"><\/div><div class=\"elementor-background-overlay\"><\/div><a class=\"swiper-slide-inner\" href=\"\/en\/automotive-industry\/electronic-items\/\"><div class=\"swiper-slide-contents\"><div class=\"elementor-slide-heading\">Electronic Items<\/div><div class=\"elementor-slide-description\">The electric vehicle revolution has begun. Special adhesive tapes for electric or thermal insulation or conductivity are available in our portfolio. <\/div><div  class=\"elementor-button elementor-slide-button elementor-size-sm\">more \u2192<\/div><\/div><\/a><\/div>\t\t\t\t<\/div>\n\t\t\t\t\t\t\t<\/div>\n\t\t\t\t<\/div>\n\t\t\t\t\t\t\t\t<\/div>\n\t\t\t\t<\/div>\n\t\t\t\t\t<\/div>\n\t\t\t\t<\/div>\n\t\t\t\t<\/div>","protected":false},"excerpt":{"rendered":"<p>Foliile de protec\u021bie sunt foarte prezente \u00een industria auto. Ele protejeaz\u0103 materialele sensibile, cum ar fi sticla sau vopseaua \u00een timpul transportului. De asemenea au rolul de a asigura o via\u021b\u0103 mai lung\u0103 a componentelor. Folii de protec\u021bie permanente Protejeaz\u0103 pe termen lung suprafe\u021bele Pentru zonele expuse la factorii externi de mediu (umezeal\u0103, razele soarelui, [&hellip;]<\/p>","protected":false},"author":1,"featured_media":0,"parent":37,"menu_order":0,"comment_status":"closed","ping_status":"closed","template":"","meta":{"footnotes":""},"class_list":["post-59","page","type-page","status-publish","hentry"],"_links":{"self":[{"href":"https:\/\/mdeconverting.ro\/en\/wp-json\/wp\/v2\/pages\/59","targetHints":{"allow":["GET"]}}],"collection":[{"href":"https:\/\/mdeconverting.ro\/en\/wp-json\/wp\/v2\/pages"}],"about":[{"href":"https:\/\/mdeconverting.ro\/en\/wp-json\/wp\/v2\/types\/page"}],"author":[{"embeddable":true,"href":"https:\/\/mdeconverting.ro\/en\/wp-json\/wp\/v2\/users\/1"}],"replies":[{"embeddable":true,"href":"https:\/\/mdeconverting.ro\/en\/wp-json\/wp\/v2\/comments?post=59"}],"version-history":[{"count":10,"href":"https:\/\/mdeconverting.ro\/en\/wp-json\/wp\/v2\/pages\/59\/revisions"}],"predecessor-version":[{"id":2556,"href":"https:\/\/mdeconverting.ro\/en\/wp-json\/wp\/v2\/pages\/59\/revisions\/2556"}],"up":[{"embeddable":true,"href":"https:\/\/mdeconverting.ro\/en\/wp-json\/wp\/v2\/pages\/37"}],"wp:attachment":[{"href":"https:\/\/mdeconverting.ro\/en\/wp-json\/wp\/v2\/media?parent=59"}],"curies":[{"name":"wp","href":"https:\/\/api.w.org\/{rel}","templated":true}]}}