{"id":57,"date":"2022-03-23T15:56:18","date_gmt":"2022-03-23T13:56:18","guid":{"rendered":"https:\/\/mde.wameleon.ro\/?page_id=57"},"modified":"2024-09-18T14:44:14","modified_gmt":"2024-09-18T11:44:14","slug":"electronic-items","status":"publish","type":"page","link":"https:\/\/mdeconverting.ro\/en\/automotive-industry\/electronic-items\/","title":{"rendered":"Electronic Items"},"content":{"rendered":"<div data-elementor-type=\"wp-page\" data-elementor-id=\"57\" class=\"elementor elementor-57\" data-elementor-post-type=\"page\">\n\t\t\t\t<div class=\"elementor-element elementor-element-2787df5 e-flex e-con-boxed e-con e-parent\" data-id=\"2787df5\" data-element_type=\"container\">\n\t\t\t\t\t<div class=\"e-con-inner\">\n\t\t\t\t<div class=\"elementor-element elementor-element-b80cf74 elementor-widget elementor-widget-image\" data-id=\"b80cf74\" data-element_type=\"widget\" data-widget_type=\"image.default\">\n\t\t\t\t<div class=\"elementor-widget-container\">\n\t\t\t\t\t\t\t\t\t\t\t\t\t\t\t<img fetchpriority=\"high\" decoding=\"async\" width=\"1260\" height=\"450\" src=\"https:\/\/mdeconverting.ro\/wp-content\/uploads\/bord-auto.jpg\" class=\"attachment-full size-full wp-image-471\" alt=\"\" srcset=\"https:\/\/mdeconverting.ro\/wp-content\/uploads\/bord-auto.jpg 1260w, https:\/\/mdeconverting.ro\/wp-content\/uploads\/bord-auto-300x107.jpg 300w, https:\/\/mdeconverting.ro\/wp-content\/uploads\/bord-auto-1024x366.jpg 1024w, https:\/\/mdeconverting.ro\/wp-content\/uploads\/bord-auto-768x274.jpg 768w\" sizes=\"(max-width: 1260px) 100vw, 1260px\" \/>\t\t\t\t\t\t\t\t\t\t\t\t\t\t\t<\/div>\n\t\t\t\t<\/div>\n\t\t\t\t\t<\/div>\n\t\t\t\t<\/div>\n\t\t<div class=\"elementor-element elementor-element-4f99579 e-flex e-con-boxed e-con e-parent\" data-id=\"4f99579\" data-element_type=\"container\" data-settings=\"{&quot;background_background&quot;:&quot;classic&quot;}\">\n\t\t\t\t\t<div class=\"e-con-inner\">\n\t\t\t\t<div class=\"elementor-element elementor-element-436b656 elementor-widget elementor-widget-text-editor\" data-id=\"436b656\" data-element_type=\"widget\" data-widget_type=\"text-editor.default\">\n\t\t\t\t<div class=\"elementor-widget-container\">\n\t\t\t\t\t\t\t\t\t<p>Cars begin to be equipped with more and more electronic components, as technologies advance and 5G coverage increases. Such components have reduced sizes, and their anchoring entails certain innovations.\u00a0<\/p><p>An increasingly used solution is the adhesive tape. It is light, flexible, extremely thin, and may be easily used for several objectives, beside the anchoring itself: sealing, insulation, conductivity, and many more.<\/p>\t\t\t\t\t\t\t\t<\/div>\n\t\t\t\t<\/div>\n\t\t\t\t\t<\/div>\n\t\t\t\t<\/div>\n\t\t<div class=\"elementor-element elementor-element-1d906dc e-flex e-con-boxed e-con e-parent\" data-id=\"1d906dc\" data-element_type=\"container\">\n\t\t\t\t\t<div class=\"e-con-inner\">\n\t\t<div class=\"elementor-element elementor-element-bb6921c e-con-full e-flex e-con e-child\" data-id=\"bb6921c\" data-element_type=\"container\">\n\t\t\t\t<div class=\"elementor-element elementor-element-453fe9c elementor-widget elementor-widget-heading\" data-id=\"453fe9c\" data-element_type=\"widget\" data-widget_type=\"heading.default\">\n\t\t\t\t<div class=\"elementor-widget-container\">\n\t\t\t\t\t<h3 class=\"elementor-heading-title elementor-size-default\">Screens<\/h3>\t\t\t\t<\/div>\n\t\t\t\t<\/div>\n\t\t\t\t<\/div>\n\t\t<div class=\"elementor-element elementor-element-6afb372 e-con-full e-flex e-con e-child\" data-id=\"6afb372\" data-element_type=\"container\">\n\t\t\t\t<div class=\"elementor-element elementor-element-56ea5cf elementor-widget elementor-widget-text-editor\" data-id=\"56ea5cf\" data-element_type=\"widget\" data-widget_type=\"text-editor.default\">\n\t\t\t\t<div class=\"elementor-widget-container\">\n\t\t\t\t\t\t\t\t\t<p>It is estimated that the size and number of screens in a vehicle will rise considerably, in the coming period. This is why the use of appropriate adhesive tapes may provide their anchoring, their protection against vibrations and prevention of dust particles or moisture.<\/p><p>Transparent adhesive tapes<\/p><p>They aid in protecting the screen without impairing visibility, while also reducing any unwanted light reflections.<\/p>\t\t\t\t\t\t\t\t<\/div>\n\t\t\t\t<\/div>\n\t\t\t\t<\/div>\n\t\t\t\t\t<\/div>\n\t\t\t\t<\/div>\n\t\t<div class=\"elementor-element elementor-element-2d27da2 e-flex e-con-boxed e-con e-parent\" data-id=\"2d27da2\" data-element_type=\"container\">\n\t\t\t\t\t<div class=\"e-con-inner\">\n\t\t<div class=\"elementor-element elementor-element-f3a7b51 e-con-full e-flex e-con e-child\" data-id=\"f3a7b51\" data-element_type=\"container\">\n\t\t\t\t<div class=\"elementor-element elementor-element-863984b elementor-widget elementor-widget-heading\" data-id=\"863984b\" data-element_type=\"widget\" data-widget_type=\"heading.default\">\n\t\t\t\t<div class=\"elementor-widget-container\">\n\t\t\t\t\t<h3 class=\"elementor-heading-title elementor-size-default translation-block\">Electrical insulation<br>\nor conductivity<br><\/h3>\t\t\t\t<\/div>\n\t\t\t\t<\/div>\n\t\t\t\t<\/div>\n\t\t<div class=\"elementor-element elementor-element-15ace2c e-con-full e-flex e-con e-child\" data-id=\"15ace2c\" data-element_type=\"container\">\n\t\t\t\t<div class=\"elementor-element elementor-element-0594b12 elementor-widget elementor-widget-text-editor\" data-id=\"0594b12\" data-element_type=\"widget\" data-widget_type=\"text-editor.default\">\n\t\t\t\t<div class=\"elementor-widget-container\">\n\t\t\t\t\t\t\t\t\t<p><b>Electrical conductivity<\/b><\/p><p>It is important that, by using special adhesive tapes which provide electrical conductivity, the current is transferred exactly where it is needed, without any losses incurred on the routes, that sometimes may be extremely long.<\/p><p><b>Electrical insulation<\/b><\/p><p>The high electricity flow travelling throughout the components of an electric vehicle may create serious issues, if not appropriately controlled. That is why adhesive tapes may provide the insulation of every component, using high-precision material. As such, short-circuits or even fires can be avoided.<\/p><p><b>Thermal management<\/b><\/p><p>Protection of electronic components against heat<\/p><p>A high number of electronic components, in the same location, may generate plenty of heat.<\/p><p>Plenty of electronic components, located in a tight place, generate heat. This may lead to a loss of performance, damage, and a shorter lifespan. Thermal management optimizes performance, improves electronic components and aids in cost savings. Again, here, adhesive tapes or, more specifically, thermal management products provide support.<\/p><p><strong>The dissipate heat and build a compact environment<\/strong><\/p><p>Unlike mechanical solutions, adhesive tapes do not take up space and therefore still allow a compact design. For instance, thermal conduction adhesive tapes, dampeners or the so-called heat distributors are used here. The products combine self-adhesive connection solutions with a high thermal conductivity, and reliably dissipate heat from electronic components.<\/p>\t\t\t\t\t\t\t\t<\/div>\n\t\t\t\t<\/div>\n\t\t\t\t<\/div>\n\t\t\t\t\t<\/div>\n\t\t\t\t<\/div>\n\t\t\t\t<\/div>","protected":false},"excerpt":{"rendered":"<p>Automobilul \u00eencepe s\u0103 aib\u0103 din ce \u00een ce mai multe componente electronice, pe m\u0103sura dezvolt\u0103rii tehnologiilor \u0219i a r\u0103sp\u00e2ndirii acoperirii 5G. Aceste componente au dimensiuni reduse, iar fixarea lor presupune inova\u021bii \u00een ceea ce prive\u0219te fixarea acestora.\u00a0 O solu\u021bie folosit\u0103 din ce \u00een ce mai mult este banda adeziv\u0103. Aceasta este u\u0219oar\u0103, flexibil\u0103, are o [&hellip;]<\/p>","protected":false},"author":1,"featured_media":0,"parent":37,"menu_order":0,"comment_status":"closed","ping_status":"closed","template":"","meta":{"footnotes":""},"class_list":["post-57","page","type-page","status-publish","hentry"],"_links":{"self":[{"href":"https:\/\/mdeconverting.ro\/en\/wp-json\/wp\/v2\/pages\/57","targetHints":{"allow":["GET"]}}],"collection":[{"href":"https:\/\/mdeconverting.ro\/en\/wp-json\/wp\/v2\/pages"}],"about":[{"href":"https:\/\/mdeconverting.ro\/en\/wp-json\/wp\/v2\/types\/page"}],"author":[{"embeddable":true,"href":"https:\/\/mdeconverting.ro\/en\/wp-json\/wp\/v2\/users\/1"}],"replies":[{"embeddable":true,"href":"https:\/\/mdeconverting.ro\/en\/wp-json\/wp\/v2\/comments?post=57"}],"version-history":[{"count":10,"href":"https:\/\/mdeconverting.ro\/en\/wp-json\/wp\/v2\/pages\/57\/revisions"}],"predecessor-version":[{"id":2313,"href":"https:\/\/mdeconverting.ro\/en\/wp-json\/wp\/v2\/pages\/57\/revisions\/2313"}],"up":[{"embeddable":true,"href":"https:\/\/mdeconverting.ro\/en\/wp-json\/wp\/v2\/pages\/37"}],"wp:attachment":[{"href":"https:\/\/mdeconverting.ro\/en\/wp-json\/wp\/v2\/media?parent=57"}],"curies":[{"name":"wp","href":"https:\/\/api.w.org\/{rel}","templated":true}]}}