{"id":55,"date":"2022-03-23T15:56:05","date_gmt":"2022-03-23T13:56:05","guid":{"rendered":"https:\/\/mde.wameleon.ro\/?page_id=55"},"modified":"2025-05-13T15:58:55","modified_gmt":"2025-05-13T12:58:55","slug":"interior-and-exterior","status":"publish","type":"page","link":"https:\/\/mdeconverting.ro\/en\/automotive-industry\/interior-and-exterior\/","title":{"rendered":"Interior &amp; Exterior"},"content":{"rendered":"<div data-elementor-type=\"wp-page\" data-elementor-id=\"55\" class=\"elementor elementor-55\" data-elementor-post-type=\"page\">\n\t\t\t\t<div class=\"elementor-element elementor-element-369e356 e-flex e-con-boxed e-con e-parent\" data-id=\"369e356\" data-element_type=\"container\">\n\t\t\t\t\t<div class=\"e-con-inner\">\n\t\t\t\t<div class=\"elementor-element elementor-element-2553c28 elementor-widget elementor-widget-image\" data-id=\"2553c28\" data-element_type=\"widget\" data-widget_type=\"image.default\">\n\t\t\t\t<div class=\"elementor-widget-container\">\n\t\t\t\t\t\t\t\t\t\t\t\t\t\t\t<img fetchpriority=\"high\" decoding=\"async\" width=\"800\" height=\"451\" src=\"https:\/\/mdeconverting.ro\/wp-content\/uploads\/bord-duster-1024x577.jpg\" class=\"attachment-large size-large wp-image-406\" alt=\"\" srcset=\"https:\/\/mdeconverting.ro\/wp-content\/uploads\/bord-duster-1024x577.jpg 1024w, https:\/\/mdeconverting.ro\/wp-content\/uploads\/bord-duster-300x169.jpg 300w, https:\/\/mdeconverting.ro\/wp-content\/uploads\/bord-duster-768x432.jpg 768w, https:\/\/mdeconverting.ro\/wp-content\/uploads\/bord-duster-1536x865.jpg 1536w, https:\/\/mdeconverting.ro\/wp-content\/uploads\/bord-duster.jpg 1920w\" sizes=\"(max-width: 800px) 100vw, 800px\" \/>\t\t\t\t\t\t\t\t\t\t\t\t\t\t\t<\/div>\n\t\t\t\t<\/div>\n\t\t\t\t\t<\/div>\n\t\t\t\t<\/div>\n\t\t<div class=\"elementor-element elementor-element-d3ef614 e-flex e-con-boxed e-con e-parent\" data-id=\"d3ef614\" data-element_type=\"container\">\n\t\t\t\t\t<div class=\"e-con-inner\">\n\t\t<div class=\"elementor-element elementor-element-5094414 e-con-full e-flex e-con e-child\" data-id=\"5094414\" data-element_type=\"container\">\n\t\t\t\t<div class=\"elementor-element elementor-element-9f130c3 elementor-widget elementor-widget-heading\" data-id=\"9f130c3\" data-element_type=\"widget\" data-widget_type=\"heading.default\">\n\t\t\t\t<div class=\"elementor-widget-container\">\n\t\t\t\t\t<h3 class=\"elementor-heading-title elementor-size-default translation-block\">Adhesive tapes<br> \nfor the inside and<br> \noutside of the car<\/h3>\t\t\t\t<\/div>\n\t\t\t\t<\/div>\n\t\t\t\t<\/div>\n\t\t<div class=\"elementor-element elementor-element-6535db5 e-con-full e-flex e-con e-child\" data-id=\"6535db5\" data-element_type=\"container\">\n\t\t\t\t<div class=\"elementor-element elementor-element-a69a94b elementor-widget elementor-widget-text-editor\" data-id=\"a69a94b\" data-element_type=\"widget\" data-widget_type=\"text-editor.default\">\n\t\t\t\t<div class=\"elementor-widget-container\">\n\t\t\t\t\t\t\t\t\t<p>We have tapes to suit any material. Special adhesive tapes for the car industry may be applied on plastic, metal or glass parts, irrespective of whether the texture thereof is smooth or course. Parts are safely anchored and can withstand for long periods of time, equal to the car\u2019s lifespan.  Assembly is fast, clean and with minimum costs.<\/p><p>We specialise in identifying the most suitable material for your application and we work with the largest global suppliers of raw material. We make sure that the bonding is perfect and within the tolerances required for your project.<\/p><p>Along with the foams in our portfolio, adhesive tapes may provide the extremely necessary sound-, thermal- or hydro-insulation of any modern vehicle. We carry out the cutting process so as to perfectly fill any remaining gap and, by doing so, we keep out moisture, dust and soil.<\/p>\t\t\t\t\t\t\t\t<\/div>\n\t\t\t\t<\/div>\n\t\t\t\t<\/div>\n\t\t\t\t\t<\/div>\n\t\t\t\t<\/div>\n\t\t<div class=\"elementor-element elementor-element-4918b71 e-flex e-con-boxed e-con e-parent\" data-id=\"4918b71\" data-element_type=\"container\">\n\t\t\t\t\t<div class=\"e-con-inner\">\n\t\t\t\t<div class=\"elementor-element elementor-element-6a006b0 elementor-widget elementor-widget-image\" data-id=\"6a006b0\" data-element_type=\"widget\" data-widget_type=\"image.default\">\n\t\t\t\t<div class=\"elementor-widget-container\">\n\t\t\t\t\t\t\t\t\t\t\t\t\t\t\t<img decoding=\"async\" width=\"1680\" height=\"945\" src=\"https:\/\/mdeconverting.ro\/wp-content\/uploads\/interior-mercedes.jpg\" class=\"attachment-full size-full wp-image-1818\" alt=\"\" srcset=\"https:\/\/mdeconverting.ro\/wp-content\/uploads\/interior-mercedes.jpg 1680w, https:\/\/mdeconverting.ro\/wp-content\/uploads\/interior-mercedes-300x169.jpg 300w, https:\/\/mdeconverting.ro\/wp-content\/uploads\/interior-mercedes-1024x576.jpg 1024w, https:\/\/mdeconverting.ro\/wp-content\/uploads\/interior-mercedes-768x432.jpg 768w, https:\/\/mdeconverting.ro\/wp-content\/uploads\/interior-mercedes-1536x864.jpg 1536w\" sizes=\"(max-width: 1680px) 100vw, 1680px\" \/>\t\t\t\t\t\t\t\t\t\t\t\t\t\t\t<\/div>\n\t\t\t\t<\/div>\n\t\t\t\t\t<\/div>\n\t\t\t\t<\/div>\n\t\t<div class=\"elementor-element elementor-element-b27a7cf e-flex e-con-boxed e-con e-parent\" data-id=\"b27a7cf\" data-element_type=\"container\">\n\t\t\t\t\t<div class=\"e-con-inner\">\n\t\t<div class=\"elementor-element elementor-element-276a57f e-con-full e-flex e-con e-child\" data-id=\"276a57f\" data-element_type=\"container\">\n\t\t\t\t<div class=\"elementor-element elementor-element-ffb0ecd elementor-widget elementor-widget-heading\" data-id=\"ffb0ecd\" data-element_type=\"widget\" data-widget_type=\"heading.default\">\n\t\t\t\t<div class=\"elementor-widget-container\">\n\t\t\t\t\t<h3 class=\"elementor-heading-title elementor-size-default\">Adhesive tapes for inside<\/h3>\t\t\t\t<\/div>\n\t\t\t\t<\/div>\n\t\t\t\t<div class=\"elementor-element elementor-element-36f035d elementor-widget elementor-widget-heading\" data-id=\"36f035d\" data-element_type=\"widget\" data-widget_type=\"heading.default\">\n\t\t\t\t<div class=\"elementor-widget-container\">\n\t\t\t\t\t<h5 class=\"elementor-heading-title elementor-size-default\">Reduces vibrations and noises<\/h5>\t\t\t\t<\/div>\n\t\t\t\t<\/div>\n\t\t\t\t<\/div>\n\t\t<div class=\"elementor-element elementor-element-25113dd e-con-full e-flex e-con e-child\" data-id=\"25113dd\" data-element_type=\"container\">\n\t\t\t\t<div class=\"elementor-element elementor-element-fa4fbbd elementor-widget elementor-widget-text-editor\" data-id=\"fa4fbbd\" data-element_type=\"widget\" data-widget_type=\"text-editor.default\">\n\t\t\t\t<div class=\"elementor-widget-container\">\n\t\t\t\t\t\t\t\t\t<p><strong>Guaranteed bonding provides perfect quietness<\/strong><\/p><p>Parts anchored using adhesive tapes are intended to provide the safety and comfort of passengers. From a sealing preventing the wind from entering the cab, sealing of a metal anchoring element to avoid the noise presumably produced during movement of the vehicle, the use of adhesive tapes provides users with a higher satisfaction.<\/p><p><b>Special tapes for inside use<\/b><\/p><p>It is paramount that the pollution of the air inside the vehicle\u2019s binnacle is as low as possible. That is why we recommend the use of tapes with low volatile organic compound (VOC) emissions.<\/p><p><b>Design with unlimited possibilities<\/b><\/p><p>Flexible and ductile, special tapes may easily follow any contour, using a dynamic, economical and invisible method. Therefore, your project may deliver all the user\u2019s comfort and safety requirements without negatively impacting the car\u2019s design.<\/p><p><b>Applications<\/b><\/p><p>\u2013 Cockpit<br \/><span style=\"color: var( --e-global-color-text ); font-size: 1rem;\">\u2013 Fascia<br \/><\/span><span style=\"color: var( --e-global-color-text ); font-size: 1rem;\">\u2013 Gaskets<br \/><\/span><span style=\"color: var( --e-global-color-text ); font-size: 1rem;\">\u2013 Screens (<\/span><strong style=\"color: var( --e-global-color-text ); font-size: 1rem;\">more on screens <u><a href=\"\/en\/automotive-industry\/electronic-items\/\">here<\/a><\/u><\/strong><u style=\"color: var( --e-global-color-text ); font-size: 1rem;\">)<\/u><\/p>\t\t\t\t\t\t\t\t<\/div>\n\t\t\t\t<\/div>\n\t\t\t\t<\/div>\n\t\t\t\t\t<\/div>\n\t\t\t\t<\/div>\n\t\t<div class=\"elementor-element elementor-element-c550423 e-flex e-con-boxed e-con e-parent\" data-id=\"c550423\" data-element_type=\"container\">\n\t\t\t\t\t<div class=\"e-con-inner\">\n\t\t\t\t<div class=\"elementor-element elementor-element-a65dab5 elementor-widget elementor-widget-image\" data-id=\"a65dab5\" data-element_type=\"widget\" data-widget_type=\"image.default\">\n\t\t\t\t<div class=\"elementor-widget-container\">\n\t\t\t\t\t\t\t\t\t\t\t\t\t\t\t<img decoding=\"async\" src=\"https:\/\/mdeconverting.ro\/wp-content\/uploads\/adeziv-exterior-automotiv-fabrica.webp\" title=\"adeziv-exterior-automotiv-fabrica\" alt=\"adeziv-exterior-automotiv-fabrica\" loading=\"lazy\" \/>\t\t\t\t\t\t\t\t\t\t\t\t\t\t\t<\/div>\n\t\t\t\t<\/div>\n\t\t\t\t\t<\/div>\n\t\t\t\t<\/div>\n\t\t<div class=\"elementor-element elementor-element-8574e9d e-flex e-con-boxed e-con e-parent\" data-id=\"8574e9d\" data-element_type=\"container\">\n\t\t\t\t\t<div class=\"e-con-inner\">\n\t\t<div class=\"elementor-element elementor-element-a8c1991 e-con-full e-flex e-con e-child\" data-id=\"a8c1991\" data-element_type=\"container\">\n\t\t\t\t<div class=\"elementor-element elementor-element-a1e90f1 elementor-widget elementor-widget-heading\" data-id=\"a1e90f1\" data-element_type=\"widget\" data-widget_type=\"heading.default\">\n\t\t\t\t<div class=\"elementor-widget-container\">\n\t\t\t\t\t<h3 class=\"elementor-heading-title elementor-size-default\">Adhesive tapes for outside<\/h3>\t\t\t\t<\/div>\n\t\t\t\t<\/div>\n\t\t\t\t<div class=\"elementor-element elementor-element-4bd43c8 elementor-widget elementor-widget-heading\" data-id=\"4bd43c8\" data-element_type=\"widget\" data-widget_type=\"heading.default\">\n\t\t\t\t<div class=\"elementor-widget-container\">\n\t\t\t\t\t<h5 class=\"elementor-heading-title elementor-size-default\">Perfect, long-term bonding<\/h5>\t\t\t\t<\/div>\n\t\t\t\t<\/div>\n\t\t\t\t<\/div>\n\t\t<div class=\"elementor-element elementor-element-c3e6225 e-con-full e-flex e-con e-child\" data-id=\"c3e6225\" data-element_type=\"container\">\n\t\t\t\t<div class=\"elementor-element elementor-element-5ba9eba elementor-widget elementor-widget-text-editor\" data-id=\"5ba9eba\" data-element_type=\"widget\" data-widget_type=\"text-editor.default\">\n\t\t\t\t<div class=\"elementor-widget-container\">\n\t\t\t\t\t\t\t\t\t<p><strong>Tapes made to withstand the harshest natural environments<\/strong><\/p><p>For the outside, high-performance, highly weather-resistant adhesive tapes are used. They can withstand high or low temperatures and UV radiations, with an extremely lengthy lifespan. At the same time, they make certain that any vibrations are absorbed and any unwanted sounds are muffled.<\/p><p><strong>Perfect sealing and levelling<\/strong><\/p><p>With a reduced thickness, tapes reduce the dislevelments of outside surfaces and provide additional protection against moisture. Our team carries out the perfect design for your application and makes certain that the assembly, carried out by the operating assembling the parts on the car, is made as easy as possible.<\/p><p><strong>Examples of applications<\/strong><\/p><p class=\"translation-block\">\u2013 Logos and badges<br>\n\u2013 Antennas<br>\n\u2013 Parking sensors<br>\n\u2013 Headlights or their elements<br>\n\u2013 Sills<br>\n\u2013 Fascia<br>\n\u2013 Rear-view mirrors and their elements<\/p>\t\t\t\t\t\t\t\t<\/div>\n\t\t\t\t<\/div>\n\t\t\t\t<\/div>\n\t\t\t\t\t<\/div>\n\t\t\t\t<\/div>\n\t\t\t\t<\/div>","protected":false},"excerpt":{"rendered":"<p>Benzi adezive pentru interiorul \u0219i exteriorul automobilului Avem banda potrivit\u0103 pentru orice material. Benzile adezive speciale pentru industria auto se pot aplica pe piese din plastic, metal sau sticl\u0103 indiferent dac\u0103 textura acestora este neted\u0103 sau rugoas\u0103. Piesele se fixeaz\u0103 \u00een siguran\u021b\u0103 deplin\u0103 \u0219i rezist\u0103 perioade \u00eendelungate, egale cu durata de via\u021b\u0103 a automobilului. Montajul [&hellip;]<\/p>","protected":false},"author":1,"featured_media":0,"parent":37,"menu_order":0,"comment_status":"closed","ping_status":"closed","template":"","meta":{"footnotes":""},"class_list":["post-55","page","type-page","status-publish","hentry"],"_links":{"self":[{"href":"https:\/\/mdeconverting.ro\/en\/wp-json\/wp\/v2\/pages\/55","targetHints":{"allow":["GET"]}}],"collection":[{"href":"https:\/\/mdeconverting.ro\/en\/wp-json\/wp\/v2\/pages"}],"about":[{"href":"https:\/\/mdeconverting.ro\/en\/wp-json\/wp\/v2\/types\/page"}],"author":[{"embeddable":true,"href":"https:\/\/mdeconverting.ro\/en\/wp-json\/wp\/v2\/users\/1"}],"replies":[{"embeddable":true,"href":"https:\/\/mdeconverting.ro\/en\/wp-json\/wp\/v2\/comments?post=55"}],"version-history":[{"count":10,"href":"https:\/\/mdeconverting.ro\/en\/wp-json\/wp\/v2\/pages\/55\/revisions"}],"predecessor-version":[{"id":2595,"href":"https:\/\/mdeconverting.ro\/en\/wp-json\/wp\/v2\/pages\/55\/revisions\/2595"}],"up":[{"embeddable":true,"href":"https:\/\/mdeconverting.ro\/en\/wp-json\/wp\/v2\/pages\/37"}],"wp:attachment":[{"href":"https:\/\/mdeconverting.ro\/en\/wp-json\/wp\/v2\/media?parent=55"}],"curies":[{"name":"wp","href":"https:\/\/api.w.org\/{rel}","templated":true}]}}