{"id":51,"date":"2022-03-23T15:55:33","date_gmt":"2022-03-23T13:55:33","guid":{"rendered":"https:\/\/mde.wameleon.ro\/?page_id=51"},"modified":"2022-05-10T09:32:53","modified_gmt":"2022-05-10T06:32:53","slug":"termeni-si-conditii","status":"publish","type":"page","link":"https:\/\/mdeconverting.ro\/en\/termeni-si-conditii\/","title":{"rendered":"Terms &amp; conditions"},"content":{"rendered":"<p><strong>1. Introducere:<\/strong><\/p>\n<p>Prezentele Termeni \u0219i Condi\u021bii (\u201eTermeni \u0219i Condi\u021bii\u201d) guverneaz\u0103 raporturile dintre societatea MDE CONVERTING S.R.L., o societate cu r\u0103spundere limitat\u0103, av\u00e2nd sediul \u00een loc. Sos. Chirnogi, Nr.2a, Oltenita, Judet: Calarasi, Rom\u00e2nia (denumit\u0103 \u00een continuare \u201eSocietatea\u201d) \u00eenregistrat\u0103 la Registrul Comer\u0163ului sub nr. J51\/513\/2008, av\u00e2nd C.I.F.\/C.U.I. nr. RO24092010, \u0219i persoanele care utilizeaz\u0103 (\u201eUtilizatorul\u201d) pagina de internet www.laserdt.ro (denumit \u00een continuare \u201ewebsite-ul\u201d).<\/p>\n<p>Accesarea \u0219i utilizarea website-ului, inclusiv a oric\u0103rei pagini sau sec\u021biuni componente a acestuia, se poate face numai \u00een conformitate cu prezentele Termeni \u0219i Condi\u021bii, care includ Politica de Confiden\u021bialitate a Datelor \u0219i Politica de utilizare a Cookie-urilor. \u00cen vederea utiliz\u0103rii website-ului, putem solicita utilizatorului s\u0103 \u00ee\u0219i exprime acordul cu privire la ace\u0219ti termeni \u0219i condi\u021bii, printr-o ac\u021biune specific\u0103 care are semnifica\u021bia unui consim\u021b\u0103m\u00e2nt neechivoc (spre exemplu bifarea c\u0103su\u021bei specifice \u201eAm citit \u0219i sunt de acord cu TERMENII \u0218I CONDI\u021aIILE Societ\u0103\u021bii\u201d).<\/p>\n<p>Bif\u00e2nd o anumit\u0103 c\u0103su\u021b\u0103, utilizatorul:<\/p>\n<p>\u00ce\u0219i manifest\u0103 \u00een mod expres acordul \u00een vederea respect\u0103rii tuturor clauzelor din ace\u015fti (\u201eTermeni \u0219i Condi\u021bii\u201d);<br \/>\nIa la cuno\u0219tin\u021b\u0103 despre Condi\u0163iile de prelucrare a datelor cu caracter personal, \u00een conformitate cu Politica de Confiden\u0163ialitate a Societ\u0103\u0163ii.<br \/>\nDac\u0103 nu sunte\u021bi de acord cu prevederile din acest set de Termeni \u0219i Condi\u021bii (inclusiv orice actualizare a acestuia), v\u0103 rugam s\u0103 nu utiliza\u021bi sau dup\u0103 caz, s\u0103 \u00eenceta\u021bi utilizarea website-ului.<\/p>\n<p><strong>2. Modific\u0103ri cu privire la con\u021binutul website-ului:<\/strong><\/p>\n<p>Societatea MDE CONVERTING S.R.L. \u00ee\u0219i rezerv\u0103 dreptul de a modifica con\u021binutul \u0219i\/sau structura website-ului \u00een orice moment, f\u0103r\u0103 nicio informare prealabil\u0103.<\/p>\n<p><strong>3. Lipsa garan\u021biei \u0219i exonerarea de r\u0103spundere:<\/strong><\/p>\n<p>Societatea MDE CONVERTING S.R.L. nu garanteaz\u0103 faptul c\u0103 informa\u021biile care apar pe acest website nu con\u021bin erori, cu toate c\u0103 societatea depune toate eforturile pentru a transmite informa\u021bii actualizate \u0219i exacte.<\/p>\n<p>Societatea MDE CONVERTING S.R.L. nu va putea fi \u021binut\u0103 responsabil\u0103 legal pentru niciun fel de daune, pagube sau pierderi produse utilizatorului website-ului, cauzate de informa\u021bii eronate. Informa\u021biile de pe website pot fi modificate \u00een orice moment \u0219i nu se va acorda niciun fel de garan\u021bie privind acurate\u021bea, actualitatea sau caracterul complet al informa\u021biilor publicate.<\/p>\n<p>Societatea MDE CONVERTING S.R.L. nu garanteaz\u0103 faptul c\u0103 website-ul sau serverele pe care este g\u0103zduit sunt lipsi\u0163i de virusi sau de alte componente informatice cu caracter poten\u021bial d\u0103unator, c\u0103 nu con\u021bine erori, omisiuni, defec\u021biuni, \u00eent\u00e2rzieri sau \u00eentreruperi \u00een operare ori transmitere sau orice al\u021bi factori similari.<\/p>\n<p>Utilizatorul folose\u015fte website-ul pe riscul propriu, societatea fiind exonerat\u0103 de orice r\u0103spundere pentru eventualele daune directe sau indirecte cauzate de utilizarea, accesarea sau vizitarea website-ului.<\/p>\n<p><strong>4. Drepturile de proprietate intelectual\u0103:<\/strong><\/p>\n<p>Con\u021binutul website-ului Societ\u0103\u021bii: imagini, texte, elemente de grafic\u0103 web, scripturi, software, drepturi de proiectare, drepturi de model, patente, m\u0103rci \u00eenregistrate etc., se afl\u0103 \u00een proprietatea societ\u0103\u021bii MDE CONVERTING S.R.L. sau a colaboratorilor s\u0103i \u0219i este protejat de Legea privind dreptul de autor \u015fi drepturile conexe \u015fi de legile privind proprietatea intelectual\u0103 \u015fi industrial\u0103.<\/p>\n<p>Folosirea f\u0103r\u0103 acordul scris al Societ\u0103\u0163ii a oric\u0103ror elemente enumerate mai sus se pedepse\u015fte conform legisla\u0163iei \u00een vigoare.<\/p>\n<p>Orice persoan\u0103 care dore\u0219te s\u0103 se informeze sau s\u0103 solicite o ofert\u0103 de pre\u0163 personalizat\u0103 este rugat\u0103 s\u0103 completeze formularul, de la sec\u021biunea Contact ori prin email la adresa office[at]mdegroup.ro, iar noi v\u0103 vom contacta \u00een cel mai scurt timp.<\/p>","protected":false},"excerpt":{"rendered":"<p>1. Introducere: Prezentele Termeni \u0219i Condi\u021bii (\u201eTermeni \u0219i Condi\u021bii\u201d) guverneaz\u0103 raporturile dintre societatea MDE CONVERTING S.R.L., o societate cu r\u0103spundere limitat\u0103, av\u00e2nd sediul \u00een loc. Sos. Chirnogi, Nr.2a, Oltenita, Judet: Calarasi, Rom\u00e2nia (denumit\u0103 \u00een continuare \u201eSocietatea\u201d) \u00eenregistrat\u0103 la Registrul Comer\u0163ului sub nr. J51\/513\/2008, av\u00e2nd C.I.F.\/C.U.I. nr. RO24092010, \u0219i persoanele care utilizeaz\u0103 (\u201eUtilizatorul\u201d) pagina de internet [&hellip;]<\/p>","protected":false},"author":1,"featured_media":0,"parent":0,"menu_order":0,"comment_status":"closed","ping_status":"closed","template":"","meta":{"footnotes":""},"class_list":["post-51","page","type-page","status-publish","hentry"],"_links":{"self":[{"href":"https:\/\/mdeconverting.ro\/en\/wp-json\/wp\/v2\/pages\/51","targetHints":{"allow":["GET"]}}],"collection":[{"href":"https:\/\/mdeconverting.ro\/en\/wp-json\/wp\/v2\/pages"}],"about":[{"href":"https:\/\/mdeconverting.ro\/en\/wp-json\/wp\/v2\/types\/page"}],"author":[{"embeddable":true,"href":"https:\/\/mdeconverting.ro\/en\/wp-json\/wp\/v2\/users\/1"}],"replies":[{"embeddable":true,"href":"https:\/\/mdeconverting.ro\/en\/wp-json\/wp\/v2\/comments?post=51"}],"version-history":[{"count":0,"href":"https:\/\/mdeconverting.ro\/en\/wp-json\/wp\/v2\/pages\/51\/revisions"}],"wp:attachment":[{"href":"https:\/\/mdeconverting.ro\/en\/wp-json\/wp\/v2\/media?parent=51"}],"curies":[{"name":"wp","href":"https:\/\/api.w.org\/{rel}","templated":true}]}}