{"id":1422,"date":"2022-05-26T13:13:29","date_gmt":"2022-05-26T10:13:29","guid":{"rendered":"https:\/\/mde.wameleon.ro\/?page_id=1422"},"modified":"2025-04-10T10:56:17","modified_gmt":"2025-04-10T07:56:17","slug":"solutii-adezive-pentru-industria-energiei-solare","status":"publish","type":"page","link":"https:\/\/mdeconverting.ro\/en\/other-industries\/energii-regenerabile\/solutii-adezive-pentru-industria-energiei-solare\/","title":{"rendered":"Adhesive Solutions for the Solar Energy Industry"},"content":{"rendered":"<div data-elementor-type=\"wp-page\" data-elementor-id=\"1422\" class=\"elementor elementor-1422\" data-elementor-post-type=\"page\">\n\t\t\t\t\t\t<section class=\"elementor-section elementor-top-section elementor-element elementor-element-e1ea881 elementor-section-boxed elementor-section-height-default elementor-section-height-default\" data-id=\"e1ea881\" data-element_type=\"section\">\n\t\t\t\t\t\t<div class=\"elementor-container elementor-column-gap-default\">\n\t\t\t\t\t<div class=\"elementor-column elementor-col-100 elementor-top-column elementor-element elementor-element-41d861c\" data-id=\"41d861c\" data-element_type=\"column\">\n\t\t\t<div class=\"elementor-widget-wrap elementor-element-populated\">\n\t\t\t\t\t\t<div class=\"elementor-element elementor-element-f851476 elementor-widget elementor-widget-image\" data-id=\"f851476\" data-element_type=\"widget\" data-widget_type=\"image.default\">\n\t\t\t\t<div class=\"elementor-widget-container\">\n\t\t\t\t\t\t\t\t\t\t\t\t\t\t\t<img fetchpriority=\"high\" decoding=\"async\" width=\"800\" height=\"266\" src=\"https:\/\/mdeconverting.ro\/wp-content\/uploads\/solutii-pentru-industria-energiei-solare-de-la-tesa76235_crop3x1_18-1024x341.webp\" class=\"attachment-large size-large wp-image-1427\" alt=\"\" srcset=\"https:\/\/mdeconverting.ro\/wp-content\/uploads\/solutii-pentru-industria-energiei-solare-de-la-tesa76235_crop3x1_18-1024x341.webp 1024w, https:\/\/mdeconverting.ro\/wp-content\/uploads\/solutii-pentru-industria-energiei-solare-de-la-tesa76235_crop3x1_18-300x100.webp 300w, https:\/\/mdeconverting.ro\/wp-content\/uploads\/solutii-pentru-industria-energiei-solare-de-la-tesa76235_crop3x1_18-768x255.webp 768w, https:\/\/mdeconverting.ro\/wp-content\/uploads\/solutii-pentru-industria-energiei-solare-de-la-tesa76235_crop3x1_18-1536x511.webp 1536w, https:\/\/mdeconverting.ro\/wp-content\/uploads\/solutii-pentru-industria-energiei-solare-de-la-tesa76235_crop3x1_18.webp 1888w\" sizes=\"(max-width: 800px) 100vw, 800px\" \/>\t\t\t\t\t\t\t\t\t\t\t\t\t\t\t<\/div>\n\t\t\t\t<\/div>\n\t\t\t\t\t<\/div>\n\t\t<\/div>\n\t\t\t\t\t<\/div>\n\t\t<\/section>\n\t\t\t\t<section class=\"elementor-section elementor-top-section elementor-element elementor-element-62b5896 elementor-section-boxed elementor-section-height-default elementor-section-height-default\" data-id=\"62b5896\" data-element_type=\"section\" data-settings=\"{&quot;background_background&quot;:&quot;classic&quot;}\">\n\t\t\t\t\t\t<div class=\"elementor-container elementor-column-gap-default\">\n\t\t\t\t\t<div class=\"elementor-column elementor-col-100 elementor-top-column elementor-element elementor-element-e6f17bc\" data-id=\"e6f17bc\" data-element_type=\"column\">\n\t\t\t<div class=\"elementor-widget-wrap elementor-element-populated\">\n\t\t\t\t\t\t<div class=\"elementor-element elementor-element-2b6bce6 elementor-widget elementor-widget-text-editor\" data-id=\"2b6bce6\" data-element_type=\"widget\" data-widget_type=\"text-editor.default\">\n\t\t\t\t<div class=\"elementor-widget-container\">\n\t\t\t\t\t\t\t\t\t<p class=\"translation-block\">Leading solar panel manufacturers choose tesa because of our proven products and engineered application tools. Our experienced sales team is present locally around the globe, as is our supply team.<\/p>\t\t\t\t\t\t\t\t<\/div>\n\t\t\t\t<\/div>\n\t\t\t\t\t<\/div>\n\t\t<\/div>\n\t\t\t\t\t<\/div>\n\t\t<\/section>\n\t\t\t\t<section class=\"elementor-section elementor-top-section elementor-element elementor-element-3a4e860 elementor-section-boxed elementor-section-height-default elementor-section-height-default\" data-id=\"3a4e860\" data-element_type=\"section\">\n\t\t\t\t\t\t<div class=\"elementor-container elementor-column-gap-default\">\n\t\t\t\t\t<div class=\"elementor-column elementor-col-100 elementor-top-column elementor-element elementor-element-747a1fa\" data-id=\"747a1fa\" data-element_type=\"column\">\n\t\t\t<div class=\"elementor-widget-wrap elementor-element-populated\">\n\t\t\t\t\t\t<div class=\"elementor-element elementor-element-33a5ecf elementor-widget elementor-widget-heading\" data-id=\"33a5ecf\" data-element_type=\"widget\" data-widget_type=\"heading.default\">\n\t\t\t\t<div class=\"elementor-widget-container\">\n\t\t\t\t\t<h5 class=\"elementor-heading-title elementor-size-default\">High-Quality Adhesive Tape Solutions for Solar Panel Production\n\n\n\n\n\n\n\n\n\n<\/h5>\t\t\t\t<\/div>\n\t\t\t\t<\/div>\n\t\t\t\t<section class=\"elementor-section elementor-inner-section elementor-element elementor-element-bd2465b elementor-section-boxed elementor-section-height-default elementor-section-height-default\" data-id=\"bd2465b\" data-element_type=\"section\">\n\t\t\t\t\t\t<div class=\"elementor-container elementor-column-gap-default\">\n\t\t\t\t\t<div class=\"elementor-column elementor-col-33 elementor-inner-column elementor-element elementor-element-97e23e3\" data-id=\"97e23e3\" data-element_type=\"column\">\n\t\t\t<div class=\"elementor-widget-wrap elementor-element-populated\">\n\t\t\t\t\t\t<div class=\"elementor-element elementor-element-ad64b7f elementor-position-top elementor-widget elementor-widget-image-box\" data-id=\"ad64b7f\" data-element_type=\"widget\" data-widget_type=\"image-box.default\">\n\t\t\t\t<div class=\"elementor-widget-container\">\n\t\t\t\t\t<div class=\"elementor-image-box-wrapper\"><figure class=\"elementor-image-box-img\"><img decoding=\"async\" width=\"394\" height=\"221\" src=\"https:\/\/mdeconverting.ro\/wp-content\/uploads\/fixarea-cadrului76239_crop16x9_4.webp\" class=\"attachment-full size-full wp-image-1428\" alt=\"\" srcset=\"https:\/\/mdeconverting.ro\/wp-content\/uploads\/fixarea-cadrului76239_crop16x9_4.webp 394w, https:\/\/mdeconverting.ro\/wp-content\/uploads\/fixarea-cadrului76239_crop16x9_4-300x168.webp 300w\" sizes=\"(max-width: 394px) 100vw, 394px\" \/><\/figure><div class=\"elementor-image-box-content\"><h5 class=\"elementor-image-box-title\">Solar Frame Bonding<\/h5><p class=\"elementor-image-box-description\">Our foam tapes are a trusted solution for solar frame bonding. Benefit from an aesthetic finish and a fast, clean and simple assembly process.\n\n<\/p><\/div><\/div>\t\t\t\t<\/div>\n\t\t\t\t<\/div>\n\t\t\t\t\t<\/div>\n\t\t<\/div>\n\t\t\t\t<div class=\"elementor-column elementor-col-33 elementor-inner-column elementor-element elementor-element-ddb8f7e\" data-id=\"ddb8f7e\" data-element_type=\"column\">\n\t\t\t<div class=\"elementor-widget-wrap elementor-element-populated\">\n\t\t\t\t\t\t<div class=\"elementor-element elementor-element-f61a026 elementor-position-top elementor-widget elementor-widget-image-box\" data-id=\"f61a026\" data-element_type=\"widget\" data-widget_type=\"image-box.default\">\n\t\t\t\t<div class=\"elementor-widget-container\">\n\t\t\t\t\t<div class=\"elementor-image-box-wrapper\"><figure class=\"elementor-image-box-img\"><img decoding=\"async\" width=\"394\" height=\"221\" src=\"https:\/\/mdeconverting.ro\/wp-content\/uploads\/lipirea-sinelor-posterioare76251_crop16x9_4.webp\" class=\"attachment-full size-full wp-image-1429\" alt=\"\" srcset=\"https:\/\/mdeconverting.ro\/wp-content\/uploads\/lipirea-sinelor-posterioare76251_crop16x9_4.webp 394w, https:\/\/mdeconverting.ro\/wp-content\/uploads\/lipirea-sinelor-posterioare76251_crop16x9_4-300x168.webp 300w\" sizes=\"(max-width: 394px) 100vw, 394px\" \/><\/figure><div class=\"elementor-image-box-content\"><h5 class=\"elementor-image-box-title\">Back Rail and Stiffener Bonding<\/h5><p class=\"elementor-image-box-description\">Whether you want to bond back rails to photovoltaic modules, a mounting system to heliostat mirrors, or a glass cover to solar thermal modules, tesa\u00ae ACXplus offers the necessary durability and performance.<\/p><\/div><\/div>\t\t\t\t<\/div>\n\t\t\t\t<\/div>\n\t\t\t\t\t<\/div>\n\t\t<\/div>\n\t\t\t\t<div class=\"elementor-column elementor-col-33 elementor-inner-column elementor-element elementor-element-d815e64\" data-id=\"d815e64\" data-element_type=\"column\">\n\t\t\t<div class=\"elementor-widget-wrap elementor-element-populated\">\n\t\t\t\t\t\t<div class=\"elementor-element elementor-element-d2b2b71 elementor-position-top elementor-widget elementor-widget-image-box\" data-id=\"d2b2b71\" data-element_type=\"widget\" data-widget_type=\"image-box.default\">\n\t\t\t\t<div class=\"elementor-widget-container\">\n\t\t\t\t\t<div class=\"elementor-image-box-wrapper\"><figure class=\"elementor-image-box-img\"><img loading=\"lazy\" decoding=\"async\" width=\"394\" height=\"221\" src=\"https:\/\/mdeconverting.ro\/wp-content\/uploads\/protejarea-permanenta-muchiilor76272_crop16x9_4.webp\" class=\"attachment-full size-full wp-image-1436\" alt=\"\" srcset=\"https:\/\/mdeconverting.ro\/wp-content\/uploads\/protejarea-permanenta-muchiilor76272_crop16x9_4.webp 394w, https:\/\/mdeconverting.ro\/wp-content\/uploads\/protejarea-permanenta-muchiilor76272_crop16x9_4-300x168.webp 300w\" sizes=\"(max-width: 394px) 100vw, 394px\" \/><\/figure><div class=\"elementor-image-box-content\"><h5 class=\"elementor-image-box-title\">Permanent Edge Protection<\/h5><p class=\"elementor-image-box-description\">Our permanent edge protection tape gives frameless modules an aesthetic finish and reduces the module breakage rate.<\/p><\/div><\/div>\t\t\t\t<\/div>\n\t\t\t\t<\/div>\n\t\t\t\t\t<\/div>\n\t\t<\/div>\n\t\t\t\t\t<\/div>\n\t\t<\/section>\n\t\t\t\t<section class=\"elementor-section elementor-inner-section elementor-element elementor-element-df95452 elementor-section-boxed elementor-section-height-default elementor-section-height-default\" data-id=\"df95452\" data-element_type=\"section\">\n\t\t\t\t\t\t<div class=\"elementor-container elementor-column-gap-default\">\n\t\t\t\t\t<div class=\"elementor-column elementor-col-33 elementor-inner-column elementor-element elementor-element-414341c\" data-id=\"414341c\" data-element_type=\"column\">\n\t\t\t<div class=\"elementor-widget-wrap elementor-element-populated\">\n\t\t\t\t\t\t<div class=\"elementor-element elementor-element-3377375 elementor-position-top elementor-widget elementor-widget-image-box\" data-id=\"3377375\" data-element_type=\"widget\" data-widget_type=\"image-box.default\">\n\t\t\t\t<div class=\"elementor-widget-container\">\n\t\t\t\t\t<div class=\"elementor-image-box-wrapper\"><figure class=\"elementor-image-box-img\"><img loading=\"lazy\" decoding=\"async\" width=\"394\" height=\"221\" src=\"https:\/\/mdeconverting.ro\/wp-content\/uploads\/fixarea-celulelor76287_crop16x9_4.webp\" class=\"attachment-full size-full wp-image-1435\" alt=\"\" srcset=\"https:\/\/mdeconverting.ro\/wp-content\/uploads\/fixarea-celulelor76287_crop16x9_4.webp 394w, https:\/\/mdeconverting.ro\/wp-content\/uploads\/fixarea-celulelor76287_crop16x9_4-300x168.webp 300w\" sizes=\"(max-width: 394px) 100vw, 394px\" \/><\/figure><div class=\"elementor-image-box-content\"><h5 class=\"elementor-image-box-title\">Cell Fixation and Alignments<\/h5><p class=\"elementor-image-box-description\">Our single-sided cell-fixation tape holds solar cells and strings in place during module production.<\/p><\/div><\/div>\t\t\t\t<\/div>\n\t\t\t\t<\/div>\n\t\t\t\t\t<\/div>\n\t\t<\/div>\n\t\t\t\t<div class=\"elementor-column elementor-col-33 elementor-inner-column elementor-element elementor-element-e935d33\" data-id=\"e935d33\" data-element_type=\"column\">\n\t\t\t<div class=\"elementor-widget-wrap elementor-element-populated\">\n\t\t\t\t\t\t<div class=\"elementor-element elementor-element-a4388ef elementor-position-top elementor-widget elementor-widget-image-box\" data-id=\"a4388ef\" data-element_type=\"widget\" data-widget_type=\"image-box.default\">\n\t\t\t\t<div class=\"elementor-widget-container\">\n\t\t\t\t\t<div class=\"elementor-image-box-wrapper\"><figure class=\"elementor-image-box-img\"><img loading=\"lazy\" decoding=\"async\" width=\"394\" height=\"221\" src=\"https:\/\/mdeconverting.ro\/wp-content\/uploads\/fixarea-cablurilor76257_crop16x9_4.webp\" class=\"attachment-full size-full wp-image-1434\" alt=\"\" srcset=\"https:\/\/mdeconverting.ro\/wp-content\/uploads\/fixarea-cablurilor76257_crop16x9_4.webp 394w, https:\/\/mdeconverting.ro\/wp-content\/uploads\/fixarea-cablurilor76257_crop16x9_4-300x168.webp 300w\" sizes=\"(max-width: 394px) 100vw, 394px\" \/><\/figure><div class=\"elementor-image-box-content\"><h5 class=\"elementor-image-box-title\">Junction Box Cable Fixation<\/h5><p class=\"elementor-image-box-description\">Our single-sided tapes are ideal for securing photovoltaic cables during shipment and installation.<\/p><\/div><\/div>\t\t\t\t<\/div>\n\t\t\t\t<\/div>\n\t\t\t\t\t<\/div>\n\t\t<\/div>\n\t\t\t\t<div class=\"elementor-column elementor-col-33 elementor-inner-column elementor-element elementor-element-2407a8d\" data-id=\"2407a8d\" data-element_type=\"column\">\n\t\t\t<div class=\"elementor-widget-wrap elementor-element-populated\">\n\t\t\t\t\t\t<div class=\"elementor-element elementor-element-05aac90 elementor-position-top elementor-widget elementor-widget-image-box\" data-id=\"05aac90\" data-element_type=\"widget\" data-widget_type=\"image-box.default\">\n\t\t\t\t<div class=\"elementor-widget-container\">\n\t\t\t\t\t<div class=\"elementor-image-box-wrapper\"><figure class=\"elementor-image-box-img\"><img loading=\"lazy\" decoding=\"async\" width=\"394\" height=\"221\" src=\"https:\/\/mdeconverting.ro\/wp-content\/uploads\/solutii-adezive-pentru-industria-energiei-solare76262_crop16x9_4.webp\" class=\"attachment-full size-full wp-image-1433\" alt=\"\" srcset=\"https:\/\/mdeconverting.ro\/wp-content\/uploads\/solutii-adezive-pentru-industria-energiei-solare76262_crop16x9_4.webp 394w, https:\/\/mdeconverting.ro\/wp-content\/uploads\/solutii-adezive-pentru-industria-energiei-solare76262_crop16x9_4-300x168.webp 300w\" sizes=\"(max-width: 394px) 100vw, 394px\" \/><\/figure><div class=\"elementor-image-box-content\"><h5 class=\"elementor-image-box-title\">Junction Box Fixation<\/h5><p class=\"elementor-image-box-description\">Immediate and secure junction box fixation during assembly.<\/p><\/div><\/div>\t\t\t\t<\/div>\n\t\t\t\t<\/div>\n\t\t\t\t\t<\/div>\n\t\t<\/div>\n\t\t\t\t\t<\/div>\n\t\t<\/section>\n\t\t\t\t<section class=\"elementor-section elementor-inner-section elementor-element elementor-element-a9c9b8c elementor-section-boxed elementor-section-height-default elementor-section-height-default\" data-id=\"a9c9b8c\" data-element_type=\"section\">\n\t\t\t\t\t\t<div class=\"elementor-container elementor-column-gap-default\">\n\t\t\t\t\t<div class=\"elementor-column elementor-col-33 elementor-inner-column elementor-element elementor-element-08aa499\" data-id=\"08aa499\" data-element_type=\"column\">\n\t\t\t<div class=\"elementor-widget-wrap elementor-element-populated\">\n\t\t\t\t\t\t<div class=\"elementor-element elementor-element-ca7b18d elementor-position-top elementor-widget elementor-widget-image-box\" data-id=\"ca7b18d\" data-element_type=\"widget\" data-widget_type=\"image-box.default\">\n\t\t\t\t<div class=\"elementor-widget-container\">\n\t\t\t\t\t<div class=\"elementor-image-box-wrapper\"><figure class=\"elementor-image-box-img\"><img loading=\"lazy\" decoding=\"async\" width=\"394\" height=\"221\" src=\"https:\/\/mdeconverting.ro\/wp-content\/uploads\/montarea-conductorilor-electrici-de-conexiune76267_crop16x9_4.webp\" class=\"attachment-full size-full wp-image-1432\" alt=\"\" srcset=\"https:\/\/mdeconverting.ro\/wp-content\/uploads\/montarea-conductorilor-electrici-de-conexiune76267_crop16x9_4.webp 394w, https:\/\/mdeconverting.ro\/wp-content\/uploads\/montarea-conductorilor-electrici-de-conexiune76267_crop16x9_4-300x168.webp 300w\" sizes=\"(max-width: 394px) 100vw, 394px\" \/><\/figure><div class=\"elementor-image-box-content\"><h5 class=\"elementor-image-box-title\">Bus Bar Mounting and Insulation<\/h5><p class=\"elementor-image-box-description\">Use our thin double-sided tapes for optimised bus bar mounting and insulation in manual and automated processes.<\/p><\/div><\/div>\t\t\t\t<\/div>\n\t\t\t\t<\/div>\n\t\t\t\t\t<\/div>\n\t\t<\/div>\n\t\t\t\t<div class=\"elementor-column elementor-col-33 elementor-inner-column elementor-element elementor-element-1bd185b\" data-id=\"1bd185b\" data-element_type=\"column\">\n\t\t\t<div class=\"elementor-widget-wrap elementor-element-populated\">\n\t\t\t\t\t\t<div class=\"elementor-element elementor-element-edaae47 elementor-position-top elementor-widget elementor-widget-image-box\" data-id=\"edaae47\" data-element_type=\"widget\" data-widget_type=\"image-box.default\">\n\t\t\t\t<div class=\"elementor-widget-container\">\n\t\t\t\t\t<div class=\"elementor-image-box-wrapper\"><figure class=\"elementor-image-box-img\"><img loading=\"lazy\" decoding=\"async\" width=\"394\" height=\"221\" src=\"https:\/\/mdeconverting.ro\/wp-content\/uploads\/scoaterea-din-circuit-a-panglicii76277_crop16x9_4.webp\" class=\"attachment-full size-full wp-image-1431\" alt=\"\" srcset=\"https:\/\/mdeconverting.ro\/wp-content\/uploads\/scoaterea-din-circuit-a-panglicii76277_crop16x9_4.webp 394w, https:\/\/mdeconverting.ro\/wp-content\/uploads\/scoaterea-din-circuit-a-panglicii76277_crop16x9_4-300x168.webp 300w\" sizes=\"(max-width: 394px) 100vw, 394px\" \/><\/figure><div class=\"elementor-image-box-content\"><h5 class=\"elementor-image-box-title\">Conductive Ribbon Blackout<\/h5><p class=\"elementor-image-box-description\">Covers visible charge collectors or bus bars to improve the solar module design.<\/p><\/div><\/div>\t\t\t\t<\/div>\n\t\t\t\t<\/div>\n\t\t\t\t\t<\/div>\n\t\t<\/div>\n\t\t\t\t<div class=\"elementor-column elementor-col-33 elementor-inner-column elementor-element elementor-element-7fffd11\" data-id=\"7fffd11\" data-element_type=\"column\">\n\t\t\t<div class=\"elementor-widget-wrap elementor-element-populated\">\n\t\t\t\t\t\t<div class=\"elementor-element elementor-element-6d64cbf elementor-position-top elementor-widget elementor-widget-image-box\" data-id=\"6d64cbf\" data-element_type=\"widget\" data-widget_type=\"image-box.default\">\n\t\t\t\t<div class=\"elementor-widget-container\">\n\t\t\t\t\t<div class=\"elementor-image-box-wrapper\"><figure class=\"elementor-image-box-img\"><img loading=\"lazy\" decoding=\"async\" width=\"394\" height=\"221\" src=\"https:\/\/mdeconverting.ro\/wp-content\/uploads\/mascarea-temporara-a-orificiilor76282_crop16x9_4.webp\" class=\"attachment-full size-full wp-image-1430\" alt=\"\" srcset=\"https:\/\/mdeconverting.ro\/wp-content\/uploads\/mascarea-temporara-a-orificiilor76282_crop16x9_4.webp 394w, https:\/\/mdeconverting.ro\/wp-content\/uploads\/mascarea-temporara-a-orificiilor76282_crop16x9_4-300x168.webp 300w\" sizes=\"(max-width: 394px) 100vw, 394px\" \/><\/figure><div class=\"elementor-image-box-content\"><h5 class=\"elementor-image-box-title\">Temporary Hole Masking<\/h5><p class=\"elementor-image-box-description\">Covers visible charge collectors or bus bars to improve the solar module design.<\/p><\/div><\/div>\t\t\t\t<\/div>\n\t\t\t\t<\/div>\n\t\t\t\t\t<\/div>\n\t\t<\/div>\n\t\t\t\t\t<\/div>\n\t\t<\/section>\n\t\t\t\t\t<\/div>\n\t\t<\/div>\n\t\t\t\t\t<\/div>\n\t\t<\/section>\n\t\t\t\t<\/div>","protected":false},"excerpt":{"rendered":"<p>Produc\u0103torii principali de panouri solare aleg\u00a0Tesa\u00a0datorit\u0103 produselor fiabile \u0219i a dispozitivelor de aplicare tehnologizate. Echipa noastr\u0103 de v\u00e2nz\u0103ri experimentat\u0103 este prezent\u0103 \u00een toat\u0103 Rom\u00e2nia \u0219i nu numai. Solu\u0163ii de benzi adezive de \u00eenalt\u0103 calitate pentru produc\u0163ia de panouri solare Fixarea Cadrului Panourilor Solare Benzile din spum\u0103 tesa sunt solu\u021bia optim\u0103 pentru lipirea cadrului panourilor solare. [&hellip;]<\/p>","protected":false},"author":1,"featured_media":0,"parent":1408,"menu_order":0,"comment_status":"closed","ping_status":"closed","template":"","meta":{"footnotes":""},"class_list":["post-1422","page","type-page","status-publish","hentry"],"_links":{"self":[{"href":"https:\/\/mdeconverting.ro\/en\/wp-json\/wp\/v2\/pages\/1422","targetHints":{"allow":["GET"]}}],"collection":[{"href":"https:\/\/mdeconverting.ro\/en\/wp-json\/wp\/v2\/pages"}],"about":[{"href":"https:\/\/mdeconverting.ro\/en\/wp-json\/wp\/v2\/types\/page"}],"author":[{"embeddable":true,"href":"https:\/\/mdeconverting.ro\/en\/wp-json\/wp\/v2\/users\/1"}],"replies":[{"embeddable":true,"href":"https:\/\/mdeconverting.ro\/en\/wp-json\/wp\/v2\/comments?post=1422"}],"version-history":[{"count":1,"href":"https:\/\/mdeconverting.ro\/en\/wp-json\/wp\/v2\/pages\/1422\/revisions"}],"predecessor-version":[{"id":2554,"href":"https:\/\/mdeconverting.ro\/en\/wp-json\/wp\/v2\/pages\/1422\/revisions\/2554"}],"up":[{"embeddable":true,"href":"https:\/\/mdeconverting.ro\/en\/wp-json\/wp\/v2\/pages\/1408"}],"wp:attachment":[{"href":"https:\/\/mdeconverting.ro\/en\/wp-json\/wp\/v2\/media?parent=1422"}],"curies":[{"name":"wp","href":"https:\/\/api.w.org\/{rel}","templated":true}]}}