{"id":1408,"date":"2022-05-26T13:04:25","date_gmt":"2022-05-26T10:04:25","guid":{"rendered":"https:\/\/mde.wameleon.ro\/?page_id=1408"},"modified":"2025-04-10T10:57:10","modified_gmt":"2025-04-10T07:57:10","slug":"energii-regenerabile","status":"publish","type":"page","link":"https:\/\/mdeconverting.ro\/en\/other-industries\/energii-regenerabile\/","title":{"rendered":"Renewable energies"},"content":{"rendered":"<div data-elementor-type=\"wp-page\" data-elementor-id=\"1408\" class=\"elementor elementor-1408\" data-elementor-post-type=\"page\">\n\t\t\t\t<div class=\"elementor-element elementor-element-95b776e e-flex e-con-boxed e-con e-parent\" data-id=\"95b776e\" data-element_type=\"container\">\n\t\t\t\t\t<div class=\"e-con-inner\">\n\t\t\t\t<div class=\"elementor-element elementor-element-2a3e975 elementor-widget elementor-widget-image\" data-id=\"2a3e975\" data-element_type=\"widget\" data-widget_type=\"image.default\">\n\t\t\t\t<div class=\"elementor-widget-container\">\n\t\t\t\t\t\t\t\t\t\t\t\t\t\t\t<img fetchpriority=\"high\" decoding=\"async\" width=\"1888\" height=\"628\" src=\"https:\/\/mdeconverting.ro\/wp-content\/uploads\/solutii-de-benzi-de-la-tesa-pentru-segmentul-energiilor-regenerabile77089_crop3x1_18.webp\" class=\"attachment-full size-full wp-image-1345\" alt=\"\" srcset=\"https:\/\/mdeconverting.ro\/wp-content\/uploads\/solutii-de-benzi-de-la-tesa-pentru-segmentul-energiilor-regenerabile77089_crop3x1_18.webp 1888w, https:\/\/mdeconverting.ro\/wp-content\/uploads\/solutii-de-benzi-de-la-tesa-pentru-segmentul-energiilor-regenerabile77089_crop3x1_18-300x100.webp 300w, https:\/\/mdeconverting.ro\/wp-content\/uploads\/solutii-de-benzi-de-la-tesa-pentru-segmentul-energiilor-regenerabile77089_crop3x1_18-1024x341.webp 1024w, https:\/\/mdeconverting.ro\/wp-content\/uploads\/solutii-de-benzi-de-la-tesa-pentru-segmentul-energiilor-regenerabile77089_crop3x1_18-768x255.webp 768w, https:\/\/mdeconverting.ro\/wp-content\/uploads\/solutii-de-benzi-de-la-tesa-pentru-segmentul-energiilor-regenerabile77089_crop3x1_18-1536x511.webp 1536w\" sizes=\"(max-width: 1888px) 100vw, 1888px\" \/>\t\t\t\t\t\t\t\t\t\t\t\t\t\t\t<\/div>\n\t\t\t\t<\/div>\n\t\t\t\t\t<\/div>\n\t\t\t\t<\/div>\n\t\t<div class=\"elementor-element elementor-element-ce7565e e-flex e-con-boxed e-con e-parent\" data-id=\"ce7565e\" data-element_type=\"container\" data-settings=\"{&quot;background_background&quot;:&quot;classic&quot;}\">\n\t\t\t\t\t<div class=\"e-con-inner\">\n\t\t\t\t<div class=\"elementor-element elementor-element-d5e4595 elementor-widget elementor-widget-heading\" data-id=\"d5e4595\" data-element_type=\"widget\" data-widget_type=\"heading.default\">\n\t\t\t\t<div class=\"elementor-widget-container\">\n\t\t\t\t\t<h3 class=\"elementor-heading-title elementor-size-default\">Show your devotion in supporting the renewable energy industry<\/h3>\t\t\t\t<\/div>\n\t\t\t\t<\/div>\n\t\t\t\t<div class=\"elementor-element elementor-element-31f6b0a elementor-widget elementor-widget-text-editor\" data-id=\"31f6b0a\" data-element_type=\"widget\" data-widget_type=\"text-editor.default\">\n\t\t\t\t<div class=\"elementor-widget-container\">\n\t\t\t\t\t\t\t\t\t<p>You can take advantage of our solutions with proven results in the wind and solar energy sectors.<\/p>\t\t\t\t\t\t\t\t<\/div>\n\t\t\t\t<\/div>\n\t\t\t\t\t<\/div>\n\t\t\t\t<\/div>\n\t\t<div class=\"elementor-element elementor-element-19aaebf e-flex e-con-boxed e-con e-parent\" data-id=\"19aaebf\" data-element_type=\"container\">\n\t\t\t\t\t<div class=\"e-con-inner\">\n\t\t\t\t<div class=\"elementor-element elementor-element-8111ee3 elementor-cta--skin-cover elementor-animated-content elementor-bg-transform elementor-bg-transform-zoom-in elementor-widget elementor-widget-call-to-action\" data-id=\"8111ee3\" data-element_type=\"widget\" data-widget_type=\"call-to-action.default\">\n\t\t\t\t<div class=\"elementor-widget-container\">\n\t\t\t\t\t\t\t<a class=\"elementor-cta\" href=\"\/en\/other-industries\/energii-regenerabile\/solutii-adezive-pentru-industria-energiei-solare\/\">\n\t\t\t\t\t<div class=\"elementor-cta__bg-wrapper\">\n\t\t\t\t<div class=\"elementor-cta__bg elementor-bg\" style=\"background-image: url(https:\/\/mdeconverting.ro\/wp-content\/uploads\/solutii-pentru-industria-energiei-solare-de-la-tesa76235_crop16x9_6.webp);\" role=\"img\" aria-label=\"solutii-pentru-industria-energiei-solare-de-la-tesa76235_crop16x9_6\"><\/div>\n\t\t\t\t<div class=\"elementor-cta__bg-overlay\"><\/div>\n\t\t\t<\/div>\n\t\t\t\t\t\t\t<div class=\"elementor-cta__content\">\n\t\t\t\t\n\t\t\t\t\t\t\t\t\t<h2 class=\"elementor-cta__title elementor-cta__content-item elementor-content-item elementor-animated-item--grow\">\n\t\t\t\t\t\tAdhesive Solutions for the Solar Energy Industry\t\t\t\t\t<\/h2>\n\t\t\t\t\n\t\t\t\t\n\t\t\t\t\t\t\t<\/div>\n\t\t\t\t\t\t<\/a>\n\t\t\t\t\t\t<\/div>\n\t\t\t\t<\/div>\n\t\t\t\t<div class=\"elementor-element elementor-element-02a4bcf elementor-cta--skin-cover elementor-animated-content elementor-bg-transform elementor-bg-transform-zoom-in elementor-widget elementor-widget-call-to-action\" data-id=\"02a4bcf\" data-element_type=\"widget\" data-widget_type=\"call-to-action.default\">\n\t\t\t\t<div class=\"elementor-widget-container\">\n\t\t\t\t\t\t\t<a class=\"elementor-cta\" href=\"\/en\/other-industries\/energii-regenerabile\/inalta-performanta-pentru-segmentul-energiei-eoliene\/\">\n\t\t\t\t\t<div class=\"elementor-cta__bg-wrapper\">\n\t\t\t\t<div class=\"elementor-cta__bg elementor-bg\" style=\"background-image: url(https:\/\/mdeconverting.ro\/wp-content\/uploads\/solutii-de-benzi-de-la-tesa-pentru-segmentul-energiei-eoliene77096_crop16x9_6.webp);\" role=\"img\" aria-label=\"solutii-de-benzi-de-la-tesa-pentru-segmentul-energiei-eoliene77096_crop16x9_6\"><\/div>\n\t\t\t\t<div class=\"elementor-cta__bg-overlay\"><\/div>\n\t\t\t<\/div>\n\t\t\t\t\t\t\t<div class=\"elementor-cta__content\">\n\t\t\t\t\n\t\t\t\t\t\t\t\t\t<h2 class=\"elementor-cta__title elementor-cta__content-item elementor-content-item elementor-animated-item--grow\">\n\t\t\t\t\t\tHigh performance in the wind energy sector\t\t\t\t\t<\/h2>\n\t\t\t\t\n\t\t\t\t\n\t\t\t\t\t\t\t<\/div>\n\t\t\t\t\t\t<\/a>\n\t\t\t\t\t\t<\/div>\n\t\t\t\t<\/div>\n\t\t\t\t\t<\/div>\n\t\t\t\t<\/div>\n\t\t\t\t<\/div>","protected":false},"excerpt":{"rendered":"<p>Sus\u021bine cu devotament industria energiei regenerabile Beneficia\u021bi de solu\u021biile noastre cu rezultate dovedite pentru industria energiei eoliene \u0219i solare. &nbsp; Solu\u021bii Adezive pentru Industria Energiei Solare &nbsp; \u00cenalt\u0103 performan\u0163\u0103 pentru segmentul energiei eoliene &nbsp;<\/p>","protected":false},"author":1,"featured_media":0,"parent":41,"menu_order":0,"comment_status":"closed","ping_status":"closed","template":"","meta":{"footnotes":""},"class_list":["post-1408","page","type-page","status-publish","hentry"],"_links":{"self":[{"href":"https:\/\/mdeconverting.ro\/en\/wp-json\/wp\/v2\/pages\/1408","targetHints":{"allow":["GET"]}}],"collection":[{"href":"https:\/\/mdeconverting.ro\/en\/wp-json\/wp\/v2\/pages"}],"about":[{"href":"https:\/\/mdeconverting.ro\/en\/wp-json\/wp\/v2\/types\/page"}],"author":[{"embeddable":true,"href":"https:\/\/mdeconverting.ro\/en\/wp-json\/wp\/v2\/users\/1"}],"replies":[{"embeddable":true,"href":"https:\/\/mdeconverting.ro\/en\/wp-json\/wp\/v2\/comments?post=1408"}],"version-history":[{"count":4,"href":"https:\/\/mdeconverting.ro\/en\/wp-json\/wp\/v2\/pages\/1408\/revisions"}],"predecessor-version":[{"id":2555,"href":"https:\/\/mdeconverting.ro\/en\/wp-json\/wp\/v2\/pages\/1408\/revisions\/2555"}],"up":[{"embeddable":true,"href":"https:\/\/mdeconverting.ro\/en\/wp-json\/wp\/v2\/pages\/41"}],"wp:attachment":[{"href":"https:\/\/mdeconverting.ro\/en\/wp-json\/wp\/v2\/media?parent=1408"}],"curies":[{"name":"wp","href":"https:\/\/api.w.org\/{rel}","templated":true}]}}