{"id":65,"date":"2022-03-23T15:57:05","date_gmt":"2022-03-23T13:57:05","guid":{"rendered":"https:\/\/mde.wameleon.ro\/?page_id=65"},"modified":"2025-04-10T10:55:46","modified_gmt":"2025-04-10T07:55:46","slug":"imprimare-flexografica","status":"publish","type":"page","link":"https:\/\/mdeconverting.ro\/de\/alte-industrii\/imprimare-flexografica\/","title":{"rendered":"Werbung und Druck"},"content":{"rendered":"<div data-elementor-type=\"wp-page\" data-elementor-id=\"65\" class=\"elementor elementor-65\" data-elementor-post-type=\"page\">\n\t\t\t\t<section class=\"elementor-element elementor-element-0d092cd e-flex e-con-boxed e-con e-parent\" data-id=\"0d092cd\" data-element_type=\"container\">\n\t\t\t\t\t<div class=\"e-con-inner\">\n\t\t\t\t<div class=\"elementor-element elementor-element-73f891f elementor-widget elementor-widget-image\" data-id=\"73f891f\" data-element_type=\"widget\" data-widget_type=\"image.default\">\n\t\t\t\t<div class=\"elementor-widget-container\">\n\t\t\t\t\t\t\t\t\t\t\t\t\t\t\t<img fetchpriority=\"high\" decoding=\"async\" width=\"1300\" height=\"450\" src=\"https:\/\/mdeconverting.ro\/wp-content\/uploads\/flexografie.jpg\" class=\"attachment-full size-full wp-image-791\" alt=\"flexografie\" srcset=\"https:\/\/mdeconverting.ro\/wp-content\/uploads\/flexografie.jpg 1300w, https:\/\/mdeconverting.ro\/wp-content\/uploads\/flexografie-300x104.jpg 300w, https:\/\/mdeconverting.ro\/wp-content\/uploads\/flexografie-1024x354.jpg 1024w, https:\/\/mdeconverting.ro\/wp-content\/uploads\/flexografie-768x266.jpg 768w\" sizes=\"(max-width: 1300px) 100vw, 1300px\" \/>\t\t\t\t\t\t\t\t\t\t\t\t\t\t\t<\/div>\n\t\t\t\t<\/div>\n\t\t\t\t\t<\/div>\n\t\t\t\t<\/section>\n\t\t<section class=\"elementor-element elementor-element-6854e73 e-flex e-con-boxed e-con e-parent\" data-id=\"6854e73\" data-element_type=\"container\" data-settings=\"{&quot;background_background&quot;:&quot;classic&quot;}\">\n\t\t\t\t\t<div class=\"e-con-inner\">\n\t\t\t\t<div class=\"elementor-element elementor-element-be2ecb7 elementor-widget elementor-widget-text-editor\" data-id=\"be2ecb7\" data-element_type=\"widget\" data-widget_type=\"text-editor.default\">\n\t\t\t\t<div class=\"elementor-widget-container\">\n\t\t\t\t\t\t\t\t\t<p>Papier- oder Folieneinf\u00fcgungsb\u00e4nder, Montageh\u00fclsen f\u00fcr Klischee und Montageb\u00e4nder f\u00fcr Klischee sind nur einige Beispiele aus unserem Komplettangebot f\u00fcr die Papierherstellung und -verarbeitung.<\/p>\t\t\t\t\t\t\t\t<\/div>\n\t\t\t\t<\/div>\n\t\t\t\t\t<\/div>\n\t\t\t\t<\/section>\n\t\t<section class=\"elementor-element elementor-element-ee031e7 e-flex e-con-boxed e-con e-parent\" data-id=\"ee031e7\" data-element_type=\"container\">\n\t\t\t\t\t<div class=\"e-con-inner\">\n\t\t<div class=\"elementor-element elementor-element-397f04d e-con-full e-flex e-con e-child\" data-id=\"397f04d\" data-element_type=\"container\">\n\t\t\t\t<div class=\"elementor-element elementor-element-d00ec00 elementor-widget elementor-widget-text-editor\" data-id=\"d00ec00\" data-element_type=\"widget\" data-widget_type=\"text-editor.default\">\n\t\t\t\t<div class=\"elementor-widget-container\">\n\t\t\t\t\t\t\t\t\t<h5 class=\"MMM--pageTitleDescription\"><strong>Jedes Werk so gut wie m\u00f6glich aussehen lassen<\/strong><\/h5><div class=\"MMM--bodyCopy MMM--wysiwyg\"><p dir=\"ltr\">Ihr Handwerk liegt Ihnen am Herzen: Sie sind leidenschaftlich bem\u00fcht, alles richtig zu machen und daf\u00fcr zu sorgen, dass jeder Druckauftrag, der von Ihrer Druckmaschine kommt, ein Kunstwerk ist. Was Sie auszeichnet, ist, dass Ihr Fachwissen nicht nur in Ihrer Qualifikation, sondern auch in Ihrer t\u00e4glichen Erfahrung liegt.<\/p><p dir=\"ltr\">Ihr Fachwissen und Ihre Erfahrung sagen Ihnen, dass Sie f\u00fcr den Flexodruck Klischee-Fixierstreifen und Druckl\u00f6sungen, die eine optimale, konstante und produktive Qualit\u00e4t liefern, ben\u00f6tigen.<\/p><p dir=\"ltr\">Jedes Mal. Aus jedem Blickwinkel.<\/p><\/div>\t\t\t\t\t\t\t\t<\/div>\n\t\t\t\t<\/div>\n\t\t\t\t<\/div>\n\t\t<div class=\"elementor-element elementor-element-a167f49 e-con-full e-flex e-con e-child\" data-id=\"a167f49\" data-element_type=\"container\">\n\t\t\t\t<div class=\"elementor-element elementor-element-919707c elementor-widget elementor-widget-image\" data-id=\"919707c\" data-element_type=\"widget\" data-widget_type=\"image.default\">\n\t\t\t\t<div class=\"elementor-widget-container\">\n\t\t\t\t\t\t\t\t\t\t\t\t\t\t\t<img decoding=\"async\" width=\"800\" height=\"643\" src=\"https:\/\/mdeconverting.ro\/wp-content\/uploads\/meseriasi-3m-1024x823.jpg\" class=\"attachment-large size-large wp-image-1305\" alt=\"\" srcset=\"https:\/\/mdeconverting.ro\/wp-content\/uploads\/meseriasi-3m-1024x823.jpg 1024w, https:\/\/mdeconverting.ro\/wp-content\/uploads\/meseriasi-3m-300x241.jpg 300w, https:\/\/mdeconverting.ro\/wp-content\/uploads\/meseriasi-3m-768x617.jpg 768w, https:\/\/mdeconverting.ro\/wp-content\/uploads\/meseriasi-3m.jpg 1046w\" sizes=\"(max-width: 800px) 100vw, 800px\" \/>\t\t\t\t\t\t\t\t\t\t\t\t\t\t\t<\/div>\n\t\t\t\t<\/div>\n\t\t\t\t<\/div>\n\t\t\t\t\t<\/div>\n\t\t\t\t<\/section>\n\t\t<div class=\"elementor-element elementor-element-f3ba878 e-con-full e-flex e-con e-parent\" data-id=\"f3ba878\" data-element_type=\"container\" data-settings=\"{&quot;background_background&quot;:&quot;classic&quot;}\">\n\t\t<div class=\"elementor-element elementor-element-a36f9d8 e-con-full e-flex e-con e-child\" data-id=\"a36f9d8\" data-element_type=\"container\" data-settings=\"{&quot;background_background&quot;:&quot;classic&quot;}\">\n\t\t\t\t<div class=\"elementor-element elementor-element-53db900 elementor-widget elementor-widget-text-editor\" data-id=\"53db900\" data-element_type=\"widget\" data-widget_type=\"text-editor.default\">\n\t\t\t\t<div class=\"elementor-widget-container\">\n\t\t\t\t\t\t\t\t\t<h5><strong>Ehren Sie Ihr Handwerk mit dem 3M Druckqualit\u00e4tsvorteil<\/strong><\/h5>\n<p>Sie haben Ihre Karriere der Kunst des Flexodrucks gewidmet. Sie wollen mehr als nur einen Lieferanten, Sie wollen einen Partner, der L\u00f6sungen bietet und f\u00fcr Sie da ist, wenn es um das gro\u00dfe Ganze geht. Die Flexo-Experten von 3M sind bestrebt, Ihnen in jeder Phase des Druckprozesses dabei zu helfen, Ihrer Verpflichtung gegen\u00fcber dem Handwerk nachzukommen.<\/p>\t\t\t\t\t\t\t\t<\/div>\n\t\t\t\t<\/div>\n\t\t<div class=\"elementor-element elementor-element-08967bf e-con-full e-flex e-con e-child\" data-id=\"08967bf\" data-element_type=\"container\">\n\t\t<div class=\"elementor-element elementor-element-a3d4b1f e-con-full e-flex e-con e-child\" data-id=\"a3d4b1f\" data-element_type=\"container\">\n\t\t\t\t<div class=\"elementor-element elementor-element-a56ad21 elementor-widget elementor-widget-image\" data-id=\"a56ad21\" data-element_type=\"widget\" data-widget_type=\"image.default\">\n\t\t\t\t<div class=\"elementor-widget-container\">\n\t\t\t\t\t\t\t\t\t\t\t\t\t\t\t<img decoding=\"async\" width=\"340\" height=\"50\" src=\"https:\/\/mdeconverting.ro\/wp-content\/uploads\/platemounting_orange_column.jpg\" class=\"attachment-large size-large wp-image-1307\" alt=\"\" srcset=\"https:\/\/mdeconverting.ro\/wp-content\/uploads\/platemounting_orange_column.jpg 340w, https:\/\/mdeconverting.ro\/wp-content\/uploads\/platemounting_orange_column-300x44.jpg 300w\" sizes=\"(max-width: 340px) 100vw, 340px\" \/>\t\t\t\t\t\t\t\t\t\t\t\t\t\t\t<\/div>\n\t\t\t\t<\/div>\n\t\t\t\t<div class=\"elementor-element elementor-element-1076662 elementor-widget elementor-widget-text-editor\" data-id=\"1076662\" data-element_type=\"widget\" data-widget_type=\"text-editor.default\">\n\t\t\t\t<div class=\"elementor-widget-container\">\n\t\t\t\t\t\t\t\t\t<p>Die Befestigung auf der Platte muss perfekt sein: Es erfordert Konzentration und Geschicklichkeit, die Platte zu befestigen und die Zylinder richtig aufzustellen. Wir helfen Ihnen, es richtig zu machen.<\/p>\t\t\t\t\t\t\t\t<\/div>\n\t\t\t\t<\/div>\n\t\t\t\t<\/div>\n\t\t<div class=\"elementor-element elementor-element-6e5887b e-con-full e-flex e-con e-child\" data-id=\"6e5887b\" data-element_type=\"container\">\n\t\t\t\t<div class=\"elementor-element elementor-element-6f5d042 elementor-widget elementor-widget-image\" data-id=\"6f5d042\" data-element_type=\"widget\" data-widget_type=\"image.default\">\n\t\t\t\t<div class=\"elementor-widget-container\">\n\t\t\t\t\t\t\t\t\t\t\t\t\t\t\t<img loading=\"lazy\" decoding=\"async\" width=\"340\" height=\"50\" src=\"https:\/\/mdeconverting.ro\/wp-content\/uploads\/onpress_orange_column.jpg\" class=\"attachment-large size-large wp-image-1306\" alt=\"\" srcset=\"https:\/\/mdeconverting.ro\/wp-content\/uploads\/onpress_orange_column.jpg 340w, https:\/\/mdeconverting.ro\/wp-content\/uploads\/onpress_orange_column-300x44.jpg 300w\" sizes=\"(max-width: 340px) 100vw, 340px\" \/>\t\t\t\t\t\t\t\t\t\t\t\t\t\t\t<\/div>\n\t\t\t\t<\/div>\n\t\t\t\t<div class=\"elementor-element elementor-element-b6b1536 elementor-widget elementor-widget-text-editor\" data-id=\"b6b1536\" data-element_type=\"widget\" data-widget_type=\"text-editor.default\">\n\t\t\t\t<div class=\"elementor-widget-container\">\n\t\t\t\t\t\t\t\t\t<p>W\u00e4hrend des Druckvorgangs beobachten Sie die Qualit\u00e4t des Drucks und sp\u00fcren, wie die Druckmaschine arbeitet. Wir helfen Ihnen dabei, dass es bei jedem Druckvorgang reibungslos l\u00e4uft.<\/p>\t\t\t\t\t\t\t\t<\/div>\n\t\t\t\t<\/div>\n\t\t\t\t<\/div>\n\t\t<div class=\"elementor-element elementor-element-887f3ea e-con-full e-flex e-con e-child\" data-id=\"887f3ea\" data-element_type=\"container\">\n\t\t\t\t<div class=\"elementor-element elementor-element-16e8625 elementor-widget elementor-widget-image\" data-id=\"16e8625\" data-element_type=\"widget\" data-widget_type=\"image.default\">\n\t\t\t\t<div class=\"elementor-widget-container\">\n\t\t\t\t\t\t\t\t\t\t\t\t\t\t\t<img loading=\"lazy\" decoding=\"async\" width=\"340\" height=\"50\" src=\"https:\/\/mdeconverting.ro\/wp-content\/uploads\/postpress_orange_column.jpg\" class=\"attachment-large size-large wp-image-1308\" alt=\"\" srcset=\"https:\/\/mdeconverting.ro\/wp-content\/uploads\/postpress_orange_column.jpg 340w, https:\/\/mdeconverting.ro\/wp-content\/uploads\/postpress_orange_column-300x44.jpg 300w\" sizes=\"(max-width: 340px) 100vw, 340px\" \/>\t\t\t\t\t\t\t\t\t\t\t\t\t\t\t<\/div>\n\t\t\t\t<\/div>\n\t\t\t\t<div class=\"elementor-element elementor-element-381ce54 elementor-widget elementor-widget-text-editor\" data-id=\"381ce54\" data-element_type=\"widget\" data-widget_type=\"text-editor.default\">\n\t\t\t\t<div class=\"elementor-widget-container\">\n\t\t\t\t\t\t\t\t\t<p>Wenn die Auflage fertig ist, ist die Demontage der Moment der Wahrheit. Wir helfen Ihnen, Blechsch\u00e4den und Erm\u00fcdungserscheinungen beim Bediener zu reduzieren.<\/p>\t\t\t\t\t\t\t\t<\/div>\n\t\t\t\t<\/div>\n\t\t\t\t<\/div>\n\t\t\t\t<\/div>\n\t\t\t\t<\/div>\n\t\t\t\t<\/div>\n\t\t<div class=\"elementor-element elementor-element-788230a e-con-full e-flex e-con e-parent\" data-id=\"788230a\" data-element_type=\"container\" data-settings=\"{&quot;background_background&quot;:&quot;classic&quot;}\">\n\t\t<div class=\"elementor-element elementor-element-9cc489b e-con-full e-flex e-con e-child\" data-id=\"9cc489b\" data-element_type=\"container\">\n\t\t\t\t<div class=\"elementor-element elementor-element-909f82e elementor-widget__width-auto elementor-widget elementor-widget-text-editor\" data-id=\"909f82e\" data-element_type=\"widget\" data-widget_type=\"text-editor.default\">\n\t\t\t\t<div class=\"elementor-widget-container\">\n\t\t\t\t\t\t\t\t\t<h5><strong>Vorteile<\/strong><\/h5>\t\t\t\t\t\t\t\t<\/div>\n\t\t\t\t<\/div>\n\t\t<div class=\"elementor-element elementor-element-62a29ed e-con-full e-flex e-con e-child\" data-id=\"62a29ed\" data-element_type=\"container\">\n\t\t\t\t<div class=\"elementor-element elementor-element-22e4516 elementor-widget elementor-widget-image\" data-id=\"22e4516\" data-element_type=\"widget\" data-widget_type=\"image.default\">\n\t\t\t\t<div class=\"elementor-widget-container\">\n\t\t\t\t\t\t\t\t\t\t\t\t\t\t\t<img loading=\"lazy\" decoding=\"async\" width=\"575\" height=\"200\" src=\"https:\/\/mdeconverting.ro\/wp-content\/uploads\/Optimal-605373331-575x200px.jpg\" class=\"attachment-large size-large wp-image-1315\" alt=\"\" srcset=\"https:\/\/mdeconverting.ro\/wp-content\/uploads\/Optimal-605373331-575x200px.jpg 575w, https:\/\/mdeconverting.ro\/wp-content\/uploads\/Optimal-605373331-575x200px-300x104.jpg 300w\" sizes=\"(max-width: 575px) 100vw, 575px\" \/>\t\t\t\t\t\t\t\t\t\t\t\t\t\t\t<\/div>\n\t\t\t\t<\/div>\n\t\t<div class=\"elementor-element elementor-element-42a70f2 e-con-full e-flex e-con e-child\" data-id=\"42a70f2\" data-element_type=\"container\">\n\t\t\t\t<div class=\"elementor-element elementor-element-1d48ef7 elementor-widget elementor-widget-text-editor\" data-id=\"1d48ef7\" data-element_type=\"widget\" data-widget_type=\"text-editor.default\">\n\t\t\t\t<div class=\"elementor-widget-container\">\n\t\t\t\t\t\t\t\t\t<h5><strong>Optimal<\/strong><\/h5><p dir=\"ltr\">Sie brauchen f\u00fcr jeden Auftrag das richtige Flexoband, sei es eine niedrige Dichte zur Maximierung der Punktwiedergabe, eine hohe Dichte f\u00fcr ein einfarbiges Feld oder etwas dazwischen. Wir bieten die branchenweit gr\u00f6\u00dfte Auswahl an Klebebanddichten, so dass Sie genau das ausw\u00e4hlen k\u00f6nnen, das den Anforderungen Ihrer aktuellen Aufgabe am besten entspricht.<\/p><p dir=\"ltr\">Erfahren Sie, wie wir Ihnen helfen, die optimale Kombination von Merkmalen f\u00fcr jeden Auftrag zu finden, von der Wahl der richtigen Dichte in der Plattenmontagekammer bis hin zur Wahl des richtigen Klebstoffs, der das Entfernen nach dem Druck erleichtert.<\/p>\t\t\t\t\t\t\t\t<\/div>\n\t\t\t\t<\/div>\n\t\t\t\t<\/div>\n\t\t\t\t<\/div>\n\t\t<div class=\"elementor-element elementor-element-e96dcc7 e-con-full e-flex e-con e-child\" data-id=\"e96dcc7\" data-element_type=\"container\">\n\t\t\t\t<div class=\"elementor-element elementor-element-f2f9486 elementor-widget elementor-widget-image\" data-id=\"f2f9486\" data-element_type=\"widget\" data-widget_type=\"image.default\">\n\t\t\t\t<div class=\"elementor-widget-container\">\n\t\t\t\t\t\t\t\t\t\t\t\t\t\t\t<img loading=\"lazy\" decoding=\"async\" width=\"575\" height=\"200\" src=\"https:\/\/mdeconverting.ro\/wp-content\/uploads\/action-shot-of-press-1681069-575x200px.jpg\" class=\"attachment-large size-large wp-image-1316\" alt=\"\" srcset=\"https:\/\/mdeconverting.ro\/wp-content\/uploads\/action-shot-of-press-1681069-575x200px.jpg 575w, https:\/\/mdeconverting.ro\/wp-content\/uploads\/action-shot-of-press-1681069-575x200px-300x104.jpg 300w\" sizes=\"(max-width: 575px) 100vw, 575px\" \/>\t\t\t\t\t\t\t\t\t\t\t\t\t\t\t<\/div>\n\t\t\t\t<\/div>\n\t\t<div class=\"elementor-element elementor-element-dc3be00 e-con-full e-flex e-con e-child\" data-id=\"dc3be00\" data-element_type=\"container\">\n\t\t\t\t<div class=\"elementor-element elementor-element-e86c2d8 elementor-widget elementor-widget-text-editor\" data-id=\"e86c2d8\" data-element_type=\"widget\" data-widget_type=\"text-editor.default\">\n\t\t\t\t<div class=\"elementor-widget-container\">\n\t\t\t\t\t\t\t\t\t<h5><strong>Einheitlich<\/strong><\/h5><p dir=\"ltr\">Wir bieten Ihnen eine der engsten Toleranzen in der Branche, so dass Sie sicher sein k\u00f6nnen, dass Ihr Flexoband die gleiche St\u00e4rke aufweist, egal ob sie sich am Anfang oder am Ende der Rolle befindet - oder sogar auf einer anderen Rolle.<\/p><p dir=\"ltr\">Erfahren Sie mehr dar\u00fcber, wie wir Ihnen helfen k\u00f6nnen, die Konsistenz von Technologien zu erreichen, die dazu beitragen, Luftblasen bei der Fixierung von Klebstoffen zu beseitigen und so die Besch\u00e4digung von Platten bei der Demontage zu reduzieren.<\/p>\t\t\t\t\t\t\t\t<\/div>\n\t\t\t\t<\/div>\n\t\t\t\t<\/div>\n\t\t\t\t<\/div>\n\t\t<div class=\"elementor-element elementor-element-10aec44 e-con-full e-flex e-con e-child\" data-id=\"10aec44\" data-element_type=\"container\">\n\t\t\t\t<div class=\"elementor-element elementor-element-3c74699 elementor-widget elementor-widget-image\" data-id=\"3c74699\" data-element_type=\"widget\" data-widget_type=\"image.default\">\n\t\t\t\t<div class=\"elementor-widget-container\">\n\t\t\t\t\t\t\t\t\t\t\t\t\t\t\t<img loading=\"lazy\" decoding=\"async\" width=\"575\" height=\"200\" src=\"https:\/\/mdeconverting.ro\/wp-content\/uploads\/3m-cushion-mount-plate-mounting-tape-demounting-1681164-575x200px.jpg\" class=\"attachment-large size-large wp-image-1317\" alt=\"\" srcset=\"https:\/\/mdeconverting.ro\/wp-content\/uploads\/3m-cushion-mount-plate-mounting-tape-demounting-1681164-575x200px.jpg 575w, https:\/\/mdeconverting.ro\/wp-content\/uploads\/3m-cushion-mount-plate-mounting-tape-demounting-1681164-575x200px-300x104.jpg 300w\" sizes=\"(max-width: 575px) 100vw, 575px\" \/>\t\t\t\t\t\t\t\t\t\t\t\t\t\t\t<\/div>\n\t\t\t\t<\/div>\n\t\t<div class=\"elementor-element elementor-element-7f83e34 e-con-full e-flex e-con e-child\" data-id=\"7f83e34\" data-element_type=\"container\">\n\t\t\t\t<div class=\"elementor-element elementor-element-0e25689 elementor-widget elementor-widget-text-editor\" data-id=\"0e25689\" data-element_type=\"widget\" data-widget_type=\"text-editor.default\">\n\t\t\t\t<div class=\"elementor-widget-container\">\n\t\t\t\t\t\t\t\t\t<h5><strong>Produktiv<\/strong><\/h5>\n<p dir=\"ltr\">Luftblasen und Kantenabhebung sind der Feind, der den Druckprozess unterbricht und die Produktivit\u00e4t extrem reduziert. Unsere Flexo-Fixierb\u00e4nder k\u00f6nnen hier Abhilfe schaffen, indem sie f\u00fcr Luftentfernung und feste Haftung sorgen, damit Ihre Druckmaschine kontinuierlich l\u00e4uft.<\/p>\n<p dir=\"ltr\">Wie wir die Produktivit\u00e4t mit Klebstoffen und Schaumstoffen verbessern, die Ihnen w\u00e4hrend des gesamten Prozesses helfen, von der ersten richtigen Befestigung bis zur Entfernung mit weniger Kraftaufwand, um die Besch\u00e4digung der Platten und die Erm\u00fcdung des Bedieners zu verringern.<\/p>\t\t\t\t\t\t\t\t<\/div>\n\t\t\t\t<\/div>\n\t\t\t\t<\/div>\n\t\t\t\t<\/div>\n\t\t\t\t<\/div>\n\t\t\t\t<\/div>\n\t\t<div class=\"elementor-element elementor-element-50861e4 e-flex e-con-boxed e-con e-parent\" data-id=\"50861e4\" data-element_type=\"container\">\n\t\t\t\t\t<div class=\"e-con-inner\">\n\t\t\t\t<div class=\"elementor-element elementor-element-b49304d elementor-align-center elementor-widget elementor-widget-button\" data-id=\"b49304d\" data-element_type=\"widget\" data-widget_type=\"button.default\">\n\t\t\t\t<div class=\"elementor-widget-container\">\n\t\t\t\t\t\t\t\t\t<div class=\"elementor-button-wrapper\">\n\t\t\t\t\t<a class=\"elementor-button elementor-button-link elementor-size-lg\" href=\"\/de\/solicita-mostra-gratuita\/\">\n\t\t\t\t\t\t<span class=\"elementor-button-content-wrapper\">\n\t\t\t\t\t\t\t\t\t<span class=\"elementor-button-text\">KOSTENLOSES MUSTER ANFORDERN!<\/span>\n\t\t\t\t\t<\/span>\n\t\t\t\t\t<\/a>\n\t\t\t\t<\/div>\n\t\t\t\t\t\t\t\t<\/div>\n\t\t\t\t<\/div>\n\t\t\t\t\t<\/div>\n\t\t\t\t<\/div>\n\t\t<div class=\"elementor-element elementor-element-b7c6691 e-flex e-con-boxed e-con e-parent\" data-id=\"b7c6691\" data-element_type=\"container\">\n\t\t\t\t\t<div class=\"e-con-inner\">\n\t\t\t\t<div class=\"elementor-element elementor-element-62e757e elementor-widget elementor-widget-video\" data-id=\"62e757e\" data-element_type=\"widget\" data-settings=\"{&quot;video_type&quot;:&quot;hosted&quot;,&quot;controls&quot;:&quot;yes&quot;}\" data-widget_type=\"video.default\">\n\t\t\t\t<div class=\"elementor-widget-container\">\n\t\t\t\t\t\t\t<div class=\"e-hosted-video elementor-wrapper elementor-open-inline\">\n\t\t\t\t\t<video class=\"elementor-video\" src=\"https:\/\/mdeconverting.ro\/wp-content\/uploads\/mde-flexo-video.mp4\" controls=\"\" preload=\"metadata\" controlslist=\"nodownload\"><\/video>\n\t\t\t\t<\/div>\n\t\t\t\t\t\t<\/div>\n\t\t\t\t<\/div>\n\t\t\t\t\t<\/div>\n\t\t\t\t<\/div>\n\t\t\t\t<\/div>","protected":false},"excerpt":{"rendered":"<p>Benzile de \u00eembinare a h\u00e2rtiei sau a peliculei, man\u0219oanele de montaj ale cli\u0219eelor \u0219i benzile pentru montarea cli\u0219eelor sunt doar c\u00e2teva exemple din gama noastr\u0103 complet\u0103 pentru fabricarea \u0219i procesarea h\u00e2rtiei. F\u0103c\u00e2nd ca fiecare lucrare s\u0103 arate c\u00e2t mai bine posibil V\u0103 pas\u0103 de meseria dvs.: sunte\u021bi pasionat s\u0103 \u00een\u021belege\u021bi totul corect \u0219i s\u0103 v\u0103 [&hellip;]<\/p>","protected":false},"author":1,"featured_media":0,"parent":41,"menu_order":0,"comment_status":"closed","ping_status":"closed","template":"","meta":{"footnotes":""},"class_list":["post-65","page","type-page","status-publish","hentry"],"_links":{"self":[{"href":"https:\/\/mdeconverting.ro\/de\/wp-json\/wp\/v2\/pages\/65","targetHints":{"allow":["GET"]}}],"collection":[{"href":"https:\/\/mdeconverting.ro\/de\/wp-json\/wp\/v2\/pages"}],"about":[{"href":"https:\/\/mdeconverting.ro\/de\/wp-json\/wp\/v2\/types\/page"}],"author":[{"embeddable":true,"href":"https:\/\/mdeconverting.ro\/de\/wp-json\/wp\/v2\/users\/1"}],"replies":[{"embeddable":true,"href":"https:\/\/mdeconverting.ro\/de\/wp-json\/wp\/v2\/comments?post=65"}],"version-history":[{"count":10,"href":"https:\/\/mdeconverting.ro\/de\/wp-json\/wp\/v2\/pages\/65\/revisions"}],"predecessor-version":[{"id":2553,"href":"https:\/\/mdeconverting.ro\/de\/wp-json\/wp\/v2\/pages\/65\/revisions\/2553"}],"up":[{"embeddable":true,"href":"https:\/\/mdeconverting.ro\/de\/wp-json\/wp\/v2\/pages\/41"}],"wp:attachment":[{"href":"https:\/\/mdeconverting.ro\/de\/wp-json\/wp\/v2\/media?parent=65"}],"curies":[{"name":"wp","href":"https:\/\/api.w.org\/{rel}","templated":true}]}}