{"id":59,"date":"2022-03-23T15:56:27","date_gmt":"2022-03-23T13:56:27","guid":{"rendered":"https:\/\/mde.wameleon.ro\/?page_id=59"},"modified":"2025-04-10T10:57:38","modified_gmt":"2025-04-10T07:57:38","slug":"folii-de-protectie","status":"publish","type":"page","link":"https:\/\/mdeconverting.ro\/de\/industria-auto\/folii-de-protectie\/","title":{"rendered":"Schutzfolien"},"content":{"rendered":"<div data-elementor-type=\"wp-page\" data-elementor-id=\"59\" class=\"elementor elementor-59\" data-elementor-post-type=\"page\">\n\t\t\t\t<div class=\"elementor-element elementor-element-47dba12 e-flex e-con-boxed e-con e-parent\" data-id=\"47dba12\" data-element_type=\"container\">\n\t\t\t\t\t<div class=\"e-con-inner\">\n\t\t\t\t<div class=\"elementor-element elementor-element-92c405d elementor-widget elementor-widget-image\" data-id=\"92c405d\" data-element_type=\"widget\" data-widget_type=\"image.default\">\n\t\t\t\t<div class=\"elementor-widget-container\">\n\t\t\t\t\t\t\t\t\t\t\t\t\t\t\t<img fetchpriority=\"high\" decoding=\"async\" width=\"1200\" height=\"418\" src=\"https:\/\/mdeconverting.ro\/wp-content\/uploads\/foilii.jpg\" class=\"attachment-full size-full wp-image-697\" alt=\"\" srcset=\"https:\/\/mdeconverting.ro\/wp-content\/uploads\/foilii.jpg 1200w, https:\/\/mdeconverting.ro\/wp-content\/uploads\/foilii-300x105.jpg 300w, https:\/\/mdeconverting.ro\/wp-content\/uploads\/foilii-1024x357.jpg 1024w, https:\/\/mdeconverting.ro\/wp-content\/uploads\/foilii-768x268.jpg 768w\" sizes=\"(max-width: 1200px) 100vw, 1200px\" \/>\t\t\t\t\t\t\t\t\t\t\t\t\t\t\t<\/div>\n\t\t\t\t<\/div>\n\t\t\t\t\t<\/div>\n\t\t\t\t<\/div>\n\t\t<div class=\"elementor-element elementor-element-9772a87 e-flex e-con-boxed e-con e-parent\" data-id=\"9772a87\" data-element_type=\"container\" data-settings=\"{&quot;background_background&quot;:&quot;classic&quot;}\">\n\t\t\t\t\t<div class=\"e-con-inner\">\n\t\t<div class=\"elementor-element elementor-element-2bf38e5 e-con-full e-flex e-con e-child\" data-id=\"2bf38e5\" data-element_type=\"container\">\n\t\t\t\t<div class=\"elementor-element elementor-element-3ffc2f0 elementor-widget elementor-widget-text-editor\" data-id=\"3ffc2f0\" data-element_type=\"widget\" data-widget_type=\"text-editor.default\">\n\t\t\t\t<div class=\"elementor-widget-container\">\n\t\t\t\t\t\t\t\t\t<p>Schutzfolien sind in der Automobilindustrie sehr pr\u00e4sent. Sie sch\u00fctzen empfindliche Materialien wie Glas oder Farbe w\u00e4hrend des Transports. Sie tragen auch zu einer l\u00e4ngeren Lebensdauer der Komponenten bei.<\/p>\t\t\t\t\t\t\t\t<\/div>\n\t\t\t\t<\/div>\n\t\t\t\t<\/div>\n\t\t\t\t\t<\/div>\n\t\t\t\t<\/div>\n\t\t<div class=\"elementor-element elementor-element-30884c4 e-flex e-con-boxed e-con e-parent\" data-id=\"30884c4\" data-element_type=\"container\">\n\t\t\t\t\t<div class=\"e-con-inner\">\n\t\t\t\t<div class=\"elementor-element elementor-element-245db34 elementor-widget elementor-widget-image\" data-id=\"245db34\" data-element_type=\"widget\" data-widget_type=\"image.default\">\n\t\t\t\t<div class=\"elementor-widget-container\">\n\t\t\t\t\t\t\t\t\t\t\t\t\t\t\t<img decoding=\"async\" width=\"700\" height=\"467\" src=\"https:\/\/mdeconverting.ro\/wp-content\/uploads\/folie-protectie-permanenta-.jpg\" class=\"attachment-large size-large wp-image-699\" alt=\"\" srcset=\"https:\/\/mdeconverting.ro\/wp-content\/uploads\/folie-protectie-permanenta-.jpg 700w, https:\/\/mdeconverting.ro\/wp-content\/uploads\/folie-protectie-permanenta--300x200.jpg 300w\" sizes=\"(max-width: 700px) 100vw, 700px\" \/>\t\t\t\t\t\t\t\t\t\t\t\t\t\t\t<\/div>\n\t\t\t\t<\/div>\n\t\t<div class=\"elementor-element elementor-element-f30314c e-con-full e-flex e-con e-child\" data-id=\"f30314c\" data-element_type=\"container\">\n\t\t\t\t<div class=\"elementor-element elementor-element-62f7f96 elementor-widget elementor-widget-heading\" data-id=\"62f7f96\" data-element_type=\"widget\" data-widget_type=\"heading.default\">\n\t\t\t\t<div class=\"elementor-widget-container\">\n\t\t\t\t\t<h3 class=\"elementor-heading-title elementor-size-default\">Dauerhafte Schutzfolien<\/h3>\t\t\t\t<\/div>\n\t\t\t\t<\/div>\n\t\t\t\t<div class=\"elementor-element elementor-element-9427b00 elementor-widget elementor-widget-heading\" data-id=\"9427b00\" data-element_type=\"widget\" data-widget_type=\"heading.default\">\n\t\t\t\t<div class=\"elementor-widget-container\">\n\t\t\t\t\t<h5 class=\"elementor-heading-title elementor-size-default\">\tBieten langfristigen Oberfl\u00e4chenschutz<\/h5>\t\t\t\t<\/div>\n\t\t\t\t<\/div>\n\t\t\t\t<div class=\"elementor-element elementor-element-44956f6 elementor-widget elementor-widget-text-editor\" data-id=\"44956f6\" data-element_type=\"widget\" data-widget_type=\"text-editor.default\">\n\t\t\t\t<div class=\"elementor-widget-container\">\n\t\t\t\t\t\t\t\t\t<p>F\u00fcr Bereiche, die \u00e4u\u00dferen Umwelteinfl\u00fcssen (Feuchtigkeit, Sonnenlicht, Kratzer usw.) ausgesetzt sind, gibt es dauerhafte Folien, welche den Lack sch\u00fctzen. Derartige Folien werden beim Autotuning verwendet, da sie einerseits ein tolles dekoratives Aussehen haben und andererseits einen perfekten, dauerhaften Schutz bieten. Es gibt sowohl transparente, unsichtbare Folien, als auch mattschwarze Folien von besonderer Widerstandsf\u00e4higkeit, die auf der Motorhaube oder im Bereich der Schweller eingesetzt werden.<\/p>\t\t\t\t\t\t\t\t<\/div>\n\t\t\t\t<\/div>\n\t\t\t\t<\/div>\n\t\t\t\t\t<\/div>\n\t\t\t\t<\/div>\n\t\t<div class=\"elementor-element elementor-element-5cc41b1 e-flex e-con-boxed e-con e-parent\" data-id=\"5cc41b1\" data-element_type=\"container\">\n\t\t\t\t\t<div class=\"e-con-inner\">\n\t\t\t\t<div class=\"elementor-element elementor-element-a7236f6 elementor-widget elementor-widget-image\" data-id=\"a7236f6\" data-element_type=\"widget\" data-widget_type=\"image.default\">\n\t\t\t\t<div class=\"elementor-widget-container\">\n\t\t\t\t\t\t\t\t\t\t\t\t\t\t\t<img decoding=\"async\" width=\"700\" height=\"449\" src=\"https:\/\/mdeconverting.ro\/wp-content\/uploads\/folie-temporara-e1726659172319.jpg\" class=\"attachment-large size-large wp-image-704\" alt=\"\" \/>\t\t\t\t\t\t\t\t\t\t\t\t\t\t\t<\/div>\n\t\t\t\t<\/div>\n\t\t<div class=\"elementor-element elementor-element-4826754 e-con-full e-flex e-con e-child\" data-id=\"4826754\" data-element_type=\"container\">\n\t\t\t\t<div class=\"elementor-element elementor-element-817b9ed elementor-widget elementor-widget-heading\" data-id=\"817b9ed\" data-element_type=\"widget\" data-widget_type=\"heading.default\">\n\t\t\t\t<div class=\"elementor-widget-container\">\n\t\t\t\t\t<h3 class=\"elementor-heading-title elementor-size-default\">Tempor\u00e4re Schutzfolien\n<\/h3>\t\t\t\t<\/div>\n\t\t\t\t<\/div>\n\t\t\t\t<div class=\"elementor-element elementor-element-0d3d7f8 elementor-widget elementor-widget-heading\" data-id=\"0d3d7f8\" data-element_type=\"widget\" data-widget_type=\"heading.default\">\n\t\t\t\t<div class=\"elementor-widget-container\">\n\t\t\t\t\t<h5 class=\"elementor-heading-title elementor-size-default\">Erfolgreich eingesetzt f\u00fcr kurzfristigen Oberfl\u00e4chenschutz<\/h5>\t\t\t\t<\/div>\n\t\t\t\t<\/div>\n\t\t\t\t<div class=\"elementor-element elementor-element-b448d67 elementor-widget elementor-widget-text-editor\" data-id=\"b448d67\" data-element_type=\"widget\" data-widget_type=\"text-editor.default\">\n\t\t\t\t<div class=\"elementor-widget-container\">\n\t\t\t\t\t\t\t\t\t<p>Vor\u00fcbergehender Schutz ist sowohl bei der Herstellung verschiedener Automobilteile als auch bei deren Handhabung erforderlich. Spezielle Folien, die nach dem Entfernen keine Kleber\u00fcckst\u00e4nde hinterlassen, sind die perfekte L\u00f6sung. Sie k\u00f6nnen auf einer Vielzahl von Oberfl\u00e4chen angebracht werden (Displays, lackierte Kunststoffteile, Glas, Holz und mehr) und sind f\u00fcr hohe Temperaturen ausgelegt. Sie eignen sich sowohl f\u00fcr flache als auch f\u00fcr gew\u00f6lbte Oberfl\u00e4chen und passen sich perfekt an die Form der Teile an.<\/p>\t\t\t\t\t\t\t\t<\/div>\n\t\t\t\t<\/div>\n\t\t\t\t<\/div>\n\t\t\t\t\t<\/div>\n\t\t\t\t<\/div>\n\t\t<div class=\"elementor-element elementor-element-410df5f e-flex e-con-boxed e-con e-parent\" data-id=\"410df5f\" data-element_type=\"container\">\n\t\t\t\t\t<div class=\"e-con-inner\">\n\t\t\t\t<div class=\"elementor-element elementor-element-3069c19 elementor-widget elementor-widget-image\" data-id=\"3069c19\" data-element_type=\"widget\" data-widget_type=\"image.default\">\n\t\t\t\t<div class=\"elementor-widget-container\">\n\t\t\t\t\t\t\t\t\t\t\t\t\t\t\t<img loading=\"lazy\" decoding=\"async\" width=\"700\" height=\"700\" src=\"https:\/\/mdeconverting.ro\/wp-content\/uploads\/etichete-transparente-e1726659207893.webp\" class=\"attachment-large size-large wp-image-1626\" alt=\"\" \/>\t\t\t\t\t\t\t\t\t\t\t\t\t\t\t<\/div>\n\t\t\t\t<\/div>\n\t\t<div class=\"elementor-element elementor-element-9bb8e02 e-con-full e-flex e-con e-child\" data-id=\"9bb8e02\" data-element_type=\"container\">\n\t\t\t\t<div class=\"elementor-element elementor-element-568f1bf elementor-widget elementor-widget-heading\" data-id=\"568f1bf\" data-element_type=\"widget\" data-widget_type=\"heading.default\">\n\t\t\t\t<div class=\"elementor-widget-container\">\n\t\t\t\t\t<h3 class=\"elementor-heading-title elementor-size-default\">Druck auf transparenten Schutzfolien m\u00f6glich<\/h3>\t\t\t\t<\/div>\n\t\t\t\t<\/div>\n\t\t\t\t<\/div>\n\t\t\t\t\t<\/div>\n\t\t\t\t<\/div>\n\t\t<div class=\"elementor-element elementor-element-fe173a6 e-flex e-con-boxed e-con e-parent\" data-id=\"fe173a6\" data-element_type=\"container\">\n\t\t\t\t\t<div class=\"e-con-inner\">\n\t\t\t\t<div class=\"elementor-element elementor-element-f5bad88 elementor-widget elementor-widget-heading\" data-id=\"f5bad88\" data-element_type=\"widget\" data-widget_type=\"heading.default\">\n\t\t\t\t<div class=\"elementor-widget-container\">\n\t\t\t\t\t<h3 class=\"elementor-heading-title elementor-size-default\">Mehr aus der Automobilindustrie<\/h3>\t\t\t\t<\/div>\n\t\t\t\t<\/div>\n\t\t\t\t\t<\/div>\n\t\t\t\t<\/div>\n\t\t<div class=\"elementor-element elementor-element-5feb29c e-grid e-con-boxed e-con e-parent\" data-id=\"5feb29c\" data-element_type=\"container\">\n\t\t\t\t\t<div class=\"e-con-inner\">\n\t\t\t\t<div class=\"elementor-element elementor-element-0cd96dd elementor--h-position-center elementor--v-position-middle elementor-arrows-position-inside elementor-pagination-position-inside elementor-widget elementor-widget-slides\" data-id=\"0cd96dd\" data-element_type=\"widget\" data-settings=\"{&quot;navigation&quot;:&quot;both&quot;,&quot;autoplay&quot;:&quot;yes&quot;,&quot;pause_on_hover&quot;:&quot;yes&quot;,&quot;pause_on_interaction&quot;:&quot;yes&quot;,&quot;autoplay_speed&quot;:5000,&quot;infinite&quot;:&quot;yes&quot;,&quot;transition&quot;:&quot;slide&quot;,&quot;transition_speed&quot;:500}\" data-widget_type=\"slides.default\">\n\t\t\t\t<div class=\"elementor-widget-container\">\n\t\t\t\t\t\t\t\t\t<div class=\"elementor-swiper\">\n\t\t\t\t\t<div class=\"elementor-slides-wrapper elementor-main-swiper swiper\" role=\"region\" aria-roledescription=\"carousel\" aria-label=\"Slides\" dir=\"ltr\" data-animation=\"fadeInUp\">\n\t\t\t\t<div class=\"swiper-wrapper elementor-slides\">\n\t\t\t\t\t\t\t\t\t\t<div class=\"elementor-repeater-item-3755276 swiper-slide\" role=\"group\" aria-roledescription=\"slide\"><div class=\"swiper-slide-bg\" role=\"img\" aria-label=\"bord duster\"><\/div><div class=\"elementor-background-overlay\"><\/div><a class=\"swiper-slide-inner\" href=\"\/de\/industria-auto\/interior-si-exterior\/\"><div class=\"swiper-slide-contents\"><div class=\"elementor-slide-heading\">Innen- und aussenbereich<\/div><div class=\"elementor-slide-description\">Suchen Sie eine Klebel\u00f6sung f\u00fcr Kunststoff, Metall, raue oder glatte Oberfl\u00e4chen? Wir haben f\u00fcr jede Anwendung das richtige Klebeband. <\/div><div  class=\"elementor-button elementor-slide-button elementor-size-sm\">mehr lesen<\/div><\/div><\/a><\/div>\t\t\t\t<\/div>\n\t\t\t\t\t\t\t<\/div>\n\t\t\t\t<\/div>\n\t\t\t\t\t\t\t\t<\/div>\n\t\t\t\t<\/div>\n\t\t\t\t<div class=\"elementor-element elementor-element-cbda3af elementor--h-position-center elementor--v-position-middle elementor-arrows-position-inside elementor-pagination-position-inside elementor-widget elementor-widget-slides\" data-id=\"cbda3af\" data-element_type=\"widget\" data-settings=\"{&quot;navigation&quot;:&quot;both&quot;,&quot;autoplay&quot;:&quot;yes&quot;,&quot;pause_on_hover&quot;:&quot;yes&quot;,&quot;pause_on_interaction&quot;:&quot;yes&quot;,&quot;autoplay_speed&quot;:5000,&quot;infinite&quot;:&quot;yes&quot;,&quot;transition&quot;:&quot;slide&quot;,&quot;transition_speed&quot;:500}\" data-widget_type=\"slides.default\">\n\t\t\t\t<div class=\"elementor-widget-container\">\n\t\t\t\t\t\t\t\t\t<div class=\"elementor-swiper\">\n\t\t\t\t\t<div class=\"elementor-slides-wrapper elementor-main-swiper swiper\" role=\"region\" aria-roledescription=\"carousel\" aria-label=\"Slides\" dir=\"ltr\" data-animation=\"fadeInUp\">\n\t\t\t\t<div class=\"swiper-wrapper elementor-slides\">\n\t\t\t\t\t\t\t\t\t\t<div class=\"elementor-repeater-item-3755276 swiper-slide\" role=\"group\" aria-roledescription=\"slide\"><div class=\"swiper-slide-bg\" role=\"img\" aria-label=\"folie-electronice\"><\/div><div class=\"elementor-background-overlay\"><\/div><a class=\"swiper-slide-inner\" href=\"\/de\/industria-auto\/electronice\/\"><div class=\"swiper-slide-contents\"><div class=\"elementor-slide-heading\">Elektronik<\/div><div class=\"elementor-slide-description\">Die Revolution der Elektroautos hat begonnen. Spezielle Klebeb\u00e4nder f\u00fcr die Isolierung oder die elektrische oder thermische Leitf\u00e4higkeit sind in unserem Portfolio verf\u00fcgbar. <\/div><div  class=\"elementor-button elementor-slide-button elementor-size-sm\">mehr lesen<\/div><\/div><\/a><\/div>\t\t\t\t<\/div>\n\t\t\t\t\t\t\t<\/div>\n\t\t\t\t<\/div>\n\t\t\t\t\t\t\t\t<\/div>\n\t\t\t\t<\/div>\n\t\t\t\t\t<\/div>\n\t\t\t\t<\/div>\n\t\t\t\t<\/div>","protected":false},"excerpt":{"rendered":"<p>Foliile de protec\u021bie sunt foarte prezente \u00een industria auto. Ele protejeaz\u0103 materialele sensibile, cum ar fi sticla sau vopseaua \u00een timpul transportului. De asemenea au rolul de a asigura o via\u021b\u0103 mai lung\u0103 a componentelor. Folii de protec\u021bie permanente Protejeaz\u0103 pe termen lung suprafe\u021bele Pentru zonele expuse la factorii externi de mediu (umezeal\u0103, razele soarelui, [&hellip;]<\/p>","protected":false},"author":1,"featured_media":0,"parent":37,"menu_order":0,"comment_status":"closed","ping_status":"closed","template":"","meta":{"footnotes":""},"class_list":["post-59","page","type-page","status-publish","hentry"],"_links":{"self":[{"href":"https:\/\/mdeconverting.ro\/de\/wp-json\/wp\/v2\/pages\/59","targetHints":{"allow":["GET"]}}],"collection":[{"href":"https:\/\/mdeconverting.ro\/de\/wp-json\/wp\/v2\/pages"}],"about":[{"href":"https:\/\/mdeconverting.ro\/de\/wp-json\/wp\/v2\/types\/page"}],"author":[{"embeddable":true,"href":"https:\/\/mdeconverting.ro\/de\/wp-json\/wp\/v2\/users\/1"}],"replies":[{"embeddable":true,"href":"https:\/\/mdeconverting.ro\/de\/wp-json\/wp\/v2\/comments?post=59"}],"version-history":[{"count":10,"href":"https:\/\/mdeconverting.ro\/de\/wp-json\/wp\/v2\/pages\/59\/revisions"}],"predecessor-version":[{"id":2556,"href":"https:\/\/mdeconverting.ro\/de\/wp-json\/wp\/v2\/pages\/59\/revisions\/2556"}],"up":[{"embeddable":true,"href":"https:\/\/mdeconverting.ro\/de\/wp-json\/wp\/v2\/pages\/37"}],"wp:attachment":[{"href":"https:\/\/mdeconverting.ro\/de\/wp-json\/wp\/v2\/media?parent=59"}],"curies":[{"name":"wp","href":"https:\/\/api.w.org\/{rel}","templated":true}]}}