{"id":57,"date":"2022-03-23T15:56:18","date_gmt":"2022-03-23T13:56:18","guid":{"rendered":"https:\/\/mde.wameleon.ro\/?page_id=57"},"modified":"2024-09-18T14:44:14","modified_gmt":"2024-09-18T11:44:14","slug":"electronice","status":"publish","type":"page","link":"https:\/\/mdeconverting.ro\/de\/industria-auto\/electronice\/","title":{"rendered":"Elektronik"},"content":{"rendered":"<div data-elementor-type=\"wp-page\" data-elementor-id=\"57\" class=\"elementor elementor-57\" data-elementor-post-type=\"page\">\n\t\t\t\t<div class=\"elementor-element elementor-element-2787df5 e-flex e-con-boxed e-con e-parent\" data-id=\"2787df5\" data-element_type=\"container\">\n\t\t\t\t\t<div class=\"e-con-inner\">\n\t\t\t\t<div class=\"elementor-element elementor-element-b80cf74 elementor-widget elementor-widget-image\" data-id=\"b80cf74\" data-element_type=\"widget\" data-widget_type=\"image.default\">\n\t\t\t\t<div class=\"elementor-widget-container\">\n\t\t\t\t\t\t\t\t\t\t\t\t\t\t\t<img fetchpriority=\"high\" decoding=\"async\" width=\"1260\" height=\"450\" src=\"https:\/\/mdeconverting.ro\/wp-content\/uploads\/bord-auto.jpg\" class=\"attachment-full size-full wp-image-471\" alt=\"\" srcset=\"https:\/\/mdeconverting.ro\/wp-content\/uploads\/bord-auto.jpg 1260w, https:\/\/mdeconverting.ro\/wp-content\/uploads\/bord-auto-300x107.jpg 300w, https:\/\/mdeconverting.ro\/wp-content\/uploads\/bord-auto-1024x366.jpg 1024w, https:\/\/mdeconverting.ro\/wp-content\/uploads\/bord-auto-768x274.jpg 768w\" sizes=\"(max-width: 1260px) 100vw, 1260px\" \/>\t\t\t\t\t\t\t\t\t\t\t\t\t\t\t<\/div>\n\t\t\t\t<\/div>\n\t\t\t\t\t<\/div>\n\t\t\t\t<\/div>\n\t\t<div class=\"elementor-element elementor-element-4f99579 e-flex e-con-boxed e-con e-parent\" data-id=\"4f99579\" data-element_type=\"container\" data-settings=\"{&quot;background_background&quot;:&quot;classic&quot;}\">\n\t\t\t\t\t<div class=\"e-con-inner\">\n\t\t\t\t<div class=\"elementor-element elementor-element-436b656 elementor-widget elementor-widget-text-editor\" data-id=\"436b656\" data-element_type=\"widget\" data-widget_type=\"text-editor.default\">\n\t\t\t\t<div class=\"elementor-widget-container\">\n\t\t\t\t\t\t\t\t\t<p>Mit der Entwicklung von Technologien und der Verbreitung von 5G wird das Auto immer mehr elektronische Komponenten enthalten. Diese Komponenten sind klein und erfordern Innovationen bei ihrer Befestigung.\u00a0<\/p><p>Eine zunehmend verwendete L\u00f6sung ist das Klebeband. Es ist leicht, flexibel, sehr d\u00fcnn und kann, neben der eigentlichen Befestigung, f\u00fcr viele andere Zwecke verwendet werden: Abkleben, Isolierung, Leitf\u00e4higkeit und vieles mehr.<\/p>\t\t\t\t\t\t\t\t<\/div>\n\t\t\t\t<\/div>\n\t\t\t\t\t<\/div>\n\t\t\t\t<\/div>\n\t\t<div class=\"elementor-element elementor-element-1d906dc e-flex e-con-boxed e-con e-parent\" data-id=\"1d906dc\" data-element_type=\"container\">\n\t\t\t\t\t<div class=\"e-con-inner\">\n\t\t<div class=\"elementor-element elementor-element-bb6921c e-con-full e-flex e-con e-child\" data-id=\"bb6921c\" data-element_type=\"container\">\n\t\t\t\t<div class=\"elementor-element elementor-element-453fe9c elementor-widget elementor-widget-heading\" data-id=\"453fe9c\" data-element_type=\"widget\" data-widget_type=\"heading.default\">\n\t\t\t\t<div class=\"elementor-widget-container\">\n\t\t\t\t\t<h3 class=\"elementor-heading-title elementor-size-default\">Bildschirm<\/h3>\t\t\t\t<\/div>\n\t\t\t\t<\/div>\n\t\t\t\t<\/div>\n\t\t<div class=\"elementor-element elementor-element-6afb372 e-con-full e-flex e-con e-child\" data-id=\"6afb372\" data-element_type=\"container\">\n\t\t\t\t<div class=\"elementor-element elementor-element-56ea5cf elementor-widget elementor-widget-text-editor\" data-id=\"56ea5cf\" data-element_type=\"widget\" data-widget_type=\"text-editor.default\">\n\t\t\t\t<div class=\"elementor-widget-container\">\n\t\t\t\t\t\t\t\t\t<p>Es wird erwartet, dass Gr\u00f6\u00dfe und Anzahl der Bildschirme in einem Auto in der kommenden Zeit erheblich zunehmen werden. Deshalb kann die Verwendung geeigneter Klebeb\u00e4nder daf\u00fcr sorgen, dass sie fixiert, gegen Schwingungen gesch\u00fctzt und gegen das Eindringen von Staubpartikeln oder Feuchtigkeit gesichert sind.<\/p><p>Transparente Klebeb\u00e4nder<\/p><p>Diese sch\u00fctzen den Bildschirm, ohne die Sicht zu behindern, und reduzieren gleichzeitig unerw\u00fcnschte Lichtreflexe.<\/p>\t\t\t\t\t\t\t\t<\/div>\n\t\t\t\t<\/div>\n\t\t\t\t<\/div>\n\t\t\t\t\t<\/div>\n\t\t\t\t<\/div>\n\t\t<div class=\"elementor-element elementor-element-2d27da2 e-flex e-con-boxed e-con e-parent\" data-id=\"2d27da2\" data-element_type=\"container\">\n\t\t\t\t\t<div class=\"e-con-inner\">\n\t\t<div class=\"elementor-element elementor-element-f3a7b51 e-con-full e-flex e-con e-child\" data-id=\"f3a7b51\" data-element_type=\"container\">\n\t\t\t\t<div class=\"elementor-element elementor-element-863984b elementor-widget elementor-widget-heading\" data-id=\"863984b\" data-element_type=\"widget\" data-widget_type=\"heading.default\">\n\t\t\t\t<div class=\"elementor-widget-container\">\n\t\t\t\t\t<h3 class=\"elementor-heading-title elementor-size-default translation-block\">Leitf\u00e4higkeit\noder elektrische Isolierung<\/h3>\t\t\t\t<\/div>\n\t\t\t\t<\/div>\n\t\t\t\t<\/div>\n\t\t<div class=\"elementor-element elementor-element-15ace2c e-con-full e-flex e-con e-child\" data-id=\"15ace2c\" data-element_type=\"container\">\n\t\t\t\t<div class=\"elementor-element elementor-element-0594b12 elementor-widget elementor-widget-text-editor\" data-id=\"0594b12\" data-element_type=\"widget\" data-widget_type=\"text-editor.default\">\n\t\t\t\t<div class=\"elementor-widget-container\">\n\t\t\t\t\t\t\t\t\t<p><b>Elektrische Leitf\u00e4higkeit<\/b><\/p><p>Wichtig ist, dass durch die Verwendung von speziellen Klebeb\u00e4ndern, welche die elektrische Leitf\u00e4higkeit gew\u00e4hrleisten, der Strom ohne Verluste auf teilweise sehr langen Wegen genau dorthin \u00fcbertragen wird, wo er ben\u00f6tigt wird.<\/p><p><b>Elektrische Isolierung<\/b><\/p><p>Der hohe Stromfluss durch die Komponenten eines Elektroautos kann ernsthafte Probleme verursachen, wenn er nicht ordnungsgem\u00e4\u00df kontrolliert wird. Deshalb k\u00f6nnen Klebeb\u00e4nder jedes Bauteil mit Pr\u00e4zisionsmaterialien isolieren. Dies kann Kurzschl\u00fcsse oder sogar Br\u00e4nde verhindern.<\/p><p><b>Thermisches Management<\/b><\/p><p>Schutz der Elektronik vor Hitze<\/p><p>Eine gro\u00dfe Anzahl von elektronischen Ger\u00e4ten kann eine erhebliche Hitze erzeugen.<\/p><p>Zahlreiche Elektronikteile auf kleinem Raum erzeugen W\u00e4rme. Dies kann zu Leistungseinbu\u00dfen, Sch\u00e4den und einer k\u00fcrzeren Lebensdauer f\u00fchren. Ein optimiertes W\u00e4rmemanagement verbessert die Leistung, sch\u00fctzt die Elektronik und hilft, Kosten zu sparen. Auch hier bieten Klebeb\u00e4nder oder genauer gesagt W\u00e4rmemanagementprodukte Unterst\u00fctzung.<\/p><p><strong>Sie leiten W\u00e4rme ab und bauen kompakt auf<\/strong><\/p><p>Im Gegensatz zu mechanischen L\u00f6sungen nehmen Klebeb\u00e4nder keinen Platz weg und erm\u00f6glichen daher eine kompakte Bauweise.                         Hier kommen zum Beispiel w\u00e4rmeleitende Klebefolien, Pads oder sogenannte W\u00e4rmeverteiler zum Einsatz. Die Produkte kombinieren selbstklebende Verbindungsl\u00f6sungen mit hoher W\u00e4rmeleitf\u00e4higkeit und leiten die W\u00e4rme von elektronischen Bauteilen zuverl\u00e4ssig ab.<\/p>\t\t\t\t\t\t\t\t<\/div>\n\t\t\t\t<\/div>\n\t\t\t\t<\/div>\n\t\t\t\t\t<\/div>\n\t\t\t\t<\/div>\n\t\t\t\t<\/div>","protected":false},"excerpt":{"rendered":"<p>Automobilul \u00eencepe s\u0103 aib\u0103 din ce \u00een ce mai multe componente electronice, pe m\u0103sura dezvolt\u0103rii tehnologiilor \u0219i a r\u0103sp\u00e2ndirii acoperirii 5G. Aceste componente au dimensiuni reduse, iar fixarea lor presupune inova\u021bii \u00een ceea ce prive\u0219te fixarea acestora.\u00a0 O solu\u021bie folosit\u0103 din ce \u00een ce mai mult este banda adeziv\u0103. Aceasta este u\u0219oar\u0103, flexibil\u0103, are o [&hellip;]<\/p>","protected":false},"author":1,"featured_media":0,"parent":37,"menu_order":0,"comment_status":"closed","ping_status":"closed","template":"","meta":{"footnotes":""},"class_list":["post-57","page","type-page","status-publish","hentry"],"_links":{"self":[{"href":"https:\/\/mdeconverting.ro\/de\/wp-json\/wp\/v2\/pages\/57","targetHints":{"allow":["GET"]}}],"collection":[{"href":"https:\/\/mdeconverting.ro\/de\/wp-json\/wp\/v2\/pages"}],"about":[{"href":"https:\/\/mdeconverting.ro\/de\/wp-json\/wp\/v2\/types\/page"}],"author":[{"embeddable":true,"href":"https:\/\/mdeconverting.ro\/de\/wp-json\/wp\/v2\/users\/1"}],"replies":[{"embeddable":true,"href":"https:\/\/mdeconverting.ro\/de\/wp-json\/wp\/v2\/comments?post=57"}],"version-history":[{"count":10,"href":"https:\/\/mdeconverting.ro\/de\/wp-json\/wp\/v2\/pages\/57\/revisions"}],"predecessor-version":[{"id":2313,"href":"https:\/\/mdeconverting.ro\/de\/wp-json\/wp\/v2\/pages\/57\/revisions\/2313"}],"up":[{"embeddable":true,"href":"https:\/\/mdeconverting.ro\/de\/wp-json\/wp\/v2\/pages\/37"}],"wp:attachment":[{"href":"https:\/\/mdeconverting.ro\/de\/wp-json\/wp\/v2\/media?parent=57"}],"curies":[{"name":"wp","href":"https:\/\/api.w.org\/{rel}","templated":true}]}}