{"id":55,"date":"2022-03-23T15:56:05","date_gmt":"2022-03-23T13:56:05","guid":{"rendered":"https:\/\/mde.wameleon.ro\/?page_id=55"},"modified":"2025-05-13T15:58:55","modified_gmt":"2025-05-13T12:58:55","slug":"interior-si-exterior","status":"publish","type":"page","link":"https:\/\/mdeconverting.ro\/de\/industria-auto\/interior-si-exterior\/","title":{"rendered":"Innen- und aussenbereich"},"content":{"rendered":"<div data-elementor-type=\"wp-page\" data-elementor-id=\"55\" class=\"elementor elementor-55\" data-elementor-post-type=\"page\">\n\t\t\t\t<div class=\"elementor-element elementor-element-369e356 e-flex e-con-boxed e-con e-parent\" data-id=\"369e356\" data-element_type=\"container\">\n\t\t\t\t\t<div class=\"e-con-inner\">\n\t\t\t\t<div class=\"elementor-element elementor-element-2553c28 elementor-widget elementor-widget-image\" data-id=\"2553c28\" data-element_type=\"widget\" data-widget_type=\"image.default\">\n\t\t\t\t<div class=\"elementor-widget-container\">\n\t\t\t\t\t\t\t\t\t\t\t\t\t\t\t<img fetchpriority=\"high\" decoding=\"async\" width=\"800\" height=\"451\" src=\"https:\/\/mdeconverting.ro\/wp-content\/uploads\/bord-duster-1024x577.jpg\" class=\"attachment-large size-large wp-image-406\" alt=\"\" srcset=\"https:\/\/mdeconverting.ro\/wp-content\/uploads\/bord-duster-1024x577.jpg 1024w, https:\/\/mdeconverting.ro\/wp-content\/uploads\/bord-duster-300x169.jpg 300w, https:\/\/mdeconverting.ro\/wp-content\/uploads\/bord-duster-768x432.jpg 768w, https:\/\/mdeconverting.ro\/wp-content\/uploads\/bord-duster-1536x865.jpg 1536w, https:\/\/mdeconverting.ro\/wp-content\/uploads\/bord-duster.jpg 1920w\" sizes=\"(max-width: 800px) 100vw, 800px\" \/>\t\t\t\t\t\t\t\t\t\t\t\t\t\t\t<\/div>\n\t\t\t\t<\/div>\n\t\t\t\t\t<\/div>\n\t\t\t\t<\/div>\n\t\t<div class=\"elementor-element elementor-element-d3ef614 e-flex e-con-boxed e-con e-parent\" data-id=\"d3ef614\" data-element_type=\"container\">\n\t\t\t\t\t<div class=\"e-con-inner\">\n\t\t<div class=\"elementor-element elementor-element-5094414 e-con-full e-flex e-con e-child\" data-id=\"5094414\" data-element_type=\"container\">\n\t\t\t\t<div class=\"elementor-element elementor-element-9f130c3 elementor-widget elementor-widget-heading\" data-id=\"9f130c3\" data-element_type=\"widget\" data-widget_type=\"heading.default\">\n\t\t\t\t<div class=\"elementor-widget-container\">\n\t\t\t\t\t<h3 class=\"elementor-heading-title elementor-size-default translation-block\">Klebeb\u00e4nder<br>\nf\u00fcr innen und<br>\ndas \u00c4u\u00dfere des Fahrzeugs<\/h3>\t\t\t\t<\/div>\n\t\t\t\t<\/div>\n\t\t\t\t<\/div>\n\t\t<div class=\"elementor-element elementor-element-6535db5 e-con-full e-flex e-con e-child\" data-id=\"6535db5\" data-element_type=\"container\">\n\t\t\t\t<div class=\"elementor-element elementor-element-a69a94b elementor-widget elementor-widget-text-editor\" data-id=\"a69a94b\" data-element_type=\"widget\" data-widget_type=\"text-editor.default\">\n\t\t\t\t<div class=\"elementor-widget-container\">\n\t\t\t\t\t\t\t\t\t<p>Wir haben f\u00fcr jedes Material das richtige Band. Spezielle Klebeb\u00e4nder f\u00fcr die Automobilindustrie k\u00f6nnen auf Kunststoff-, Metall- oder Glasteilen angebracht werden, unabh\u00e4ngig davon, ob diese eine glatte oder raue Struktur aufweisen. Die Teile sind absolut sicher befestigt und halten lange Zeit, was der Lebensdauer des Fahrzeugs entspricht. Die Montage ist schnell, sauber und kosteng\u00fcnstig.<\/p><p>Wir sind darauf spezialisiert, die am besten geeigneten Materialien f\u00fcr Ihre Anwendung zu finden, und arbeiten mit den weltweit gr\u00f6\u00dften Rohstofflieferanten zusammen. Wir stellen sicher, dass die Verklebung perfekt ist und die f\u00fcr Ihr Projekt erforderlichen Toleranzen eingehalten werden.<\/p><p>Zusammen mit den Schaumstoffen in unserem Portfolio k\u00f6nnen Klebeb\u00e4nder die akustische, thermische oder wasserdichte Abdichtung, die in einem modernen Auto so notwendig ist, gew\u00e4hrleisten. Wir schneiden sie so zu, dass sie den verbleibenden Raum perfekt ausf\u00fcllen und so das Eindringen von Feuchtigkeit, Staub und Schmutz verhindern.<\/p>\t\t\t\t\t\t\t\t<\/div>\n\t\t\t\t<\/div>\n\t\t\t\t<\/div>\n\t\t\t\t\t<\/div>\n\t\t\t\t<\/div>\n\t\t<div class=\"elementor-element elementor-element-4918b71 e-flex e-con-boxed e-con e-parent\" data-id=\"4918b71\" data-element_type=\"container\">\n\t\t\t\t\t<div class=\"e-con-inner\">\n\t\t\t\t<div class=\"elementor-element elementor-element-6a006b0 elementor-widget elementor-widget-image\" data-id=\"6a006b0\" data-element_type=\"widget\" data-widget_type=\"image.default\">\n\t\t\t\t<div class=\"elementor-widget-container\">\n\t\t\t\t\t\t\t\t\t\t\t\t\t\t\t<img decoding=\"async\" width=\"1680\" height=\"945\" src=\"https:\/\/mdeconverting.ro\/wp-content\/uploads\/interior-mercedes.jpg\" class=\"attachment-full size-full wp-image-1818\" alt=\"\" srcset=\"https:\/\/mdeconverting.ro\/wp-content\/uploads\/interior-mercedes.jpg 1680w, https:\/\/mdeconverting.ro\/wp-content\/uploads\/interior-mercedes-300x169.jpg 300w, https:\/\/mdeconverting.ro\/wp-content\/uploads\/interior-mercedes-1024x576.jpg 1024w, https:\/\/mdeconverting.ro\/wp-content\/uploads\/interior-mercedes-768x432.jpg 768w, https:\/\/mdeconverting.ro\/wp-content\/uploads\/interior-mercedes-1536x864.jpg 1536w\" sizes=\"(max-width: 1680px) 100vw, 1680px\" \/>\t\t\t\t\t\t\t\t\t\t\t\t\t\t\t<\/div>\n\t\t\t\t<\/div>\n\t\t\t\t\t<\/div>\n\t\t\t\t<\/div>\n\t\t<div class=\"elementor-element elementor-element-b27a7cf e-flex e-con-boxed e-con e-parent\" data-id=\"b27a7cf\" data-element_type=\"container\">\n\t\t\t\t\t<div class=\"e-con-inner\">\n\t\t<div class=\"elementor-element elementor-element-276a57f e-con-full e-flex e-con e-child\" data-id=\"276a57f\" data-element_type=\"container\">\n\t\t\t\t<div class=\"elementor-element elementor-element-ffb0ecd elementor-widget elementor-widget-heading\" data-id=\"ffb0ecd\" data-element_type=\"widget\" data-widget_type=\"heading.default\">\n\t\t\t\t<div class=\"elementor-widget-container\">\n\t\t\t\t\t<h3 class=\"elementor-heading-title elementor-size-default\">Klebeb\u00e4nder f\u00fcr den Innenbereich<\/h3>\t\t\t\t<\/div>\n\t\t\t\t<\/div>\n\t\t\t\t<div class=\"elementor-element elementor-element-36f035d elementor-widget elementor-widget-heading\" data-id=\"36f035d\" data-element_type=\"widget\" data-widget_type=\"heading.default\">\n\t\t\t\t<div class=\"elementor-widget-container\">\n\t\t\t\t\t<h5 class=\"elementor-heading-title elementor-size-default\">Reduzierung von Schwingungen und L\u00e4rm<\/h5>\t\t\t\t<\/div>\n\t\t\t\t<\/div>\n\t\t\t\t<\/div>\n\t\t<div class=\"elementor-element elementor-element-25113dd e-con-full e-flex e-con e-child\" data-id=\"25113dd\" data-element_type=\"container\">\n\t\t\t\t<div class=\"elementor-element elementor-element-fa4fbbd elementor-widget elementor-widget-text-editor\" data-id=\"fa4fbbd\" data-element_type=\"widget\" data-widget_type=\"text-editor.default\">\n\t\t\t\t<div class=\"elementor-widget-container\">\n\t\t\t\t\t\t\t\t\t<p><strong>Garantierte Verklebung f\u00fcr absolute Ruhe<\/strong><\/p><p>Die mit Klebeband versehenen Teile sind so konzipiert, dass sie die Sicherheit und den Komfort der Fahrg\u00e4ste gew\u00e4hrleisten. Von Dichtungen, die das Eindringen von Wind in den Innenraum verhindern, bis hin zur Abdichtung eines Metallverschlusses, um die Ger\u00e4usche, die dieser w\u00e4hrend der Fahrt verursachen kann, zu vermeiden, sorgt die Verwendung von Klebeb\u00e4ndern f\u00fcr eine gr\u00f6\u00dfere Zufriedenheit der Benutzer.<\/p><p><b>Spezialklebeb\u00e4nder f\u00fcr den Innenbereich<\/b><\/p><p>Es ist wichtig, die Luftverschmutzung im Fahrzeuginnenraum so gering wie m\u00f6glich zu halten. Wir empfehlen daher Klebeb\u00e4nder mit geringen fl\u00fcchtigen Emissionen (Low VOC).<\/p><p><b>Design mit unbegrenzten M\u00f6glichkeiten<\/b><\/p><p>Durch ihre Flexibilit\u00e4t und Formbarkeit k\u00f6nnen die Spezialb\u00e4nder nahezu jeder Kontur dynamisch, wirtschaftlich und unsichtbar folgen. Dadurch kann Ihr Projekt alle Komfort- und Sicherheitsanforderungen des Benutzers erf\u00fcllen, ohne das Design des Fahrzeugs zu beeintr\u00e4chtigen.<\/p><p><b>Anwendungen<\/b><\/p><p>- Fahrerhaus<br \/><span style=\"color: var( --e-global-color-text ); font-size: 1rem;\">- Dekorative Elemente<br \/><\/span><span style=\"color: var( --e-global-color-text ); font-size: 1rem;\">- Dichtungen<br \/><\/span><span style=\"color: var( --e-global-color-text ); font-size: 1rem;\">- Bildschirme (<\/span><strong style=\"color: var( --e-global-color-text ); font-size: 1rem;\">mehr \u00fcber Bildschirme <u><a href=\"\/de\/industria-auto\/electronice\/\">hier<\/a><\/u><\/strong><u style=\"color: var( --e-global-color-text ); font-size: 1rem;\">)<\/u><\/p>\t\t\t\t\t\t\t\t<\/div>\n\t\t\t\t<\/div>\n\t\t\t\t<\/div>\n\t\t\t\t\t<\/div>\n\t\t\t\t<\/div>\n\t\t<div class=\"elementor-element elementor-element-c550423 e-flex e-con-boxed e-con e-parent\" data-id=\"c550423\" data-element_type=\"container\">\n\t\t\t\t\t<div class=\"e-con-inner\">\n\t\t\t\t<div class=\"elementor-element elementor-element-a65dab5 elementor-widget elementor-widget-image\" data-id=\"a65dab5\" data-element_type=\"widget\" data-widget_type=\"image.default\">\n\t\t\t\t<div class=\"elementor-widget-container\">\n\t\t\t\t\t\t\t\t\t\t\t\t\t\t\t<img decoding=\"async\" src=\"https:\/\/mdeconverting.ro\/wp-content\/uploads\/adeziv-exterior-automotiv-fabrica.webp\" title=\"adeziv-exterior-automotiv-fabrica\" alt=\"adeziv-exterior-automotiv-fabrica\" loading=\"lazy\" \/>\t\t\t\t\t\t\t\t\t\t\t\t\t\t\t<\/div>\n\t\t\t\t<\/div>\n\t\t\t\t\t<\/div>\n\t\t\t\t<\/div>\n\t\t<div class=\"elementor-element elementor-element-8574e9d e-flex e-con-boxed e-con e-parent\" data-id=\"8574e9d\" data-element_type=\"container\">\n\t\t\t\t\t<div class=\"e-con-inner\">\n\t\t<div class=\"elementor-element elementor-element-a8c1991 e-con-full e-flex e-con e-child\" data-id=\"a8c1991\" data-element_type=\"container\">\n\t\t\t\t<div class=\"elementor-element elementor-element-a1e90f1 elementor-widget elementor-widget-heading\" data-id=\"a1e90f1\" data-element_type=\"widget\" data-widget_type=\"heading.default\">\n\t\t\t\t<div class=\"elementor-widget-container\">\n\t\t\t\t\t<h3 class=\"elementor-heading-title elementor-size-default\">Klebeb\u00e4nder f\u00fcr den Au\u00dfenbereich<\/h3>\t\t\t\t<\/div>\n\t\t\t\t<\/div>\n\t\t\t\t<div class=\"elementor-element elementor-element-4bd43c8 elementor-widget elementor-widget-heading\" data-id=\"4bd43c8\" data-element_type=\"widget\" data-widget_type=\"heading.default\">\n\t\t\t\t<div class=\"elementor-widget-container\">\n\t\t\t\t\t<h5 class=\"elementor-heading-title elementor-size-default\">Perfekte, langanhaltende Fixierung<\/h5>\t\t\t\t<\/div>\n\t\t\t\t<\/div>\n\t\t\t\t<\/div>\n\t\t<div class=\"elementor-element elementor-element-c3e6225 e-con-full e-flex e-con e-child\" data-id=\"c3e6225\" data-element_type=\"container\">\n\t\t\t\t<div class=\"elementor-element elementor-element-5ba9eba elementor-widget elementor-widget-text-editor\" data-id=\"5ba9eba\" data-element_type=\"widget\" data-widget_type=\"text-editor.default\">\n\t\t\t\t<div class=\"elementor-widget-container\">\n\t\t\t\t\t\t\t\t\t<p><strong>B\u00e4nder, die den h\u00e4rtesten nat\u00fcrlichen Bedingungen standhalten<\/strong><\/p><p>Leistungsstarke, besonders witterungsbest\u00e4ndige Klebeb\u00e4nder werden f\u00fcr den Au\u00dfeneinsatz verwendet. Sie widerstehen hohen und niedrigen Temperaturen sowie UV-Strahlung und haben eine extrem lange Lebensdauer. Gleichzeitig sorgen sie daf\u00fcr, dass Schwingungen ged\u00e4mpft und unerw\u00fcnschte Ger\u00e4usche unterdr\u00fcckt werden.<\/p><p><strong>Perfekte Abdichtung und Nivellierung<\/strong><\/p><p>Mit einer verminderten St\u00e4rke verringern die B\u00e4nder die Unebenheiten der Au\u00dfenfl\u00e4chen und bieten zus\u00e4tzlichen Schutz vor eindringender Feuchtigkeit. Unser Team entwirft das richtige Design f\u00fcr Ihre Anwendung und sorgt daf\u00fcr, dass der Bediener, der die Teile am Auto montiert, eine einfache Arbeit hat.<\/p><p><strong>Anwendungsbeispiele<\/strong><\/p><p class=\"translation-block\">- Logos und Embleme<br>\n- Antennen<br>\n- Parksensoren<br>\n- Scheinwerfer oder Elemente davon<br>\n- Schwellen<br>\n- Dekorative Elemente<br>\n- R\u00fcckspiegel und Elemente davon<br><\/p>\t\t\t\t\t\t\t\t<\/div>\n\t\t\t\t<\/div>\n\t\t\t\t<\/div>\n\t\t\t\t\t<\/div>\n\t\t\t\t<\/div>\n\t\t\t\t<\/div>","protected":false},"excerpt":{"rendered":"<p>Benzi adezive pentru interiorul \u0219i exteriorul automobilului Avem banda potrivit\u0103 pentru orice material. Benzile adezive speciale pentru industria auto se pot aplica pe piese din plastic, metal sau sticl\u0103 indiferent dac\u0103 textura acestora este neted\u0103 sau rugoas\u0103. Piesele se fixeaz\u0103 \u00een siguran\u021b\u0103 deplin\u0103 \u0219i rezist\u0103 perioade \u00eendelungate, egale cu durata de via\u021b\u0103 a automobilului. Montajul [&hellip;]<\/p>","protected":false},"author":1,"featured_media":0,"parent":37,"menu_order":0,"comment_status":"closed","ping_status":"closed","template":"","meta":{"footnotes":""},"class_list":["post-55","page","type-page","status-publish","hentry"],"_links":{"self":[{"href":"https:\/\/mdeconverting.ro\/de\/wp-json\/wp\/v2\/pages\/55","targetHints":{"allow":["GET"]}}],"collection":[{"href":"https:\/\/mdeconverting.ro\/de\/wp-json\/wp\/v2\/pages"}],"about":[{"href":"https:\/\/mdeconverting.ro\/de\/wp-json\/wp\/v2\/types\/page"}],"author":[{"embeddable":true,"href":"https:\/\/mdeconverting.ro\/de\/wp-json\/wp\/v2\/users\/1"}],"replies":[{"embeddable":true,"href":"https:\/\/mdeconverting.ro\/de\/wp-json\/wp\/v2\/comments?post=55"}],"version-history":[{"count":10,"href":"https:\/\/mdeconverting.ro\/de\/wp-json\/wp\/v2\/pages\/55\/revisions"}],"predecessor-version":[{"id":2595,"href":"https:\/\/mdeconverting.ro\/de\/wp-json\/wp\/v2\/pages\/55\/revisions\/2595"}],"up":[{"embeddable":true,"href":"https:\/\/mdeconverting.ro\/de\/wp-json\/wp\/v2\/pages\/37"}],"wp:attachment":[{"href":"https:\/\/mdeconverting.ro\/de\/wp-json\/wp\/v2\/media?parent=55"}],"curies":[{"name":"wp","href":"https:\/\/api.w.org\/{rel}","templated":true}]}}