{"id":53,"date":"2022-03-23T15:55:38","date_gmt":"2022-03-23T13:55:38","guid":{"rendered":"https:\/\/mde.wameleon.ro\/?page_id=53"},"modified":"2022-05-04T10:29:52","modified_gmt":"2022-05-04T07:29:52","slug":"politica-cookie","status":"publish","type":"page","link":"https:\/\/mdeconverting.ro\/de\/politica-cookie\/","title":{"rendered":"Cookie-Richtlinie"},"content":{"rendered":"<p>\u00cencep\u00e2nd cu intrarea \u00een vigoare a Regulamentului European 2016\/679 privind protec\u021bia \u0219i prelucrarea datelor cu caracter personal \u0219i libera circula\u021bie a acestor date (GDPR), vizitatorii site-urilor web au dreptul s\u0103 fie informa\u021bi \u00een mod specific \u0219i la zi despre toate datele care sunt colectate despre ei, scopul colect\u0103rii ca \u0219i despre unde \u0219i cui sunt transmise aceste date.<\/p>\n<p>Site-ul nostru foloseste cookie-uri pentru a furniza vizitatorilor o experien\u021b\u0103 mult mai bun\u0103 de navigare \u0219i servicii adaptate nevoilor \u0219i interesului fiec\u0103ruia. \u201cCookie\u201d-urile au rolul de a facilita accesul \u0219i livrarea serviciilor folosite de utilizatorii de Internet, precum personalizarea anumitor set\u0103ri (limba, \u021bara, pre\u021buri afi\u0219ate \u00een moneda na\u021bional\u0103). \u201cCookie\u201d-urile, pe baza informa\u021biilor pe care le adun\u0103 despre utilizatori, \u00eei ajut\u0103 pe de\u021bin\u0103torii de site-uri s\u0103 \u00ee\u0219i eficientizeze produsul astfel \u00eenc\u00e2t acesta s\u0103 fie c\u00e2t mai u\u0219or accesat de c\u0103tre utilizatori \u0219i de asemenea, cresc gradul de eficien\u021b\u0103 a publicit\u0103\u021bii online.<\/p>\n<p>Cookie (\u201cbrowser cookie\u201d sau \u201cHTTP cookie\u201d) este un fi\u0219ier de mici dimensiuni, format din litere \u0219i numere, care este stocat pe orice terminal cu acces la Internet (computer, telefon mobil, tablet\u0103 etc.) \u0219i este instalat prin solicitarea emis\u0103 de un web-server unui browser (ex: Firefox, Chrome).<\/p>\n<p>Noile reguli impuse de GDPR au un impact direct \u0219i asupra politicii noastre cookie, pe care o actualiz\u0103m cu aceast\u0103 ocazie.<\/p>\n<p>Prin aceast\u0103 politic\u0103 inten\u021bion\u0103m s\u0103 v\u0103 inform\u0103m despre:<\/p>\n<ul>\n<li>Ce tip de cookie-uri exist\u0103 pe site-urile noastre,<\/li>\n<li>C\u00e2t timp persist\u0103 acestea \u00een browser-ele vizitatorilor,<\/li>\n<li>Ce date urm\u0103resc aceste cookie-uri,<\/li>\n<li>Care este scopul final al acestor cookie-uri (func\u021bionalitate, preferin\u021be, statistici, marketing etc.),<\/li>\n<li>Unde sunt trimise datele \u0219i cu cine sunt partajate,<\/li>\n<li>Cum se poate refuza utilizarea cookie-urilor \u0219i cum se pot schimba ulterior set\u0103rile browser-elor legate de cookie-uri.<\/li>\n<\/ul>\n<p>Regulamentul GDPR permite stocarea de cookie-uri pe echipamentele dumneavoastr\u0103 daca sunt strict necesare pentru buna func\u021bionarea a siteului web. Acest site web folose\u0219te diferite tipuri de cookie-uri. Anumite cookie-uri sunt instalate de c\u0103tre ter\u021bi. V\u0103 pute\u021bi modifica sau retrage \u00een orice moment consim\u021b\u0103m\u00e2ntul dat \u00een Politica de cookie.<\/p>\n<p>Pute\u021bi afla mai multe despre modul \u00een care prelucr\u0103m datele dumneavoastr\u0103 personale \u0219i despre cum ne pute\u021bi contacta din Politica de Confidentialitate.<\/p>\n<p>\u00cen cazul \u00een care dori\u021bi o setare mai granular\u0103 a cookie-urilor, acest lucru se poate face din setarile browser-ului. Toate browser-ele moderne ofer\u0103 posibilitatea de a schimba set\u0103rile cookie-urilor. Aceste set\u0103ri se gasesc de regul\u0103 \u00een \u201cop\u021biuni\u201d sau \u00een meniul de \u201cpreferin\u021be\u201d al browser-ului web.<\/p>\n<p>Pentru a \u00een\u021belege aceste set\u0103ri, urm\u0103toarele linkuri pot fi folositoare sau pute\u021bi folosi op\u021biunea \u201cajutor\u201d a browser-ului pentru mai multe detalii:<\/p>\n<ul>\n<li>Set\u0103ri cookie \u00een\u00a0<a title=\"Set\u0103ri cookie Firefox\" href=\"https:\/\/support.mozilla.org\/en-US\/kb\/enable-and-disable-cookies-website-preferences\" target=\"_blank\" rel=\"noopener noreferrer\" name=\"Set\u0103ri cookie Firefox\">Firefox<\/a><\/li>\n<li>Set\u0103ri cookie \u00een\u00a0<a title=\"Set\u0103ri cookie Chrome\" href=\"https:\/\/support.google.com\/chrome\/answer\/95647?hl=en&amp;hlrm=en\" target=\"_blank\" rel=\"noopener noreferrer\" name=\"Set\u0103ri cookie Chrome\">Chrome<\/a><\/li>\n<li>Set\u0103ri cookie \u00een\u00a0<a title=\"Set\u0103ri cookie Edge\" href=\"https:\/\/privacy.microsoft.com\/en-us\/windows-10-microsoft-edge-and-privacy\" target=\"_blank\" rel=\"noopener noreferrer\" name=\"Set\u0103ri cookie Edge\">Edge<\/a><\/li>\n<li>Set\u0103ri cookie \u00een\u00a0<a title=\"Set\u0103ri cookie Internet Explorer\" href=\"https:\/\/support.microsoft.com\/en-us\/help\/17442\/windows-internet-explorer-delete-manage-cookies#ie=ie-11\" target=\"_blank\" rel=\"noopener noreferrer\" name=\"Set\u0103ri cookie Internet Explorer\">Internet Explorer<\/a><\/li>\n<li>Set\u0103ri cookie \u00een\u00a0<a title=\"Set\u0103ri cookie Safari\" href=\"https:\/\/support.apple.com\/guide\/safari\/manage-cookies-and-website-data-sfri11471\/mac\" target=\"_blank\" rel=\"noopener noreferrer\" name=\"Set\u0103ri cookie Safari\">Safari<\/a><\/li>\n<li>Set\u0103ri cookie \u00een\u00a0<a title=\"Set\u0103ri cookie Opera\" href=\"https:\/\/www.opera.com\/help\/tutorials\/security\/privacy\/\" target=\"_blank\" rel=\"noopener noreferrer\" name=\"Set\u0103ri cookie Opera\">Opera<\/a><\/li>\n<\/ul>\n<p>Pentru a \u0219ti tot ce trebuie despre cookie-uri, inclusiv cum le pute\u021bi sterge de pe calculatorul sau dispozitivul dumneavoastr\u0103, v\u0103 rug\u0103m s\u0103 accesa\u021bi:\u00a0<a title=\"https:\/\/www.cookiebot.com\/en\/internet-cookies\/\" href=\"https:\/\/www.cookiebot.com\/en\/internet-cookies\/\" target=\"_blank\" rel=\"noopener noreferrer\" name=\"https:\/\/www.cookiebot.com\/en\/internet-cookies\/\">https:\/\/www.cookiebot.com\/en\/internet-cookies\/<\/a><\/p>","protected":false},"excerpt":{"rendered":"<p>\u00cencep\u00e2nd cu intrarea \u00een vigoare a Regulamentului European 2016\/679 privind protec\u021bia \u0219i prelucrarea datelor cu caracter personal \u0219i libera circula\u021bie a acestor date (GDPR), vizitatorii site-urilor web au dreptul s\u0103 fie informa\u021bi \u00een mod specific \u0219i la zi despre toate datele care sunt colectate despre ei, scopul colect\u0103rii ca \u0219i despre unde \u0219i cui sunt [&hellip;]<\/p>","protected":false},"author":1,"featured_media":0,"parent":0,"menu_order":0,"comment_status":"closed","ping_status":"closed","template":"","meta":{"footnotes":""},"class_list":["post-53","page","type-page","status-publish","hentry"],"_links":{"self":[{"href":"https:\/\/mdeconverting.ro\/de\/wp-json\/wp\/v2\/pages\/53","targetHints":{"allow":["GET"]}}],"collection":[{"href":"https:\/\/mdeconverting.ro\/de\/wp-json\/wp\/v2\/pages"}],"about":[{"href":"https:\/\/mdeconverting.ro\/de\/wp-json\/wp\/v2\/types\/page"}],"author":[{"embeddable":true,"href":"https:\/\/mdeconverting.ro\/de\/wp-json\/wp\/v2\/users\/1"}],"replies":[{"embeddable":true,"href":"https:\/\/mdeconverting.ro\/de\/wp-json\/wp\/v2\/comments?post=53"}],"version-history":[{"count":0,"href":"https:\/\/mdeconverting.ro\/de\/wp-json\/wp\/v2\/pages\/53\/revisions"}],"wp:attachment":[{"href":"https:\/\/mdeconverting.ro\/de\/wp-json\/wp\/v2\/media?parent=53"}],"curies":[{"name":"wp","href":"https:\/\/api.w.org\/{rel}","templated":true}]}}