{"id":47,"date":"2022-03-23T15:55:21","date_gmt":"2022-03-23T13:55:21","guid":{"rendered":"https:\/\/mde.wameleon.ro\/?page_id=47"},"modified":"2024-09-19T10:43:26","modified_gmt":"2024-09-19T07:43:26","slug":"servicii","status":"publish","type":"page","link":"https:\/\/mdeconverting.ro\/de\/servicii\/","title":{"rendered":"Dienstleistungen"},"content":{"rendered":"<div data-elementor-type=\"wp-page\" data-elementor-id=\"47\" class=\"elementor elementor-47\" data-elementor-post-type=\"page\">\n\t\t\t\t<div class=\"elementor-element elementor-element-008b94b e-flex e-con-boxed e-con e-parent\" data-id=\"008b94b\" data-element_type=\"container\">\n\t\t\t\t\t<div class=\"e-con-inner\">\n\t\t\t\t<div class=\"elementor-element elementor-element-593a791 elementor-widget elementor-widget-image\" data-id=\"593a791\" data-element_type=\"widget\" data-widget_type=\"image.default\">\n\t\t\t\t<div class=\"elementor-widget-container\">\n\t\t\t\t\t\t\t\t\t\t\t\t\t\t\t<img fetchpriority=\"high\" decoding=\"async\" width=\"1300\" height=\"655\" src=\"https:\/\/mdeconverting.ro\/wp-content\/uploads\/utilaje-mde-converting.jpg\" class=\"attachment-full size-full wp-image-1134\" alt=\"\" srcset=\"https:\/\/mdeconverting.ro\/wp-content\/uploads\/utilaje-mde-converting.jpg 1300w, https:\/\/mdeconverting.ro\/wp-content\/uploads\/utilaje-mde-converting-300x151.jpg 300w, https:\/\/mdeconverting.ro\/wp-content\/uploads\/utilaje-mde-converting-1024x516.jpg 1024w, https:\/\/mdeconverting.ro\/wp-content\/uploads\/utilaje-mde-converting-768x387.jpg 768w\" sizes=\"(max-width: 1300px) 100vw, 1300px\" \/>\t\t\t\t\t\t\t\t\t\t\t\t\t\t\t<\/div>\n\t\t\t\t<\/div>\n\t\t\t\t<div class=\"elementor-element elementor-element-d7cb4f5 elementor-widget elementor-widget-heading\" data-id=\"d7cb4f5\" data-element_type=\"widget\" data-widget_type=\"heading.default\">\n\t\t\t\t<div class=\"elementor-widget-container\">\n\t\t\t\t\t<h2 class=\"elementor-heading-title elementor-size-default\">Umrechnung<\/h2>\t\t\t\t<\/div>\n\t\t\t\t<\/div>\n\t\t\t\t<div class=\"elementor-element elementor-element-4c5008d elementor-widget elementor-widget-text-editor\" data-id=\"4c5008d\" data-element_type=\"widget\" data-widget_type=\"text-editor.default\">\n\t\t\t\t<div class=\"elementor-widget-container\">\n\t\t\t\t\t\t\t\t\t<p><strong>Klebeb\u00e4nder  |  Schaumstoffe  |  Schutzfolien<\/strong><\/p><p>Alles, was wir tun, beginnt mit einer Rolle. Aber die Verarbeitung ist viel mehr als nur das Schneiden einer gro\u00dfen Rolle auf eine kleinere Breite.<\/p><p>Unser Leistungsspektrum ist jedoch viel breiter gef\u00e4chert. Wir verf\u00fcgen \u00fcber einen modernen Maschinenpark, mit dem wir das Rohmaterial bis ins kleinste Detail verarbeiten k\u00f6nnen, um auch den h\u00f6chsten Anforderungen gerecht zu werden.<\/p>\t\t\t\t\t\t\t\t<\/div>\n\t\t\t\t<\/div>\n\t\t\t\t<div class=\"elementor-element elementor-element-657ea9f elementor-widget elementor-widget-shortcode\" data-id=\"657ea9f\" data-element_type=\"widget\" data-widget_type=\"shortcode.default\">\n\t\t\t\t<div class=\"elementor-widget-container\">\n\t\t\t\t\t\t\t<div class=\"elementor-shortcode\">\t\t<div data-elementor-type=\"section\" data-elementor-id=\"1772\" class=\"elementor elementor-1772\" data-elementor-post-type=\"elementor_library\">\n\t\t\t\t\t<section class=\"elementor-section elementor-top-section elementor-element elementor-element-f698150 elementor-section-boxed elementor-section-height-default elementor-section-height-default\" data-id=\"f698150\" data-element_type=\"section\">\n\t\t\t\t\t\t<div class=\"elementor-container elementor-column-gap-default\">\n\t\t\t\t\t<div class=\"elementor-column elementor-col-100 elementor-top-column elementor-element elementor-element-3a1a1bb\" data-id=\"3a1a1bb\" data-element_type=\"column\">\n\t\t\t<div class=\"elementor-widget-wrap elementor-element-populated\">\n\t\t\t\t\t\t<section class=\"elementor-section elementor-inner-section elementor-element elementor-element-aa2fa4b elementor-section-boxed elementor-section-height-default elementor-section-height-default\" data-id=\"aa2fa4b\" data-element_type=\"section\">\n\t\t\t\t\t\t<div class=\"elementor-container elementor-column-gap-wide\">\n\t\t\t\t\t<div class=\"elementor-column elementor-col-33 elementor-inner-column elementor-element elementor-element-12ea6ae\" data-id=\"12ea6ae\" data-element_type=\"column\">\n\t\t\t<div class=\"elementor-widget-wrap elementor-element-populated\">\n\t\t\t\t\t\t<div class=\"elementor-element elementor-element-51632bd elementor-widget__width-auto elementor-absolute elementor-widget elementor-widget-heading\" data-id=\"51632bd\" data-element_type=\"widget\" data-settings=\"{&quot;_position&quot;:&quot;absolute&quot;}\" data-widget_type=\"heading.default\">\n\t\t\t\t<div class=\"elementor-widget-container\">\n\t\t\t\t\t<h5 class=\"elementor-heading-title elementor-size-default\"><a href=\"\/de\/servicii\/rulare-derulare\/\">Rewinding<\/a><\/h5>\t\t\t\t<\/div>\n\t\t\t\t<\/div>\n\t\t\t\t<div class=\"elementor-element elementor-element-8ad19d9 elementor-widget elementor-widget-image\" data-id=\"8ad19d9\" data-element_type=\"widget\" data-widget_type=\"image.default\">\n\t\t\t\t<div class=\"elementor-widget-container\">\n\t\t\t\t\t\t\t\t\t\t\t\t\t\t\t\t<a href=\"\/de\/servicii\/rulare-derulare\/\">\n\t\t\t\t\t\t\t<img decoding=\"async\" width=\"401\" height=\"401\" src=\"https:\/\/mdeconverting.ro\/wp-content\/uploads\/rewind.jpg\" class=\"attachment-full size-full wp-image-1687\" alt=\"3M preferred converter\" srcset=\"https:\/\/mdeconverting.ro\/wp-content\/uploads\/rewind.jpg 401w, https:\/\/mdeconverting.ro\/wp-content\/uploads\/rewind-300x300.jpg 300w\" sizes=\"(max-width: 401px) 100vw, 401px\" \/>\t\t\t\t\t\t\t\t<\/a>\n\t\t\t\t\t\t\t\t\t\t\t\t\t\t\t<\/div>\n\t\t\t\t<\/div>\n\t\t\t\t\t<\/div>\n\t\t<\/div>\n\t\t\t\t<div class=\"elementor-column elementor-col-33 elementor-inner-column elementor-element elementor-element-d21c421\" data-id=\"d21c421\" data-element_type=\"column\">\n\t\t\t<div class=\"elementor-widget-wrap elementor-element-populated\">\n\t\t\t\t\t\t<div class=\"elementor-element elementor-element-8d952ba elementor-widget__width-auto elementor-absolute elementor-widget elementor-widget-heading\" data-id=\"8d952ba\" data-element_type=\"widget\" data-settings=\"{&quot;_position&quot;:&quot;absolute&quot;}\" data-widget_type=\"heading.default\">\n\t\t\t\t<div class=\"elementor-widget-container\">\n\t\t\t\t\t<h5 class=\"elementor-heading-title elementor-size-default\"><a href=\"\/de\/servicii\/feliere\/\">Slitting\n<\/a><\/h5>\t\t\t\t<\/div>\n\t\t\t\t<\/div>\n\t\t\t\t<div class=\"elementor-element elementor-element-e746357 elementor-widget elementor-widget-image\" data-id=\"e746357\" data-element_type=\"widget\" data-widget_type=\"image.default\">\n\t\t\t\t<div class=\"elementor-widget-container\">\n\t\t\t\t\t\t\t\t\t\t\t\t\t\t\t\t<a href=\"\/de\/servicii\/feliere\/\">\n\t\t\t\t\t\t\t<img decoding=\"async\" width=\"401\" height=\"401\" src=\"https:\/\/mdeconverting.ro\/wp-content\/uploads\/slicing.jpg\" class=\"attachment-full size-full wp-image-1683\" alt=\"\" srcset=\"https:\/\/mdeconverting.ro\/wp-content\/uploads\/slicing.jpg 401w, https:\/\/mdeconverting.ro\/wp-content\/uploads\/slicing-300x300.jpg 300w\" sizes=\"(max-width: 401px) 100vw, 401px\" \/>\t\t\t\t\t\t\t\t<\/a>\n\t\t\t\t\t\t\t\t\t\t\t\t\t\t\t<\/div>\n\t\t\t\t<\/div>\n\t\t\t\t\t<\/div>\n\t\t<\/div>\n\t\t\t\t<div class=\"elementor-column elementor-col-33 elementor-inner-column elementor-element elementor-element-3e5764a\" data-id=\"3e5764a\" data-element_type=\"column\">\n\t\t\t<div class=\"elementor-widget-wrap elementor-element-populated\">\n\t\t\t\t\t\t<div class=\"elementor-element elementor-element-c9053a2 elementor-widget__width-auto elementor-absolute elementor-widget elementor-widget-heading\" data-id=\"c9053a2\" data-element_type=\"widget\" data-settings=\"{&quot;_position&quot;:&quot;absolute&quot;}\" data-widget_type=\"heading.default\">\n\t\t\t\t<div class=\"elementor-widget-container\">\n\t\t\t\t\t<h5 class=\"elementor-heading-title elementor-size-default\"><a href=\"\/de\/servicii\/laminare\/\">Laminating<\/a><\/h5>\t\t\t\t<\/div>\n\t\t\t\t<\/div>\n\t\t\t\t<div class=\"elementor-element elementor-element-bce88e9 elementor-widget elementor-widget-image\" data-id=\"bce88e9\" data-element_type=\"widget\" data-widget_type=\"image.default\">\n\t\t\t\t<div class=\"elementor-widget-container\">\n\t\t\t\t\t\t\t\t\t\t\t\t\t\t\t\t<a href=\"\/de\/servicii\/laminare\/\">\n\t\t\t\t\t\t\t<img loading=\"lazy\" decoding=\"async\" width=\"401\" height=\"401\" src=\"https:\/\/mdeconverting.ro\/wp-content\/uploads\/laminating.jpg\" class=\"attachment-full size-full wp-image-1686\" alt=\"\" srcset=\"https:\/\/mdeconverting.ro\/wp-content\/uploads\/laminating.jpg 401w, https:\/\/mdeconverting.ro\/wp-content\/uploads\/laminating-300x300.jpg 300w\" sizes=\"(max-width: 401px) 100vw, 401px\" \/>\t\t\t\t\t\t\t\t<\/a>\n\t\t\t\t\t\t\t\t\t\t\t\t\t\t\t<\/div>\n\t\t\t\t<\/div>\n\t\t\t\t\t<\/div>\n\t\t<\/div>\n\t\t\t\t\t<\/div>\n\t\t<\/section>\n\t\t\t\t\t<\/div>\n\t\t<\/div>\n\t\t\t\t\t<\/div>\n\t\t<\/section>\n\t\t\t\t<section class=\"elementor-section elementor-top-section elementor-element elementor-element-029ae8e elementor-section-boxed elementor-section-height-default elementor-section-height-default\" data-id=\"029ae8e\" data-element_type=\"section\">\n\t\t\t\t\t\t<div class=\"elementor-container elementor-column-gap-default\">\n\t\t\t\t\t<div class=\"elementor-column elementor-col-100 elementor-top-column elementor-element elementor-element-1618795\" data-id=\"1618795\" data-element_type=\"column\">\n\t\t\t<div class=\"elementor-widget-wrap elementor-element-populated\">\n\t\t\t\t\t\t<section class=\"elementor-section elementor-inner-section elementor-element elementor-element-7f1f000 elementor-section-boxed elementor-section-height-default elementor-section-height-default\" data-id=\"7f1f000\" data-element_type=\"section\">\n\t\t\t\t\t\t<div class=\"elementor-container elementor-column-gap-wide\">\n\t\t\t\t\t<div class=\"elementor-column elementor-col-33 elementor-inner-column elementor-element elementor-element-e47233e\" data-id=\"e47233e\" data-element_type=\"column\">\n\t\t\t<div class=\"elementor-widget-wrap elementor-element-populated\">\n\t\t\t\t\t\t<div class=\"elementor-element elementor-element-e4fb1cf elementor-widget__width-auto elementor-absolute elementor-widget elementor-widget-heading\" data-id=\"e4fb1cf\" data-element_type=\"widget\" data-settings=\"{&quot;_position&quot;:&quot;absolute&quot;}\" data-widget_type=\"heading.default\">\n\t\t\t\t<div class=\"elementor-widget-container\">\n\t\t\t\t\t<h5 class=\"elementor-heading-title elementor-size-default\"><a href=\"\/de\/servicii\/taiere-prin-stantare\/\">Die-Cutting<\/a><\/h5>\t\t\t\t<\/div>\n\t\t\t\t<\/div>\n\t\t\t\t<div class=\"elementor-element elementor-element-fa4843f elementor-widget elementor-widget-image\" data-id=\"fa4843f\" data-element_type=\"widget\" data-widget_type=\"image.default\">\n\t\t\t\t<div class=\"elementor-widget-container\">\n\t\t\t\t\t\t\t\t\t\t\t\t\t\t\t\t<a href=\"\/de\/servicii\/taiere-prin-stantare\/\">\n\t\t\t\t\t\t\t<img loading=\"lazy\" decoding=\"async\" width=\"401\" height=\"401\" src=\"https:\/\/mdeconverting.ro\/wp-content\/uploads\/kiss-cut.jpg\" class=\"attachment-full size-full wp-image-1685\" alt=\"\" srcset=\"https:\/\/mdeconverting.ro\/wp-content\/uploads\/kiss-cut.jpg 401w, https:\/\/mdeconverting.ro\/wp-content\/uploads\/kiss-cut-300x300.jpg 300w\" sizes=\"(max-width: 401px) 100vw, 401px\" \/>\t\t\t\t\t\t\t\t<\/a>\n\t\t\t\t\t\t\t\t\t\t\t\t\t\t\t<\/div>\n\t\t\t\t<\/div>\n\t\t\t\t\t<\/div>\n\t\t<\/div>\n\t\t\t\t<div class=\"elementor-column elementor-col-33 elementor-inner-column elementor-element elementor-element-a5fa4d7\" data-id=\"a5fa4d7\" data-element_type=\"column\">\n\t\t\t<div class=\"elementor-widget-wrap elementor-element-populated\">\n\t\t\t\t\t\t<div class=\"elementor-element elementor-element-994fc58 elementor-widget__width-auto elementor-absolute elementor-widget elementor-widget-heading\" data-id=\"994fc58\" data-element_type=\"widget\" data-settings=\"{&quot;_position&quot;:&quot;absolute&quot;}\" data-widget_type=\"heading.default\">\n\t\t\t\t<div class=\"elementor-widget-container\">\n\t\t\t\t\t<h5 class=\"elementor-heading-title elementor-size-default\"><a href=\"\/de\/servicii\/taiere-prin-decupare\/\">Kiss-Cutting<\/a><\/h5>\t\t\t\t<\/div>\n\t\t\t\t<\/div>\n\t\t\t\t<div class=\"elementor-element elementor-element-2b7b362 elementor-widget elementor-widget-image\" data-id=\"2b7b362\" data-element_type=\"widget\" data-widget_type=\"image.default\">\n\t\t\t\t<div class=\"elementor-widget-container\">\n\t\t\t\t\t\t\t\t\t\t\t\t\t\t\t\t<a href=\"\/de\/servicii\/taiere-prin-decupare\/\">\n\t\t\t\t\t\t\t<img loading=\"lazy\" decoding=\"async\" width=\"401\" height=\"401\" src=\"https:\/\/mdeconverting.ro\/wp-content\/uploads\/decupare.jpg\" class=\"attachment-full size-full wp-image-1690\" alt=\"\" srcset=\"https:\/\/mdeconverting.ro\/wp-content\/uploads\/decupare.jpg 401w, https:\/\/mdeconverting.ro\/wp-content\/uploads\/decupare-300x300.jpg 300w\" sizes=\"(max-width: 401px) 100vw, 401px\" \/>\t\t\t\t\t\t\t\t<\/a>\n\t\t\t\t\t\t\t\t\t\t\t\t\t\t\t<\/div>\n\t\t\t\t<\/div>\n\t\t\t\t\t<\/div>\n\t\t<\/div>\n\t\t\t\t<div class=\"elementor-column elementor-col-33 elementor-inner-column elementor-element elementor-element-ff6ce49\" data-id=\"ff6ce49\" data-element_type=\"column\">\n\t\t\t<div class=\"elementor-widget-wrap elementor-element-populated\">\n\t\t\t\t\t\t<div class=\"elementor-element elementor-element-b865aad elementor-widget__width-auto elementor-absolute elementor-widget elementor-widget-heading\" data-id=\"b865aad\" data-element_type=\"widget\" data-settings=\"{&quot;_position&quot;:&quot;absolute&quot;}\" data-widget_type=\"heading.default\">\n\t\t\t\t<div class=\"elementor-widget-container\">\n\t\t\t\t\t<h5 class=\"elementor-heading-title elementor-size-default\">Research &amp; Development<\/h5>\t\t\t\t<\/div>\n\t\t\t\t<\/div>\n\t\t\t\t<div class=\"elementor-element elementor-element-3957fef elementor-widget elementor-widget-image\" data-id=\"3957fef\" data-element_type=\"widget\" data-widget_type=\"image.default\">\n\t\t\t\t<div class=\"elementor-widget-container\">\n\t\t\t\t\t\t\t\t\t\t\t\t\t\t\t\t<a href=\"\/de\/servicii\/taiere-cu-laser\/\">\n\t\t\t\t\t\t\t<img decoding=\"async\" src=\"https:\/\/mdeconverting.ro\/wp-content\/uploads\/elementor\/thumbs\/cercetare-ps2z5odyczdfswfwnegdt5nryu5yrrni1oqw4ilcbk.jpg\" title=\"cercetare\" alt=\"cercetare\" loading=\"lazy\" \/>\t\t\t\t\t\t\t\t<\/a>\n\t\t\t\t\t\t\t\t\t\t\t\t\t\t\t<\/div>\n\t\t\t\t<\/div>\n\t\t\t\t\t<\/div>\n\t\t<\/div>\n\t\t\t\t\t<\/div>\n\t\t<\/section>\n\t\t\t\t\t<\/div>\n\t\t<\/div>\n\t\t\t\t\t<\/div>\n\t\t<\/section>\n\t\t\t\t<\/div>\n\t\t<\/div>\n\t\t\t\t\t\t<\/div>\n\t\t\t\t<\/div>\n\t\t\t\t<div class=\"elementor-element elementor-element-2726961 elementor-align-center elementor-widget elementor-widget-button\" data-id=\"2726961\" data-element_type=\"widget\" data-widget_type=\"button.default\">\n\t\t\t\t<div class=\"elementor-widget-container\">\n\t\t\t\t\t\t\t\t\t<div class=\"elementor-button-wrapper\">\n\t\t\t\t\t<a class=\"elementor-button elementor-button-link elementor-size-lg\" href=\"\/de\/solicita-mostra-gratuita\/\">\n\t\t\t\t\t\t<span class=\"elementor-button-content-wrapper\">\n\t\t\t\t\t\t\t\t\t<span class=\"elementor-button-text\">FORDERN SIE UNSERE DIENSTLEISTUNGEN AN!<\/span>\n\t\t\t\t\t<\/span>\n\t\t\t\t\t<\/a>\n\t\t\t\t<\/div>\n\t\t\t\t\t\t\t\t<\/div>\n\t\t\t\t<\/div>\n\t\t\t\t\t<\/div>\n\t\t\t\t<\/div>\n\t\t\t\t<\/div>","protected":false},"excerpt":{"rendered":"<p>Conversie Benzi adezive\u00a0 |\u00a0 Spume\u00a0 |\u00a0 Folii de protec\u021bie Tot ceea ce facem \u00eencepe cu o rol\u0103. \u00cens\u0103 conversia \u00eenseamn\u0103 mult mai mult dec\u00e2t o debitare simpl\u0103 a unei role mari la o l\u0103\u021bime mai mic\u0103. \u00cens\u0103 gama de servicii pe care le oferim este mult mai larg\u0103, av\u00e2nd cele mai moderne utilaje care asigura [&hellip;]<\/p>","protected":false},"author":1,"featured_media":0,"parent":0,"menu_order":0,"comment_status":"closed","ping_status":"closed","template":"","meta":{"footnotes":""},"class_list":["post-47","page","type-page","status-publish","hentry"],"_links":{"self":[{"href":"https:\/\/mdeconverting.ro\/de\/wp-json\/wp\/v2\/pages\/47","targetHints":{"allow":["GET"]}}],"collection":[{"href":"https:\/\/mdeconverting.ro\/de\/wp-json\/wp\/v2\/pages"}],"about":[{"href":"https:\/\/mdeconverting.ro\/de\/wp-json\/wp\/v2\/types\/page"}],"author":[{"embeddable":true,"href":"https:\/\/mdeconverting.ro\/de\/wp-json\/wp\/v2\/users\/1"}],"replies":[{"embeddable":true,"href":"https:\/\/mdeconverting.ro\/de\/wp-json\/wp\/v2\/comments?post=47"}],"version-history":[{"count":7,"href":"https:\/\/mdeconverting.ro\/de\/wp-json\/wp\/v2\/pages\/47\/revisions"}],"predecessor-version":[{"id":2384,"href":"https:\/\/mdeconverting.ro\/de\/wp-json\/wp\/v2\/pages\/47\/revisions\/2384"}],"wp:attachment":[{"href":"https:\/\/mdeconverting.ro\/de\/wp-json\/wp\/v2\/media?parent=47"}],"curies":[{"name":"wp","href":"https:\/\/api.w.org\/{rel}","templated":true}]}}