{"id":41,"date":"2022-03-23T15:55:00","date_gmt":"2022-03-23T13:55:00","guid":{"rendered":"https:\/\/mde.wameleon.ro\/?page_id=41"},"modified":"2024-09-18T14:57:52","modified_gmt":"2024-09-18T11:57:52","slug":"alte-industrii","status":"publish","type":"page","link":"https:\/\/mdeconverting.ro\/de\/alte-industrii\/","title":{"rendered":"Andere Branchen"},"content":{"rendered":"<div data-elementor-type=\"wp-page\" data-elementor-id=\"41\" class=\"elementor elementor-41\" data-elementor-post-type=\"page\">\n\t\t\t\t<div class=\"elementor-element elementor-element-62fef80 e-flex e-con-boxed e-con e-parent\" data-id=\"62fef80\" data-element_type=\"container\">\n\t\t\t\t\t<div class=\"e-con-inner\">\n\t\t\t\t<div class=\"elementor-element elementor-element-7b0d317 elementor-widget elementor-widget-image\" data-id=\"7b0d317\" data-element_type=\"widget\" data-widget_type=\"image.default\">\n\t\t\t\t<div class=\"elementor-widget-container\">\n\t\t\t\t\t\t\t\t\t\t\t\t\t\t\t<img fetchpriority=\"high\" decoding=\"async\" width=\"1300\" height=\"450\" src=\"https:\/\/mdeconverting.ro\/wp-content\/uploads\/flexografie.jpg\" class=\"attachment-full size-full wp-image-791\" alt=\"flexografie\" srcset=\"https:\/\/mdeconverting.ro\/wp-content\/uploads\/flexografie.jpg 1300w, https:\/\/mdeconverting.ro\/wp-content\/uploads\/flexografie-300x104.jpg 300w, https:\/\/mdeconverting.ro\/wp-content\/uploads\/flexografie-1024x354.jpg 1024w, https:\/\/mdeconverting.ro\/wp-content\/uploads\/flexografie-768x266.jpg 768w\" sizes=\"(max-width: 1300px) 100vw, 1300px\" \/>\t\t\t\t\t\t\t\t\t\t\t\t\t\t\t<\/div>\n\t\t\t\t<\/div>\n\t\t\t\t\t<\/div>\n\t\t\t\t<\/div>\n\t\t<div class=\"elementor-element elementor-element-ceac4c2 e-flex e-con-boxed e-con e-parent\" data-id=\"ceac4c2\" data-element_type=\"container\" data-settings=\"{&quot;background_background&quot;:&quot;classic&quot;}\">\n\t\t\t\t\t<div class=\"e-con-inner\">\n\t\t\t\t<div class=\"elementor-element elementor-element-d1fb776 elementor-widget elementor-widget-text-editor\" data-id=\"d1fb776\" data-element_type=\"widget\" data-widget_type=\"text-editor.default\">\n\t\t\t\t<div class=\"elementor-widget-container\">\n\t\t\t\t\t\t\t\t\t<p>Wir bieten praktische L\u00f6sungen f\u00fcr fast alle Branchen. Ganz gleich, ob Sie in der Elektronik-, Werbe-, Flexodruck- oder M\u00f6belbranche t\u00e4tig sind, wir haben sicher ein spannendes Produktangebot f\u00fcr Ihre Herausforderungen.<\/p>\t\t\t\t\t\t\t\t<\/div>\n\t\t\t\t<\/div>\n\t\t\t\t\t<\/div>\n\t\t\t\t<\/div>\n\t\t<div class=\"elementor-element elementor-element-fff02b0 e-flex e-con-boxed e-con e-parent\" data-id=\"fff02b0\" data-element_type=\"container\">\n\t\t\t\t\t<div class=\"e-con-inner\">\n\t\t<div class=\"elementor-element elementor-element-6080b09 e-con-full e-flex e-con e-child\" data-id=\"6080b09\" data-element_type=\"container\">\n\t\t\t\t<div class=\"elementor-element elementor-element-0d8fed2 elementor--h-position-center elementor--v-position-middle elementor-arrows-position-inside elementor-pagination-position-inside elementor-widget elementor-widget-slides\" data-id=\"0d8fed2\" data-element_type=\"widget\" data-settings=\"{&quot;navigation&quot;:&quot;both&quot;,&quot;autoplay&quot;:&quot;yes&quot;,&quot;pause_on_hover&quot;:&quot;yes&quot;,&quot;pause_on_interaction&quot;:&quot;yes&quot;,&quot;autoplay_speed&quot;:5000,&quot;infinite&quot;:&quot;yes&quot;,&quot;transition&quot;:&quot;slide&quot;,&quot;transition_speed&quot;:500}\" data-widget_type=\"slides.default\">\n\t\t\t\t<div class=\"elementor-widget-container\">\n\t\t\t\t\t\t\t\t\t<div class=\"elementor-swiper\">\n\t\t\t\t\t<div class=\"elementor-slides-wrapper elementor-main-swiper swiper\" role=\"region\" aria-roledescription=\"carousel\" aria-label=\"Slides\" dir=\"ltr\" data-animation=\"fadeInUp\">\n\t\t\t\t<div class=\"swiper-wrapper elementor-slides\">\n\t\t\t\t\t\t\t\t\t\t<div class=\"elementor-repeater-item-3755276 swiper-slide\" role=\"group\" aria-roledescription=\"slide\"><div class=\"swiper-slide-bg\" role=\"img\" aria-label=\"ceas-apa\"><\/div><div class=\"elementor-background-overlay\"><\/div><a class=\"swiper-slide-inner\" href=\"\/de\/alte-industrii\/electronice\/\"><div class=\"swiper-slide-contents\"><div class=\"elementor-slide-heading\">Elektronik<\/div><div class=\"elementor-slide-description\">Wir helfen Ihnen, heute Ger\u00e4te zu produzieren, die Ihr Unternehmen in der Zukunft weiterentwickeln werden. <\/div><div  class=\"elementor-button elementor-slide-button elementor-size-sm\">mehr lesen<\/div><\/div><\/a><\/div>\t\t\t\t<\/div>\n\t\t\t\t\t\t\t<\/div>\n\t\t\t\t<\/div>\n\t\t\t\t\t\t\t\t<\/div>\n\t\t\t\t<\/div>\n\t\t\t\t<\/div>\n\t\t<div class=\"elementor-element elementor-element-cfe55b4 e-con-full e-flex e-con e-child\" data-id=\"cfe55b4\" data-element_type=\"container\">\n\t\t\t\t<div class=\"elementor-element elementor-element-a52dacc elementor--h-position-center elementor--v-position-middle elementor-arrows-position-inside elementor-pagination-position-inside elementor-widget elementor-widget-slides\" data-id=\"a52dacc\" data-element_type=\"widget\" data-settings=\"{&quot;navigation&quot;:&quot;both&quot;,&quot;autoplay&quot;:&quot;yes&quot;,&quot;pause_on_hover&quot;:&quot;yes&quot;,&quot;pause_on_interaction&quot;:&quot;yes&quot;,&quot;autoplay_speed&quot;:5000,&quot;infinite&quot;:&quot;yes&quot;,&quot;transition&quot;:&quot;slide&quot;,&quot;transition_speed&quot;:500}\" data-widget_type=\"slides.default\">\n\t\t\t\t<div class=\"elementor-widget-container\">\n\t\t\t\t\t\t\t\t\t<div class=\"elementor-swiper\">\n\t\t\t\t\t<div class=\"elementor-slides-wrapper elementor-main-swiper swiper\" role=\"region\" aria-roledescription=\"carousel\" aria-label=\"Slides\" dir=\"ltr\" data-animation=\"fadeInUp\">\n\t\t\t\t<div class=\"swiper-wrapper elementor-slides\">\n\t\t\t\t\t\t\t\t\t\t<div class=\"elementor-repeater-item-3755276 swiper-slide\" role=\"group\" aria-roledescription=\"slide\"><div class=\"swiper-slide-bg\" role=\"img\" aria-label=\"flexografie\"><\/div><div class=\"elementor-background-overlay\"><\/div><a class=\"swiper-slide-inner\" href=\"\/de\/alte-industrii\/publicitate-imprimare-flexografica\/\"><div class=\"swiper-slide-contents\"><div class=\"elementor-slide-heading\">Werbung und Druck<\/div><div class=\"elementor-slide-description\">Papier- oder Folieneinf\u00fcgungsb\u00e4nder, Montageh\u00fclsen f\u00fcr Klischee und Montageb\u00e4nder f\u00fcr Klischee sind nur einige Beispiele aus unserem Komplettangebot f\u00fcr die Papierherstellung und -verarbeitung.<\/div><div  class=\"elementor-button elementor-slide-button elementor-size-sm\">mehr lesen<\/div><\/div><\/a><\/div>\t\t\t\t<\/div>\n\t\t\t\t\t\t\t<\/div>\n\t\t\t\t<\/div>\n\t\t\t\t\t\t\t\t<\/div>\n\t\t\t\t<\/div>\n\t\t\t\t<\/div>\n\t\t\t\t\t<\/div>\n\t\t\t\t<\/div>\n\t\t\t\t<\/div>","protected":false},"excerpt":{"rendered":"<p>Oferim solu\u021bii practice pentru aproape orice industrie. Fie ca activezi \u00een domeniul produselor electronice, a publicitati, a imprim\u0103rii flexografice, a mobilei sigur avem o propunere interesant\u0103 de produse pentru provoc\u0103rile tale. ElectroniceTe ajut\u0103m s\u0103 produci ast\u0103zi echipamente care vor dezvolta societatea \u00een viitor. mai mult \u2192 Publicitate &#038; Imprimare flexografic\u0103Benzile de \u00eembinare a h\u00e2rtiei sau [&hellip;]<\/p>","protected":false},"author":1,"featured_media":0,"parent":0,"menu_order":0,"comment_status":"closed","ping_status":"closed","template":"","meta":{"footnotes":""},"class_list":["post-41","page","type-page","status-publish","hentry"],"_links":{"self":[{"href":"https:\/\/mdeconverting.ro\/de\/wp-json\/wp\/v2\/pages\/41","targetHints":{"allow":["GET"]}}],"collection":[{"href":"https:\/\/mdeconverting.ro\/de\/wp-json\/wp\/v2\/pages"}],"about":[{"href":"https:\/\/mdeconverting.ro\/de\/wp-json\/wp\/v2\/types\/page"}],"author":[{"embeddable":true,"href":"https:\/\/mdeconverting.ro\/de\/wp-json\/wp\/v2\/users\/1"}],"replies":[{"embeddable":true,"href":"https:\/\/mdeconverting.ro\/de\/wp-json\/wp\/v2\/comments?post=41"}],"version-history":[{"count":9,"href":"https:\/\/mdeconverting.ro\/de\/wp-json\/wp\/v2\/pages\/41\/revisions"}],"predecessor-version":[{"id":2332,"href":"https:\/\/mdeconverting.ro\/de\/wp-json\/wp\/v2\/pages\/41\/revisions\/2332"}],"wp:attachment":[{"href":"https:\/\/mdeconverting.ro\/de\/wp-json\/wp\/v2\/media?parent=41"}],"curies":[{"name":"wp","href":"https:\/\/api.w.org\/{rel}","templated":true}]}}