{"id":39,"date":"2022-03-23T15:54:52","date_gmt":"2022-03-23T13:54:52","guid":{"rendered":"https:\/\/mde.wameleon.ro\/?page_id=39"},"modified":"2024-09-18T14:52:36","modified_gmt":"2024-09-18T11:52:36","slug":"haushaltsgerate","status":"publish","type":"page","link":"https:\/\/mdeconverting.ro\/de\/haushaltsgerate\/","title":{"rendered":"Haushaltsger\u00e4te"},"content":{"rendered":"<div data-elementor-type=\"wp-page\" data-elementor-id=\"39\" class=\"elementor elementor-39\" data-elementor-post-type=\"page\">\n\t\t\t\t<div class=\"elementor-element elementor-element-f608f37 e-flex e-con-boxed e-con e-parent\" data-id=\"f608f37\" data-element_type=\"container\">\n\t\t\t\t\t<div class=\"e-con-inner\">\n\t\t\t\t<div class=\"elementor-element elementor-element-565b509 elementor-widget elementor-widget-image\" data-id=\"565b509\" data-element_type=\"widget\" data-widget_type=\"image.default\">\n\t\t\t\t<div class=\"elementor-widget-container\">\n\t\t\t\t\t\t\t\t\t\t\t\t\t\t\t<img fetchpriority=\"high\" decoding=\"async\" width=\"1300\" height=\"450\" src=\"https:\/\/mdeconverting.ro\/wp-content\/uploads\/electrocasnice.jpg\" class=\"attachment-full size-full wp-image-783\" alt=\"Haushaltsger\u00e4te\" srcset=\"https:\/\/mdeconverting.ro\/wp-content\/uploads\/electrocasnice.jpg 1300w, https:\/\/mdeconverting.ro\/wp-content\/uploads\/electrocasnice-300x104.jpg 300w, https:\/\/mdeconverting.ro\/wp-content\/uploads\/electrocasnice-1024x354.jpg 1024w, https:\/\/mdeconverting.ro\/wp-content\/uploads\/electrocasnice-768x266.jpg 768w\" sizes=\"(max-width: 1300px) 100vw, 1300px\" \/>\t\t\t\t\t\t\t\t\t\t\t\t\t\t\t<\/div>\n\t\t\t\t<\/div>\n\t\t\t\t\t<\/div>\n\t\t\t\t<\/div>\n\t\t<div class=\"elementor-element elementor-element-e6227eb e-flex e-con-boxed e-con e-parent\" data-id=\"e6227eb\" data-element_type=\"container\" data-settings=\"{&quot;background_background&quot;:&quot;classic&quot;}\">\n\t\t\t\t\t<div class=\"e-con-inner\">\n\t\t\t\t<div class=\"elementor-element elementor-element-966a06e elementor-widget elementor-widget-heading\" data-id=\"966a06e\" data-element_type=\"widget\" data-widget_type=\"heading.default\">\n\t\t\t\t<div class=\"elementor-widget-container\">\n\t\t\t\t\t<h3 class=\"elementor-heading-title elementor-size-default\">Praktische L\u00f6sungen f\u00fcr Kleben, Sch\u00fctzen, Isolieren\n<\/h3>\t\t\t\t<\/div>\n\t\t\t\t<\/div>\n\t\t\t\t<div class=\"elementor-element elementor-element-0d08473 elementor-widget elementor-widget-text-editor\" data-id=\"0d08473\" data-element_type=\"widget\" data-widget_type=\"text-editor.default\">\n\t\t\t\t<div class=\"elementor-widget-container\">\n\t\t\t\t\t\t\t\t\t<p>Eine Kaffeemaschine, ein K\u00fchlschrank, eine Waschmaschine. Scheinbar einfache Gegenst\u00e4nde in jedem Haushalt. Aber deren Leistung w\u00e4re nicht m\u00f6glich ohne die perfekte Passform der einzelnen Komponenten.<\/p><p><br>Wir bieten zahlreiche Klebebandl\u00f6sungen f\u00fcr Montage, Spritzguss, Bauteilkennzeichnung, Oberfl\u00e4chenschutz, sicheren Transport und mehr.<\/p>\t\t\t\t\t\t\t\t<\/div>\n\t\t\t\t<\/div>\n\t\t\t\t\t<\/div>\n\t\t\t\t<\/div>\n\t\t<div class=\"elementor-element elementor-element-98195c0 e-flex e-con-boxed e-con e-parent\" data-id=\"98195c0\" data-element_type=\"container\">\n\t\t\t\t\t<div class=\"e-con-inner\">\n\t\t<div class=\"elementor-element elementor-element-abcb2a7 e-con-full e-flex e-con e-child\" data-id=\"abcb2a7\" data-element_type=\"container\">\n\t\t\t\t<div class=\"elementor-element elementor-element-9db48f5 elementor-widget elementor-widget-heading\" data-id=\"9db48f5\" data-element_type=\"widget\" data-widget_type=\"heading.default\">\n\t\t\t\t<div class=\"elementor-widget-container\">\n\t\t\t\t\t<h3 class=\"elementor-heading-title elementor-size-default\">Kaffeemaschinen\n<\/h3>\t\t\t\t<\/div>\n\t\t\t\t<\/div>\n\t\t\t\t<\/div>\n\t\t<div class=\"elementor-element elementor-element-6077faa e-con-full e-flex e-con e-child\" data-id=\"6077faa\" data-element_type=\"container\">\n\t\t\t\t<div class=\"elementor-element elementor-element-c3ce527 elementor-widget elementor-widget-text-editor\" data-id=\"c3ce527\" data-element_type=\"widget\" data-widget_type=\"text-editor.default\">\n\t\t\t\t<div class=\"elementor-widget-container\">\n\t\t\t\t\t\t\t\t\t<p>Displayschutz, rutschfeste F\u00fc\u00dfe, Schutz der gl\u00e4nzenden Kunststoffteile. Dies sind nur einige der Anwendungen, die wir den Kaffeemaschinenherstellern anbieten.<\/p>\t\t\t\t\t\t\t\t<\/div>\n\t\t\t\t<\/div>\n\t\t\t\t<\/div>\n\t\t\t\t\t<\/div>\n\t\t\t\t<\/div>\n\t\t<div class=\"elementor-element elementor-element-6a9ee19 e-flex e-con-boxed e-con e-parent\" data-id=\"6a9ee19\" data-element_type=\"container\">\n\t\t\t\t\t<div class=\"e-con-inner\">\n\t\t\t\t<div class=\"elementor-element elementor-element-6ff12ec elementor-widget elementor-widget-image\" data-id=\"6ff12ec\" data-element_type=\"widget\" data-widget_type=\"image.default\">\n\t\t\t\t<div class=\"elementor-widget-container\">\n\t\t\t\t\t\t\t\t\t\t\t\t\t\t\t<img decoding=\"async\" width=\"1300\" height=\"542\" src=\"https:\/\/mdeconverting.ro\/wp-content\/uploads\/Delonghi_PR_Image.jpg\" class=\"attachment-full size-full wp-image-785\" alt=\"masini de cafea\" srcset=\"https:\/\/mdeconverting.ro\/wp-content\/uploads\/Delonghi_PR_Image.jpg 1300w, https:\/\/mdeconverting.ro\/wp-content\/uploads\/Delonghi_PR_Image-300x125.jpg 300w, https:\/\/mdeconverting.ro\/wp-content\/uploads\/Delonghi_PR_Image-1024x427.jpg 1024w, https:\/\/mdeconverting.ro\/wp-content\/uploads\/Delonghi_PR_Image-768x320.jpg 768w\" sizes=\"(max-width: 1300px) 100vw, 1300px\" \/>\t\t\t\t\t\t\t\t\t\t\t\t\t\t\t<\/div>\n\t\t\t\t<\/div>\n\t\t\t\t\t<\/div>\n\t\t\t\t<\/div>\n\t\t<div class=\"elementor-element elementor-element-bf72976 e-flex e-con-boxed e-con e-parent\" data-id=\"bf72976\" data-element_type=\"container\">\n\t\t\t\t\t<div class=\"e-con-inner\">\n\t\t<div class=\"elementor-element elementor-element-d9f5461 e-con-full e-flex e-con e-child\" data-id=\"d9f5461\" data-element_type=\"container\">\n\t\t\t\t<div class=\"elementor-element elementor-element-ced24f5 elementor-widget elementor-widget-heading\" data-id=\"ced24f5\" data-element_type=\"widget\" data-widget_type=\"heading.default\">\n\t\t\t\t<div class=\"elementor-widget-container\">\n\t\t\t\t\t<h3 class=\"elementor-heading-title elementor-size-default\">Sonstige Haushaltsger\u00e4te<\/h3>\t\t\t\t<\/div>\n\t\t\t\t<\/div>\n\t\t\t\t<\/div>\n\t\t<div class=\"elementor-element elementor-element-9e2c491 e-con-full e-flex e-con e-child\" data-id=\"9e2c491\" data-element_type=\"container\">\n\t\t\t\t<div class=\"elementor-element elementor-element-d80d471 elementor-widget elementor-widget-text-editor\" data-id=\"d80d471\" data-element_type=\"widget\" data-widget_type=\"text-editor.default\">\n\t\t\t\t<div class=\"elementor-widget-container\">\n\t\t\t\t\t\t\t\t\t<p>Ein K\u00fchlschrank kann eine Menge unerw\u00fcnschten L\u00e4rm erzeugen. Das kann auch eine Klimaanlage. All diese \u00fcberm\u00e4\u00dfigen Ger\u00e4usche k\u00f6nnen mit Hilfe schallabsorbierender Klebesch\u00e4ume beseitigt werden.<\/p>\t\t\t\t\t\t\t\t<\/div>\n\t\t\t\t<\/div>\n\t\t\t\t<\/div>\n\t\t\t\t\t<\/div>\n\t\t\t\t<\/div>\n\t\t<div class=\"elementor-element elementor-element-74ec6e6 e-flex e-con-boxed e-con e-parent\" data-id=\"74ec6e6\" data-element_type=\"container\">\n\t\t\t\t\t<div class=\"e-con-inner\">\n\t\t\t\t<div class=\"elementor-element elementor-element-dbb374e elementor-widget elementor-widget-image\" data-id=\"dbb374e\" data-element_type=\"widget\" data-widget_type=\"image.default\">\n\t\t\t\t<div class=\"elementor-widget-container\">\n\t\t\t\t\t\t\t\t\t\t\t\t\t\t\t<img decoding=\"async\" width=\"1300\" height=\"450\" src=\"https:\/\/mdeconverting.ro\/wp-content\/uploads\/electrocasnice2.jpg\" class=\"attachment-full size-full wp-image-786\" alt=\"\" srcset=\"https:\/\/mdeconverting.ro\/wp-content\/uploads\/electrocasnice2.jpg 1300w, https:\/\/mdeconverting.ro\/wp-content\/uploads\/electrocasnice2-300x104.jpg 300w, https:\/\/mdeconverting.ro\/wp-content\/uploads\/electrocasnice2-1024x354.jpg 1024w, https:\/\/mdeconverting.ro\/wp-content\/uploads\/electrocasnice2-768x266.jpg 768w\" sizes=\"(max-width: 1300px) 100vw, 1300px\" \/>\t\t\t\t\t\t\t\t\t\t\t\t\t\t\t<\/div>\n\t\t\t\t<\/div>\n\t\t\t\t<div class=\"elementor-element elementor-element-b7488d6 elementor-align-center elementor-widget elementor-widget-button\" data-id=\"b7488d6\" data-element_type=\"widget\" data-widget_type=\"button.default\">\n\t\t\t\t<div class=\"elementor-widget-container\">\n\t\t\t\t\t\t\t\t\t<div class=\"elementor-button-wrapper\">\n\t\t\t\t\t<a class=\"elementor-button elementor-button-link elementor-size-lg\" href=\"\/de\/solicita-mostra-gratuita\/\">\n\t\t\t\t\t\t<span class=\"elementor-button-content-wrapper\">\n\t\t\t\t\t\t\t\t\t<span class=\"elementor-button-text\">KOSTENLOSES MUSTER ANFORDERN!<\/span>\n\t\t\t\t\t<\/span>\n\t\t\t\t\t<\/a>\n\t\t\t\t<\/div>\n\t\t\t\t\t\t\t\t<\/div>\n\t\t\t\t<\/div>\n\t\t\t\t\t<\/div>\n\t\t\t\t<\/div>\n\t\t\t\t<\/div>","protected":false},"excerpt":{"rendered":"<p>Solu\u021bii practice de lipire, protec\u021bie, izolare Un expresor de cafea, un frigider, o ma\u0219in\u0103 de sp\u0103lat. Obiecte aparent simple din fiecare c\u0103min. \u00cens\u0103 performan\u021bele acestora nu ar fi posibile f\u0103r\u0103 o \u00eembinare perfect\u0103 a fiec\u0103rei componente. Oferim numeroase solu\u021bii de band\u0103 pentru aparate pentru montare, injec\u021bie, marcare componente, protec\u021bie suprafe\u021belor, transport sigur \u0219i multe altele. [&hellip;]<\/p>","protected":false},"author":1,"featured_media":0,"parent":0,"menu_order":0,"comment_status":"closed","ping_status":"closed","template":"","meta":{"footnotes":""},"class_list":["post-39","page","type-page","status-publish","hentry"],"_links":{"self":[{"href":"https:\/\/mdeconverting.ro\/de\/wp-json\/wp\/v2\/pages\/39","targetHints":{"allow":["GET"]}}],"collection":[{"href":"https:\/\/mdeconverting.ro\/de\/wp-json\/wp\/v2\/pages"}],"about":[{"href":"https:\/\/mdeconverting.ro\/de\/wp-json\/wp\/v2\/types\/page"}],"author":[{"embeddable":true,"href":"https:\/\/mdeconverting.ro\/de\/wp-json\/wp\/v2\/users\/1"}],"replies":[{"embeddable":true,"href":"https:\/\/mdeconverting.ro\/de\/wp-json\/wp\/v2\/comments?post=39"}],"version-history":[{"count":6,"href":"https:\/\/mdeconverting.ro\/de\/wp-json\/wp\/v2\/pages\/39\/revisions"}],"predecessor-version":[{"id":2322,"href":"https:\/\/mdeconverting.ro\/de\/wp-json\/wp\/v2\/pages\/39\/revisions\/2322"}],"wp:attachment":[{"href":"https:\/\/mdeconverting.ro\/de\/wp-json\/wp\/v2\/media?parent=39"}],"curies":[{"name":"wp","href":"https:\/\/api.w.org\/{rel}","templated":true}]}}