{"id":37,"date":"2022-03-23T15:54:44","date_gmt":"2022-03-23T13:54:44","guid":{"rendered":"https:\/\/mde.wameleon.ro\/?page_id=37"},"modified":"2024-09-18T13:41:02","modified_gmt":"2024-09-18T10:41:02","slug":"industria-auto","status":"publish","type":"page","link":"https:\/\/mdeconverting.ro\/de\/industria-auto\/","title":{"rendered":"Automobilbranche"},"content":{"rendered":"<div data-elementor-type=\"wp-page\" data-elementor-id=\"37\" class=\"elementor elementor-37\" data-elementor-post-type=\"page\">\n\t\t\t\t<div class=\"elementor-element elementor-element-ee4db57 e-flex e-con-boxed e-con e-parent\" data-id=\"ee4db57\" data-element_type=\"container\">\n\t\t\t\t\t<div class=\"e-con-inner\">\n\t\t\t\t<div class=\"elementor-element elementor-element-eeac781 elementor-widget elementor-widget-image\" data-id=\"eeac781\" data-element_type=\"widget\" data-widget_type=\"image.default\">\n\t\t\t\t<div class=\"elementor-widget-container\">\n\t\t\t\t\t\t\t\t\t\t\t\t\t\t\t<img fetchpriority=\"high\" decoding=\"async\" width=\"800\" height=\"279\" src=\"https:\/\/mdeconverting.ro\/wp-content\/uploads\/duster-1024x357.jpg\" class=\"attachment-large size-large wp-image-393\" alt=\"duster\" srcset=\"https:\/\/mdeconverting.ro\/wp-content\/uploads\/duster-1024x357.jpg 1024w, https:\/\/mdeconverting.ro\/wp-content\/uploads\/duster-300x105.jpg 300w, https:\/\/mdeconverting.ro\/wp-content\/uploads\/duster-768x268.jpg 768w, https:\/\/mdeconverting.ro\/wp-content\/uploads\/duster.jpg 1200w\" sizes=\"(max-width: 800px) 100vw, 800px\" \/>\t\t\t\t\t\t\t\t\t\t\t\t\t\t\t<\/div>\n\t\t\t\t<\/div>\n\t\t<div class=\"elementor-element elementor-element-7c1b85b e-con-full e-flex e-con e-child\" data-id=\"7c1b85b\" data-element_type=\"container\">\n\t\t\t\t<div class=\"elementor-element elementor-element-f7c4dd8 elementor-widget__width-initial elementor-widget elementor-widget-heading\" data-id=\"f7c4dd8\" data-element_type=\"widget\" data-widget_type=\"heading.default\">\n\t\t\t\t<div class=\"elementor-widget-container\">\n\t\t\t\t\t<h3 class=\"elementor-heading-title elementor-size-default translation-block\">Klebeb\u00e4nder<br>\nspeziell f\u00fcr<br>\nAutomobilbranche<\/h3>\t\t\t\t<\/div>\n\t\t\t\t<\/div>\n\t\t\t\t<div class=\"elementor-element elementor-element-33bb442 elementor-widget__width-initial elementor-widget elementor-widget-text-editor\" data-id=\"33bb442\" data-element_type=\"widget\" data-widget_type=\"text-editor.default\">\n\t\t\t\t<div class=\"elementor-widget-container\">\n\t\t\t\t\t\t\t\t\t<p>Sie werden zunehmend erfolgreich eingesetzt, um das Gewicht der Fahrzeuge und damit die Umweltbelastung zu reduzieren.<\/p><p>Sie werden zur Befestigung, Abschirmung, zum Schutz, zur Leitf\u00e4higkeit oder zur elektrischen oder thermischen Isolierung eingesetzt. Wir bearbeiten und schneiden sie in die richtige Form f\u00fcr Ihre Anwendung. Beispiele f\u00fcr von uns entwickelte Klebebandprodukte.<\/p>\t\t\t\t\t\t\t\t<\/div>\n\t\t\t\t<\/div>\n\t\t\t\t<\/div>\n\t\t\t\t\t<\/div>\n\t\t\t\t<\/div>\n\t\t<div class=\"elementor-element elementor-element-890510d e-grid e-con-boxed e-con e-parent\" data-id=\"890510d\" data-element_type=\"container\">\n\t\t\t\t\t<div class=\"e-con-inner\">\n\t\t\t\t<div class=\"elementor-element elementor-element-6ad0304 elementor--h-position-center elementor--v-position-middle elementor-arrows-position-inside elementor-pagination-position-inside elementor-widget elementor-widget-slides\" data-id=\"6ad0304\" data-element_type=\"widget\" data-settings=\"{&quot;navigation&quot;:&quot;both&quot;,&quot;autoplay&quot;:&quot;yes&quot;,&quot;pause_on_hover&quot;:&quot;yes&quot;,&quot;pause_on_interaction&quot;:&quot;yes&quot;,&quot;autoplay_speed&quot;:5000,&quot;infinite&quot;:&quot;yes&quot;,&quot;transition&quot;:&quot;slide&quot;,&quot;transition_speed&quot;:500}\" data-widget_type=\"slides.default\">\n\t\t\t\t<div class=\"elementor-widget-container\">\n\t\t\t\t\t\t\t\t\t<div class=\"elementor-swiper\">\n\t\t\t\t\t<div class=\"elementor-slides-wrapper elementor-main-swiper swiper\" role=\"region\" aria-roledescription=\"carousel\" aria-label=\"Slides\" dir=\"ltr\" data-animation=\"fadeInUp\">\n\t\t\t\t<div class=\"swiper-wrapper elementor-slides\">\n\t\t\t\t\t\t\t\t\t\t<div class=\"elementor-repeater-item-3755276 swiper-slide\" role=\"group\" aria-roledescription=\"slide\"><div class=\"swiper-slide-bg\" role=\"img\" aria-label=\"bord duster\"><\/div><div class=\"elementor-background-overlay\"><\/div><a class=\"swiper-slide-inner\" href=\"\/de\/industria-auto\/interior-si-exterior\/\"><div class=\"swiper-slide-contents\"><div class=\"elementor-slide-heading\">Innen- und aussenbereich<\/div><\/div><\/a><\/div>\t\t\t\t<\/div>\n\t\t\t\t\t\t\t<\/div>\n\t\t\t\t<\/div>\n\t\t\t\t\t\t\t\t<\/div>\n\t\t\t\t<\/div>\n\t\t\t\t<div class=\"elementor-element elementor-element-d94a9c3 elementor--h-position-center elementor--v-position-middle elementor-arrows-position-inside elementor-pagination-position-inside elementor-widget elementor-widget-slides\" data-id=\"d94a9c3\" data-element_type=\"widget\" data-settings=\"{&quot;navigation&quot;:&quot;both&quot;,&quot;autoplay&quot;:&quot;yes&quot;,&quot;pause_on_hover&quot;:&quot;yes&quot;,&quot;pause_on_interaction&quot;:&quot;yes&quot;,&quot;autoplay_speed&quot;:5000,&quot;infinite&quot;:&quot;yes&quot;,&quot;transition&quot;:&quot;slide&quot;,&quot;transition_speed&quot;:500}\" data-widget_type=\"slides.default\">\n\t\t\t\t<div class=\"elementor-widget-container\">\n\t\t\t\t\t\t\t\t\t<div class=\"elementor-swiper\">\n\t\t\t\t\t<div class=\"elementor-slides-wrapper elementor-main-swiper swiper\" role=\"region\" aria-roledescription=\"carousel\" aria-label=\"Slides\" dir=\"ltr\" data-animation=\"fadeInUp\">\n\t\t\t\t<div class=\"swiper-wrapper elementor-slides\">\n\t\t\t\t\t\t\t\t\t\t<div class=\"elementor-repeater-item-3755276 swiper-slide\" role=\"group\" aria-roledescription=\"slide\"><div class=\"swiper-slide-bg\" role=\"img\" aria-label=\"folie-electronice\"><\/div><div class=\"elementor-background-overlay\"><\/div><a class=\"swiper-slide-inner\" href=\"\/de\/industria-auto\/electronice\/\"><div class=\"swiper-slide-contents\"><div class=\"elementor-slide-heading\">Elektronik<\/div><\/div><\/a><\/div>\t\t\t\t<\/div>\n\t\t\t\t\t\t\t<\/div>\n\t\t\t\t<\/div>\n\t\t\t\t\t\t\t\t<\/div>\n\t\t\t\t<\/div>\n\t\t\t\t<div class=\"elementor-element elementor-element-85f9b0c elementor--h-position-center elementor--v-position-middle elementor-arrows-position-inside elementor-pagination-position-inside elementor-widget elementor-widget-slides\" data-id=\"85f9b0c\" data-element_type=\"widget\" data-settings=\"{&quot;navigation&quot;:&quot;both&quot;,&quot;autoplay&quot;:&quot;yes&quot;,&quot;pause_on_hover&quot;:&quot;yes&quot;,&quot;pause_on_interaction&quot;:&quot;yes&quot;,&quot;autoplay_speed&quot;:5000,&quot;infinite&quot;:&quot;yes&quot;,&quot;transition&quot;:&quot;slide&quot;,&quot;transition_speed&quot;:500}\" data-widget_type=\"slides.default\">\n\t\t\t\t<div class=\"elementor-widget-container\">\n\t\t\t\t\t\t\t\t\t<div class=\"elementor-swiper\">\n\t\t\t\t\t<div class=\"elementor-slides-wrapper elementor-main-swiper swiper\" role=\"region\" aria-roledescription=\"carousel\" aria-label=\"Slides\" dir=\"ltr\" data-animation=\"fadeInUp\">\n\t\t\t\t<div class=\"swiper-wrapper elementor-slides\">\n\t\t\t\t\t\t\t\t\t\t<div class=\"elementor-repeater-item-3755276 swiper-slide\" role=\"group\" aria-roledescription=\"slide\"><div class=\"swiper-slide-bg\" role=\"img\" aria-label=\"bord duster\"><\/div><div class=\"elementor-background-overlay\"><\/div><a class=\"swiper-slide-inner\" href=\"\/de\/industria-auto\/folii-de-protectie\/\"><div class=\"swiper-slide-contents\"><div class=\"elementor-slide-heading\">Schutzfolien<\/div><\/div><\/a><\/div>\t\t\t\t<\/div>\n\t\t\t\t\t\t\t<\/div>\n\t\t\t\t<\/div>\n\t\t\t\t\t\t\t\t<\/div>\n\t\t\t\t<\/div>\n\t\t\t\t\t<\/div>\n\t\t\t\t<\/div>\n\t\t<div class=\"elementor-element elementor-element-30070b1 e-flex e-con-boxed e-con e-parent\" data-id=\"30070b1\" data-element_type=\"container\">\n\t\t\t\t\t<div class=\"e-con-inner\">\n\t\t\t\t<div class=\"elementor-element elementor-element-fbc27d9 elementor-align-center elementor-widget elementor-widget-button\" data-id=\"fbc27d9\" data-element_type=\"widget\" data-widget_type=\"button.default\">\n\t\t\t\t<div class=\"elementor-widget-container\">\n\t\t\t\t\t\t\t\t\t<div class=\"elementor-button-wrapper\">\n\t\t\t\t\t<a class=\"elementor-button elementor-button-link elementor-size-lg\" href=\"\/de\/solicita-mostra-gratuita\/\">\n\t\t\t\t\t\t<span class=\"elementor-button-content-wrapper\">\n\t\t\t\t\t\t\t\t\t<span class=\"elementor-button-text\">KOSTENLOSES MUSTER ANFORDERN!<\/span>\n\t\t\t\t\t<\/span>\n\t\t\t\t\t<\/a>\n\t\t\t\t<\/div>\n\t\t\t\t\t\t\t\t<\/div>\n\t\t\t\t<\/div>\n\t\t\t\t\t<\/div>\n\t\t\t\t<\/div>\n\t\t<div class=\"elementor-element elementor-element-4f07bd6 e-flex e-con-boxed e-con e-parent\" data-id=\"4f07bd6\" data-element_type=\"container\" data-settings=\"{&quot;background_background&quot;:&quot;classic&quot;}\">\n\t\t\t\t\t<div class=\"e-con-inner\">\n\t\t\t\t<div class=\"elementor-element elementor-element-ae6573e elementor-widget elementor-widget-heading\" data-id=\"ae6573e\" data-element_type=\"widget\" data-widget_type=\"heading.default\">\n\t\t\t\t<div class=\"elementor-widget-container\">\n\t\t\t\t\t<h2 class=\"elementor-heading-title elementor-size-default\">Beispiele f\u00fcr von uns entwickelte Klebebandprodukte<\/h2>\t\t\t\t<\/div>\n\t\t\t\t<\/div>\n\t\t<div class=\"elementor-element elementor-element-17ef1d4 e-con-full e-grid e-con e-child\" data-id=\"17ef1d4\" data-element_type=\"container\">\n\t\t\t\t<div class=\"elementor-element elementor-element-dac5250 elementor-position-top elementor-widget elementor-widget-image-box\" data-id=\"dac5250\" data-element_type=\"widget\" data-widget_type=\"image-box.default\">\n\t\t\t\t<div class=\"elementor-widget-container\">\n\t\t\t\t\t<div class=\"elementor-image-box-wrapper\"><figure class=\"elementor-image-box-img\"><img decoding=\"async\" width=\"300\" height=\"300\" src=\"https:\/\/mdeconverting.ro\/wp-content\/uploads\/Aplicarea-siglei.jpg\" class=\"attachment-full size-full wp-image-721\" alt=\"\" \/><\/figure><div class=\"elementor-image-box-content\"><h3 class=\"elementor-image-box-title\">Anwendung des Logos<\/h3><\/div><\/div>\t\t\t\t<\/div>\n\t\t\t\t<\/div>\n\t\t\t\t<div class=\"elementor-element elementor-element-ffc56a9 elementor-position-top elementor-widget elementor-widget-image-box\" data-id=\"ffc56a9\" data-element_type=\"widget\" data-widget_type=\"image-box.default\">\n\t\t\t\t<div class=\"elementor-widget-container\">\n\t\t\t\t\t<div class=\"elementor-image-box-wrapper\"><figure class=\"elementor-image-box-img\"><img decoding=\"async\" width=\"300\" height=\"300\" src=\"https:\/\/mdeconverting.ro\/wp-content\/uploads\/Fixarea-elementelor-de-decor.jpg\" class=\"attachment-full size-full wp-image-719\" alt=\"\" \/><\/figure><div class=\"elementor-image-box-content\"><h3 class=\"elementor-image-box-title\">Befestigung der Dekorationselemente<\/h3><\/div><\/div>\t\t\t\t<\/div>\n\t\t\t\t<\/div>\n\t\t\t\t<div class=\"elementor-element elementor-element-1a9cad5 elementor-position-top elementor-widget elementor-widget-image-box\" data-id=\"1a9cad5\" data-element_type=\"widget\" data-widget_type=\"image-box.default\">\n\t\t\t\t<div class=\"elementor-widget-container\">\n\t\t\t\t\t<div class=\"elementor-image-box-wrapper\"><figure class=\"elementor-image-box-img\"><img loading=\"lazy\" decoding=\"async\" width=\"301\" height=\"300\" src=\"https:\/\/mdeconverting.ro\/wp-content\/uploads\/Fixarea-garniturilor-de-spuma.jpg\" class=\"attachment-full size-full wp-image-720\" alt=\"\" \/><\/figure><div class=\"elementor-image-box-content\"><h3 class=\"elementor-image-box-title\">Befestigung von Schaumstoff-Dichtungen<\/h3><\/div><\/div>\t\t\t\t<\/div>\n\t\t\t\t<\/div>\n\t\t\t\t<div class=\"elementor-element elementor-element-4d20b35 elementor-position-top elementor-widget elementor-widget-image-box\" data-id=\"4d20b35\" data-element_type=\"widget\" data-widget_type=\"image-box.default\">\n\t\t\t\t<div class=\"elementor-widget-container\">\n\t\t\t\t\t<div class=\"elementor-image-box-wrapper\"><figure class=\"elementor-image-box-img\"><img loading=\"lazy\" decoding=\"async\" width=\"1062\" height=\"1062\" src=\"https:\/\/mdeconverting.ro\/wp-content\/uploads\/etansarea-golurilor.webp\" class=\"attachment-full size-full wp-image-1822\" alt=\"\" srcset=\"https:\/\/mdeconverting.ro\/wp-content\/uploads\/etansarea-golurilor.webp 1062w, https:\/\/mdeconverting.ro\/wp-content\/uploads\/etansarea-golurilor-300x300.webp 300w, https:\/\/mdeconverting.ro\/wp-content\/uploads\/etansarea-golurilor-1024x1024.webp 1024w, https:\/\/mdeconverting.ro\/wp-content\/uploads\/etansarea-golurilor-768x768.webp 768w\" sizes=\"(max-width: 1062px) 100vw, 1062px\" \/><\/figure><div class=\"elementor-image-box-content\"><h3 class=\"elementor-image-box-title\">Abdichtung von Karosseriespalten<\/h3><\/div><\/div>\t\t\t\t<\/div>\n\t\t\t\t<\/div>\n\t\t\t\t<\/div>\n\t\t\t\t\t<\/div>\n\t\t\t\t<\/div>\n\t\t<div class=\"elementor-element elementor-element-4e809df e-flex e-con-boxed e-con e-parent\" data-id=\"4e809df\" data-element_type=\"container\">\n\t\t\t\t\t<div class=\"e-con-inner\">\n\t\t\t\t<div class=\"elementor-element elementor-element-38d4319 elementor-widget elementor-widget-heading\" data-id=\"38d4319\" data-element_type=\"widget\" data-widget_type=\"heading.default\">\n\t\t\t\t<div class=\"elementor-widget-container\">\n\t\t\t\t\t<h2 class=\"elementor-heading-title elementor-size-default\">MDE Converting ist ein zertifiziertes Unternehmen\n<\/h2>\t\t\t\t<\/div>\n\t\t\t\t<\/div>\n\t\t<div class=\"elementor-element elementor-element-c34ea8a e-con-full e-flex e-con e-child\" data-id=\"c34ea8a\" data-element_type=\"container\">\n\t\t\t\t<div class=\"elementor-element elementor-element-82b46af elementor-widget__width-auto elementor-widget elementor-widget-image\" data-id=\"82b46af\" data-element_type=\"widget\" data-widget_type=\"image.default\">\n\t\t\t\t<div class=\"elementor-widget-container\">\n\t\t\t\t\t\t\t\t\t\t\t\t\t\t\t<img decoding=\"async\" src=\"https:\/\/mdeconverting.ro\/wp-content\/uploads\/elementor\/thumbs\/IATF-16949-pwsgnvp6989w2f5s228cgh38h25q5tqefd1ar5q8sg.jpg\" title=\"IATF-16949\" alt=\"IATF-16949\" loading=\"lazy\" \/>\t\t\t\t\t\t\t\t\t\t\t\t\t\t\t<\/div>\n\t\t\t\t<\/div>\n\t\t\t\t<div class=\"elementor-element elementor-element-f3e0f49 elementor-widget__width-auto elementor-widget elementor-widget-image\" data-id=\"f3e0f49\" data-element_type=\"widget\" data-widget_type=\"image.default\">\n\t\t\t\t<div class=\"elementor-widget-container\">\n\t\t\t\t\t\t\t\t\t\t\t\t\t\t\t<img decoding=\"async\" src=\"https:\/\/mdeconverting.ro\/wp-content\/uploads\/elementor\/thumbs\/iso9001-pwsgntthvk7bf78id1f3bhkbaaezqfixr3qbslt14w.jpg\" title=\"iso9001\" alt=\"iso9001\" loading=\"lazy\" \/>\t\t\t\t\t\t\t\t\t\t\t\t\t\t\t<\/div>\n\t\t\t\t<\/div>\n\t\t\t\t<div class=\"elementor-element elementor-element-cae9797 elementor-widget__width-auto elementor-widget elementor-widget-image\" data-id=\"cae9797\" data-element_type=\"widget\" data-widget_type=\"image.default\">\n\t\t\t\t<div class=\"elementor-widget-container\">\n\t\t\t\t\t\t\t\t\t\t\t\t\t\t\t<img decoding=\"async\" src=\"https:\/\/mdeconverting.ro\/wp-content\/uploads\/elementor\/thumbs\/iso14001-pwsgnsvnoq613l9vij0gqzsuowjmiqf7ez2ubbufb4.jpg\" title=\"iso14001\" alt=\"iso14001\" loading=\"lazy\" \/>\t\t\t\t\t\t\t\t\t\t\t\t\t\t\t<\/div>\n\t\t\t\t<\/div>\n\t\t\t\t<\/div>\n\t\t\t\t\t<\/div>\n\t\t\t\t<\/div>\n\t\t<div class=\"elementor-element elementor-element-f2d9079 e-flex e-con-boxed e-con e-parent\" data-id=\"f2d9079\" data-element_type=\"container\">\n\t\t\t\t\t<div class=\"e-con-inner\">\n\t\t\t\t<div class=\"elementor-element elementor-element-18ce6fc gallery-spacing-custom elementor-widget elementor-widget-image-gallery\" data-id=\"18ce6fc\" data-element_type=\"widget\" data-widget_type=\"image-gallery.default\">\n\t\t\t\t<div class=\"elementor-widget-container\">\n\t\t\t\t\t\t\t<div class=\"elementor-image-gallery\">\n\t\t\t<div id='gallery-1' class='gallery galleryid-37 gallery-columns-3 gallery-size-full'><figure class='gallery-item'>\n\t\t\t<div class='gallery-icon portrait'>\n\t\t\t\t<a data-elementor-open-lightbox=\"yes\" data-elementor-lightbox-slideshow=\"18ce6fc\" data-elementor-lightbox-title=\"Certificat-ISO-14001-2\" data-e-action-hash=\"#elementor-action%3Aaction%3Dlightbox%26settings%3DeyJpZCI6MTQwMiwidXJsIjoiaHR0cHM6XC9cL21kZWNvbnZlcnRpbmcucm9cL3dwLWNvbnRlbnRcL3VwbG9hZHNcL0NlcnRpZmljYXQtSVNPLTE0MDAxLTIuanBnIiwic2xpZGVzaG93IjoiMThjZTZmYyJ9\" href='https:\/\/mdeconverting.ro\/wp-content\/uploads\/Certificat-ISO-14001-2.jpg'><img loading=\"lazy\" width=\"1060\" height=\"1499\" src=\"https:\/\/mdeconverting.ro\/wp-content\/uploads\/Certificat-ISO-14001-2.jpg\" class=\"attachment-full size-full\" alt=\"\" decoding=\"async\" srcset=\"https:\/\/mdeconverting.ro\/wp-content\/uploads\/Certificat-ISO-14001-2.jpg 1060w, https:\/\/mdeconverting.ro\/wp-content\/uploads\/Certificat-ISO-14001-2-212x300.jpg 212w, https:\/\/mdeconverting.ro\/wp-content\/uploads\/Certificat-ISO-14001-2-724x1024.jpg 724w, https:\/\/mdeconverting.ro\/wp-content\/uploads\/Certificat-ISO-14001-2-768x1086.jpg 768w\" sizes=\"(max-width: 1060px) 100vw, 1060px\" \/><\/a>\n\t\t\t<\/div><\/figure><figure class='gallery-item'>\n\t\t\t<div class='gallery-icon portrait'>\n\t\t\t\t<a data-elementor-open-lightbox=\"yes\" data-elementor-lightbox-slideshow=\"18ce6fc\" data-elementor-lightbox-title=\"Certificat-ISO-9001-2\" data-e-action-hash=\"#elementor-action%3Aaction%3Dlightbox%26settings%3DeyJpZCI6MTQwMywidXJsIjoiaHR0cHM6XC9cL21kZWNvbnZlcnRpbmcucm9cL3dwLWNvbnRlbnRcL3VwbG9hZHNcL0NlcnRpZmljYXQtSVNPLTkwMDEtMi5qcGciLCJzbGlkZXNob3ciOiIxOGNlNmZjIn0%3D\" href='https:\/\/mdeconverting.ro\/wp-content\/uploads\/Certificat-ISO-9001-2.jpg'><img loading=\"lazy\" width=\"1060\" height=\"1499\" src=\"https:\/\/mdeconverting.ro\/wp-content\/uploads\/Certificat-ISO-9001-2.jpg\" class=\"attachment-full size-full\" alt=\"\" decoding=\"async\" srcset=\"https:\/\/mdeconverting.ro\/wp-content\/uploads\/Certificat-ISO-9001-2.jpg 1060w, https:\/\/mdeconverting.ro\/wp-content\/uploads\/Certificat-ISO-9001-2-212x300.jpg 212w, https:\/\/mdeconverting.ro\/wp-content\/uploads\/Certificat-ISO-9001-2-724x1024.jpg 724w, https:\/\/mdeconverting.ro\/wp-content\/uploads\/Certificat-ISO-9001-2-768x1086.jpg 768w\" sizes=\"(max-width: 1060px) 100vw, 1060px\" \/><\/a>\n\t\t\t<\/div><\/figure><figure class='gallery-item'>\n\t\t\t<div class='gallery-icon portrait'>\n\t\t\t\t<a data-elementor-open-lightbox=\"yes\" data-elementor-lightbox-slideshow=\"18ce6fc\" data-elementor-lightbox-title=\"Certificat-IATF-2\" data-e-action-hash=\"#elementor-action%3Aaction%3Dlightbox%26settings%3DeyJpZCI6MTQwNCwidXJsIjoiaHR0cHM6XC9cL21kZWNvbnZlcnRpbmcucm9cL3dwLWNvbnRlbnRcL3VwbG9hZHNcL0NlcnRpZmljYXQtSUFURi0yLmpwZyIsInNsaWRlc2hvdyI6IjE4Y2U2ZmMifQ%3D%3D\" href='https:\/\/mdeconverting.ro\/wp-content\/uploads\/Certificat-IATF-2.jpg'><img loading=\"lazy\" width=\"1060\" height=\"1499\" src=\"https:\/\/mdeconverting.ro\/wp-content\/uploads\/Certificat-IATF-2.jpg\" class=\"attachment-full size-full\" alt=\"\" decoding=\"async\" srcset=\"https:\/\/mdeconverting.ro\/wp-content\/uploads\/Certificat-IATF-2.jpg 1060w, https:\/\/mdeconverting.ro\/wp-content\/uploads\/Certificat-IATF-2-212x300.jpg 212w, https:\/\/mdeconverting.ro\/wp-content\/uploads\/Certificat-IATF-2-724x1024.jpg 724w, https:\/\/mdeconverting.ro\/wp-content\/uploads\/Certificat-IATF-2-768x1086.jpg 768w\" sizes=\"(max-width: 1060px) 100vw, 1060px\" \/><\/a>\n\t\t\t<\/div><\/figure>\n\t\t<\/div>\n\t\t<\/div>\n\t\t\t\t\t\t<\/div>\n\t\t\t\t<\/div>\n\t\t\t\t<div class=\"elementor-element elementor-element-5cfc9e9 elementor-widget elementor-widget-heading\" data-id=\"5cfc9e9\" data-element_type=\"widget\" data-widget_type=\"heading.default\">\n\t\t\t\t<div class=\"elementor-widget-container\">\n\t\t\t\t\t<h2 class=\"elementor-heading-title elementor-size-default translation-block\">MDE Converting ist Mitglied des <br>rum\u00e4nischen Automobilherstellerverbandes<\/h2>\t\t\t\t<\/div>\n\t\t\t\t<\/div>\n\t\t\t\t\t<\/div>\n\t\t\t\t<\/div>\n\t\t\t\t<\/div>","protected":false},"excerpt":{"rendered":"<p>Benzi adezive speciale pentruindustria auto Folosite cu succes din ce \u00een ce mai des datorit\u0103 provoc\u0103rilor de a reduce greutatea vehiculelor \u0219i implicit reducerea polu\u0103rii. Sunt folosite pentru aplica\u021bii de fixare, ecranare, protec\u021bie, conductivitate sau izola\u021bie electric\u0103 sau termic\u0103. Noi le prelucr\u0103m \u0219i le debit\u0103m \u00een forma potrivit\u0103 aplica\u021biei tale. Interior \u0219i exterior Electronice Folii [&hellip;]<\/p>","protected":false},"author":1,"featured_media":0,"parent":0,"menu_order":0,"comment_status":"closed","ping_status":"closed","template":"","meta":{"footnotes":""},"class_list":["post-37","page","type-page","status-publish","hentry"],"_links":{"self":[{"href":"https:\/\/mdeconverting.ro\/de\/wp-json\/wp\/v2\/pages\/37","targetHints":{"allow":["GET"]}}],"collection":[{"href":"https:\/\/mdeconverting.ro\/de\/wp-json\/wp\/v2\/pages"}],"about":[{"href":"https:\/\/mdeconverting.ro\/de\/wp-json\/wp\/v2\/types\/page"}],"author":[{"embeddable":true,"href":"https:\/\/mdeconverting.ro\/de\/wp-json\/wp\/v2\/users\/1"}],"replies":[{"embeddable":true,"href":"https:\/\/mdeconverting.ro\/de\/wp-json\/wp\/v2\/comments?post=37"}],"version-history":[{"count":10,"href":"https:\/\/mdeconverting.ro\/de\/wp-json\/wp\/v2\/pages\/37\/revisions"}],"predecessor-version":[{"id":2286,"href":"https:\/\/mdeconverting.ro\/de\/wp-json\/wp\/v2\/pages\/37\/revisions\/2286"}],"wp:attachment":[{"href":"https:\/\/mdeconverting.ro\/de\/wp-json\/wp\/v2\/media?parent=37"}],"curies":[{"name":"wp","href":"https:\/\/api.w.org\/{rel}","templated":true}]}}