{"id":31,"date":"2022-03-23T15:53:50","date_gmt":"2022-03-23T13:53:50","guid":{"rendered":"https:\/\/mde.wameleon.ro\/?page_id=31"},"modified":"2024-09-18T13:16:11","modified_gmt":"2024-09-18T10:16:11","slug":"studii-de-caz","status":"publish","type":"page","link":"https:\/\/mdeconverting.ro\/de\/studii-de-caz\/","title":{"rendered":"Fallstudien"},"content":{"rendered":"<div data-elementor-type=\"wp-page\" data-elementor-id=\"31\" class=\"elementor elementor-31\" data-elementor-post-type=\"page\">\n\t\t\t\t<div class=\"elementor-element elementor-element-d8a646c e-flex e-con-boxed e-con e-parent\" data-id=\"d8a646c\" data-element_type=\"container\">\n\t\t\t\t\t<div class=\"e-con-inner\">\n\t\t\t\t<div class=\"elementor-element elementor-element-badea1a elementor-grid-3 elementor-grid-tablet-2 elementor-grid-mobile-1 elementor-posts--thumbnail-top elementor-widget elementor-widget-posts\" data-id=\"badea1a\" data-element_type=\"widget\" data-settings=\"{&quot;classic_columns&quot;:&quot;3&quot;,&quot;classic_columns_tablet&quot;:&quot;2&quot;,&quot;classic_columns_mobile&quot;:&quot;1&quot;,&quot;classic_row_gap&quot;:{&quot;unit&quot;:&quot;px&quot;,&quot;size&quot;:35,&quot;sizes&quot;:[]},&quot;classic_row_gap_tablet&quot;:{&quot;unit&quot;:&quot;px&quot;,&quot;size&quot;:&quot;&quot;,&quot;sizes&quot;:[]},&quot;classic_row_gap_mobile&quot;:{&quot;unit&quot;:&quot;px&quot;,&quot;size&quot;:&quot;&quot;,&quot;sizes&quot;:[]}}\" data-widget_type=\"posts.classic\">\n\t\t\t\t<div class=\"elementor-widget-container\">\n\t\t\t\t\t\t\t<div class=\"elementor-posts-container elementor-posts elementor-posts--skin-classic elementor-grid\" role=\"list\">\n\t\t\t\t<article class=\"elementor-post elementor-grid-item post-235 post type-post status-publish format-standard has-post-thumbnail hentry category-studii-de-caz\" role=\"listitem\">\n\t\t\t\t<a class=\"elementor-post__thumbnail__link\" href=\"https:\/\/mdeconverting.ro\/de\/ornament-lateral-caroserie-automotive\/\" tabindex=\"-1\" >\n\t\t\t<div class=\"elementor-post__thumbnail\"><img fetchpriority=\"high\" decoding=\"async\" width=\"768\" height=\"430\" src=\"https:\/\/mdeconverting.ro\/wp-content\/uploads\/Ornament-lateral-caroserie-Automotive-768x430.jpg\" class=\"attachment-medium_large size-medium_large wp-image-526\" alt=\"Ornament-lateral-caroserie--Automotive\" srcset=\"https:\/\/mdeconverting.ro\/wp-content\/uploads\/Ornament-lateral-caroserie-Automotive-768x430.jpg 768w, https:\/\/mdeconverting.ro\/wp-content\/uploads\/Ornament-lateral-caroserie-Automotive-300x168.jpg 300w, https:\/\/mdeconverting.ro\/wp-content\/uploads\/Ornament-lateral-caroserie-Automotive-1024x573.jpg 1024w, https:\/\/mdeconverting.ro\/wp-content\/uploads\/Ornament-lateral-caroserie-Automotive.jpg 1366w\" sizes=\"(max-width: 768px) 100vw, 768px\" \/><\/div>\n\t\t<\/a>\n\t\t\t\t<div class=\"elementor-post__text\">\n\t\t\t\t<h3 class=\"elementor-post__title\">\n\t\t\t<a href=\"https:\/\/mdeconverting.ro\/de\/ornament-lateral-caroserie-automotive\/\" >\n\t\t\t\tKarosserieseitenverkleidung - Automotive\t\t\t<\/a>\n\t\t<\/h3>\n\t\t\t\t<div class=\"elementor-post__meta-data\">\n\t\t\t\t\t<span class=\"elementor-post-date\">\n\t\t\tM\u00e4rz 24, 2022\t\t<\/span>\n\t\t\t\t<\/div>\n\t\t\t\t<div class=\"elementor-post__excerpt\">\n\t\t\t<p>Dank der vorgeschlagenen Definition konnte der Kunde seine Zykluszeiten f\u00fcr das Aufbringen der doppelseitigen Klebebandeinlage verbessern.<\/p>\n\t\t<\/div>\n\t\t\n\t\t<a class=\"elementor-post__read-more\" href=\"https:\/\/mdeconverting.ro\/de\/ornament-lateral-caroserie-automotive\/\" aria-label=\"Read more about Ornament lateral caroserie &#8211; Automotive\" tabindex=\"-1\" >\n\t\t\tmehr lesen \u00bb\t\t<\/a>\n\n\t\t\t\t<\/div>\n\t\t\t\t<\/article>\n\t\t\t\t<article class=\"elementor-post elementor-grid-item post-233 post type-post status-publish format-standard has-post-thumbnail hentry category-studii-de-caz\" role=\"listitem\">\n\t\t\t\t<a class=\"elementor-post__thumbnail__link\" href=\"https:\/\/mdeconverting.ro\/de\/adeziv-support-camera-marsarier-automotive\/\" tabindex=\"-1\" >\n\t\t\t<div class=\"elementor-post__thumbnail\"><img decoding=\"async\" width=\"768\" height=\"430\" src=\"https:\/\/mdeconverting.ro\/wp-content\/uploads\/Adeziv-support-camera-marsarier-Automotive-768x430.jpg\" class=\"attachment-medium_large size-medium_large wp-image-539\" alt=\"\" srcset=\"https:\/\/mdeconverting.ro\/wp-content\/uploads\/Adeziv-support-camera-marsarier-Automotive-768x430.jpg 768w, https:\/\/mdeconverting.ro\/wp-content\/uploads\/Adeziv-support-camera-marsarier-Automotive-300x168.jpg 300w, https:\/\/mdeconverting.ro\/wp-content\/uploads\/Adeziv-support-camera-marsarier-Automotive-1024x573.jpg 1024w, https:\/\/mdeconverting.ro\/wp-content\/uploads\/Adeziv-support-camera-marsarier-Automotive.jpg 1366w\" sizes=\"(max-width: 768px) 100vw, 768px\" \/><\/div>\n\t\t<\/a>\n\t\t\t\t<div class=\"elementor-post__text\">\n\t\t\t\t<h3 class=\"elementor-post__title\">\n\t\t\t<a href=\"https:\/\/mdeconverting.ro\/de\/adeziv-support-camera-marsarier-automotive\/\" >\n\t\t\t\tKlebstoff f\u00fcr R\u00fcckfahrtkameratr\u00e4ger - Automotive\t\t\t<\/a>\n\t\t<\/h3>\n\t\t\t\t<div class=\"elementor-post__meta-data\">\n\t\t\t\t\t<span class=\"elementor-post-date\">\n\t\t\tM\u00e4rz 24, 2022\t\t<\/span>\n\t\t\t\t<\/div>\n\t\t\t\t<div class=\"elementor-post__excerpt\">\n\t\t\t<p>Dank der vorgeschlagenen Definition konnte der Kunde seine Zykluszeiten f\u00fcr das Aufbringen der doppelseitigen Klebebandeinlage verbessern.<\/p>\n\t\t<\/div>\n\t\t\n\t\t<a class=\"elementor-post__read-more\" href=\"https:\/\/mdeconverting.ro\/de\/adeziv-support-camera-marsarier-automotive\/\" aria-label=\"Read more about Adeziv support camera marsarier &#8211; Automotive\" tabindex=\"-1\" >\n\t\t\tmehr lesen \u00bb\t\t<\/a>\n\n\t\t\t\t<\/div>\n\t\t\t\t<\/article>\n\t\t\t\t<article class=\"elementor-post elementor-grid-item post-231 post type-post status-publish format-standard has-post-thumbnail hentry category-studii-de-caz\" role=\"listitem\">\n\t\t\t\t<a class=\"elementor-post__thumbnail__link\" href=\"https:\/\/mdeconverting.ro\/de\/debitare-piesa-din-banda-dublu-adeziva-si-montaj-pe-piesa-de-plastic\/\" tabindex=\"-1\" >\n\t\t\t<div class=\"elementor-post__thumbnail\"><img decoding=\"async\" width=\"345\" height=\"240\" src=\"https:\/\/mdeconverting.ro\/wp-content\/uploads\/Imagine3.png\" class=\"attachment-medium_large size-medium_large wp-image-544\" alt=\"\" srcset=\"https:\/\/mdeconverting.ro\/wp-content\/uploads\/Imagine3.png 345w, https:\/\/mdeconverting.ro\/wp-content\/uploads\/Imagine3-300x209.png 300w\" sizes=\"(max-width: 345px) 100vw, 345px\" \/><\/div>\n\t\t<\/a>\n\t\t\t\t<div class=\"elementor-post__text\">\n\t\t\t\t<h3 class=\"elementor-post__title\">\n\t\t\t<a href=\"https:\/\/mdeconverting.ro\/de\/debitare-piesa-din-banda-dublu-adeziva-si-montaj-pe-piesa-de-plastic\/\" >\n\t\t\t\tDoppelseitiges Klebeband zum Schneiden und Montieren auf Kunststoffteilen - Automotive\t\t\t<\/a>\n\t\t<\/h3>\n\t\t\t\t<div class=\"elementor-post__meta-data\">\n\t\t\t\t\t<span class=\"elementor-post-date\">\n\t\t\tM\u00e4rz 24, 2022\t\t<\/span>\n\t\t\t\t<\/div>\n\t\t\t\t<div class=\"elementor-post__excerpt\">\n\t\t\t<p>Eine L\u00f6sung f\u00fcr die Lieferung eines doppelseitigen Klebebandes und dessen Montage auf einem Kunststoffteil.<\/p>\n\t\t<\/div>\n\t\t\n\t\t<a class=\"elementor-post__read-more\" href=\"https:\/\/mdeconverting.ro\/de\/debitare-piesa-din-banda-dublu-adeziva-si-montaj-pe-piesa-de-plastic\/\" aria-label=\"Read more about Debitare piesa din band\u0103 dublu adeziv\u0103 \u0219i montaj pe pies\u0103 de plastic &#8211; Automotive\" tabindex=\"-1\" >\n\t\t\tmehr lesen \u00bb\t\t<\/a>\n\n\t\t\t\t<\/div>\n\t\t\t\t<\/article>\n\t\t\t\t<\/div>\n\t\t\n\t\t\t\t\t\t<\/div>\n\t\t\t\t<\/div>\n\t\t\t\t\t<\/div>\n\t\t\t\t<\/div>\n\t\t\t\t<\/div>","protected":false},"excerpt":{"rendered":"","protected":false},"author":1,"featured_media":0,"parent":0,"menu_order":0,"comment_status":"closed","ping_status":"closed","template":"","meta":{"footnotes":""},"class_list":["post-31","page","type-page","status-publish","hentry"],"_links":{"self":[{"href":"https:\/\/mdeconverting.ro\/de\/wp-json\/wp\/v2\/pages\/31","targetHints":{"allow":["GET"]}}],"collection":[{"href":"https:\/\/mdeconverting.ro\/de\/wp-json\/wp\/v2\/pages"}],"about":[{"href":"https:\/\/mdeconverting.ro\/de\/wp-json\/wp\/v2\/types\/page"}],"author":[{"embeddable":true,"href":"https:\/\/mdeconverting.ro\/de\/wp-json\/wp\/v2\/users\/1"}],"replies":[{"embeddable":true,"href":"https:\/\/mdeconverting.ro\/de\/wp-json\/wp\/v2\/comments?post=31"}],"version-history":[{"count":6,"href":"https:\/\/mdeconverting.ro\/de\/wp-json\/wp\/v2\/pages\/31\/revisions"}],"predecessor-version":[{"id":2260,"href":"https:\/\/mdeconverting.ro\/de\/wp-json\/wp\/v2\/pages\/31\/revisions\/2260"}],"wp:attachment":[{"href":"https:\/\/mdeconverting.ro\/de\/wp-json\/wp\/v2\/media?parent=31"}],"curies":[{"name":"wp","href":"https:\/\/api.w.org\/{rel}","templated":true}]}}