{"id":3,"date":"2022-03-23T13:37:23","date_gmt":"2022-03-23T11:37:23","guid":{"rendered":"https:\/\/mde.wameleon.ro\/?page_id=3"},"modified":"2022-05-10T09:33:40","modified_gmt":"2022-05-10T06:33:40","slug":"politica-de-confidentialitate","status":"publish","type":"page","link":"https:\/\/mdeconverting.ro\/de\/politica-de-confidentialitate\/","title":{"rendered":"Datenschutz-Bestimmungen"},"content":{"rendered":"<p><strong>1. Introducere:<\/strong><br \/>Confiden\u0163ialitatea datelor cu caracter personal reprezint\u0103 una din preocup\u0103rile principale \u00een cadrul societ\u0103\u0163ii MDE CONVERTING S.R.L.. Ca atare, dorim s\u0103 asigur\u0103m cele mai \u00eenalte standarde de confiden\u0163ialitate \u015fi transparen\u0163\u0103 cu privire la datele cu caracter personal pe care le prelucr\u0103m \u00een activitatea noastr\u0103 curent\u0103.<br \/>\u00centruc\u00e2t \u00een desf\u0103\u0219urarea activit\u0103\u021bii este necesar s\u0103 prelucr\u0103m o serie de date cu caracter personal cu predilec\u021bie \u00een raport de specificul obiectului nostru de activitate \u2013 realizarea formelor de \u0219tan\u021bare \u2013 dorim s\u0103 oferim asigur\u0103ri c\u0103 prelucrarea va avea loc cu respectarea principiilor transparen\u0163ei \u015fi securit\u0103\u0163ii datelor cu caracter personal. Aceast\u0103 politic\u0103 de confiden\u021bialitate este menit\u0103 s\u0103 v\u0103 ajute s\u0103 \u00een\u021belege\u021bi ce date colect\u0103m, de ce le colect\u0103m \u0219i ce facem cu ele.<br \/>Sper\u0103m c\u0103 ve\u021bi avea timp s\u0103 citi\u021bi prezenta politic\u0103 de confiden\u021bialitate cu aten\u0163ie. Am \u00eencercat s\u0103 formul\u0103m aceast\u0103 politic\u0103 \u00eentr-un limbaj c\u00e2t se poate de simplu, astfel \u00eenc\u00e2t s\u0103 fie clar\u0103 \u0219i inteligibil\u0103.<\/p>\r\n<p><strong>2. Operatorul de date cu caracter personal \u00een rela\u0163ia cu dumneavoastr\u0103:<\/strong><br \/>Operatorul de date cu caracter personal \u00een rela\u0163ia cu datele personale furnizate de dumneavoastr\u0103 este societatea MDE CONVERTING S.R.L., cu sediul \u00een Sos. Chirnogi, Nr.2a, Oltenita, Judet: Calarasi, Rom\u00e2nia \u00eenregistrat\u0103 la Registrul Comer\u0163ului sub nr.J51\/513\/2008, av\u00e2nd C.I.F.\/C.U.I. nr. RO24092010.<\/p>\r\n<p><strong>3. Categorii de date cu caracter personal pe care le prelucr\u0103m:<\/strong><br \/>\u00cen vederea desf\u0103\u015fur\u0103rii activit\u0103\u0163ii putem colecta \u015fi procesa urm\u0103toarele categorii de date cu caracter personal:<\/p>\r\n<p>Nume \/ Prenume<br \/>E-mail<br \/>Telefon<br \/>Alte informatii pe care le treceti in campul &#8222;Mesaj&#8221;<\/p>\r\n<p><strong>4. Scopul prelucr\u0103rii datelor:<br \/><\/strong>Folosim informa\u021biile pe care le colect\u0103m de la dumneavoastr\u0103 pentru a v\u0103 putea furniza serviciile noastre. Procesarea datelor dumneavoastr\u0103 se va face \u00een mod diferit \u00een func\u0163ie de statutul pe care \u00eel ave\u021bi pe site: poten\u021bial client sau doar vizitator al website-ului nostru.<br \/>Dac\u0103 sunte\u021bi poten\u021bial client al societ\u0103\u0163ii MDE CONVERTING S.R.L., datele dumneavostr\u0103 pot fi folosite \u00een urm\u0103toarele scopuri:<br \/>Gestion\u0103rii pre-contractuale dintre dumneavoastr\u0103 \u015fi societatea MDE CONVERTING S.R.L.;<br \/>\u00cen anumite situa\u021bii, prelucr\u0103m datele dumneavoastr\u0103 cu caracter personal \u00eentruc\u00e2t exist\u0103 un interes public sau dup\u0103 caz, \u00een baza consim\u021b\u0103m\u00e2ntului dumneavoastr\u0103 dac\u0103 v-a\u021bi manifestat op\u021biunea \u00een acest sens. Totodat\u0103, prelucrarea datelor poate opera \u0219i ca urmare a respect\u0103rii obliga\u021biilor legale instituite \u00een sarcina noastr\u0103.<br \/>\u00cen scopul comunic\u0103rii cu dumneavoastr\u0103, pentru a v\u0103 informa \u00een permanen\u0163\u0103 despre stadiul serviciului solicitat;<br \/>\u00cen orice alt scop auxiliar celor de mai sus, sau \u00een orice alt scop pentru care ne-au fost furnizate datele cu caracter personal, cu respecatrea legisla\u0163iei \u00een materie;<\/p>\r\n<p>\u00cen m\u0103sura \u00een care sunte\u0163i vizitator al website-ului:<br \/>\u00cen vederea monitoriz\u0103rii traficului \u015fi a \u00eembun\u0103t\u0103\u0163irii experien\u0163ei oferite de website-ul nostru.<br \/>Societatea MDE CONVERTING S.R.L. se oblig\u0103 s\u0103 solicite consim\u021b\u0103m\u00e2ntul dvs. \u00eentotdeauna \u00eenainte de a utiliza informa\u021biile pentru un alt scop dec\u00e2t cel stabilit \u00een acest document.<\/p>\r\n<p><strong>5. C\u0103tre cine dezv\u0103luim informa\u021biile dumneavoastr\u0103:<\/strong><br \/>Informa\u0163iile furnizate de dumneavoastr\u0103 pot fi dezv\u0103luite altor departamente din cadrul societ\u0103\u021bii sau colaboratorii acesteia. De exemplu: Departamentului de V\u00e2nz\u0103ri\/Marketing\/ Resurse Umane.<\/p>\r\n<p><strong>6. Actualizarea informa\u021biilor dumneavoastr\u0103 personale<\/strong><br \/>Dac\u0103 informa\u0163iile cu caracter personal pe care ni le-a\u0163i furnizat sunt gre\u0219ite sau sufer\u0103 modific\u0103ri, spre exemplu, dac\u0103 v-a\u0163i schimbat num\u0103rul de telefon, numele, adresa de email, dac\u0103 dori\u0163i s\u0103 \u015fterge\u0163i orice cerere adresat\u0103 nou\u0103 sau cunoa\u015fte\u0163i c\u0103 de\u0163inem informa\u0163ii eronate despre dumneavostr\u0103, avem rug\u0103mintea de a ne contacta prin e-mail la office@mdegroup.ro, pentru actualizarea\/modificarea acestor date (cu excep\u021bia cazului \u00een care societatea noastr\u0103 are un interes legitim s\u0103 p\u0103streze aceste informa\u021bii sau o obliga\u021bie legal\u0103).<br \/>\u00cen m\u0103sura \u00een care are loc o pierdere a datelor datorit\u0103 faptului c\u0103 acestea au fost furnizate incorect, incomplet sau insuficient, societatea MDE CONVERTING S.R.L. nu va fi r\u0103spunz\u0103toare.<\/p>\r\n<p><strong>7. Perioada pentru care vor fi stocate datele dumneavoastr\u0103 cu caracter personal:<\/strong><br \/>Prelucrarea datelor cu caracter personal va \u00eenceta \u00een func\u0163ie de tipul de date pe care le prelucr\u0103m astfel:<br \/>Datele colectate de la dumneavoastr\u0103 \u00een scopul recrut\u0103rii vor fi stocate p\u00e2n\u0103 la data la care postul pentru care a\u021bi aplicat a fost ocupat sau pe o perioad\u0103 de maxim 1 an.<\/p>\r\n<p><strong>8. Drepturile dumneavostr\u0103 \u00een leg\u0103tur\u0103 cu prelucrarea datelor cu caracter personal:<\/strong><br \/>Dac\u0103 v-a\u021bi exprimat consim\u021b\u0103m\u00e2ntul cu privire la activit\u0103\u021bile de procesare, pute\u021bi s\u0103 v\u0103 retrage\u0163i acest consim\u021b\u0103m\u00e2nt \u00een orice moment.<br \/>\u00cen m\u0103sura \u00een care consim\u0163\u0103m\u00e2ntul dumneavoastr\u0103 va fi retras, societatea MDE CONVERTING S.R.L. va interzice prelucrarea datelor dumneavoastr\u0103 personale \u015fi va \u00eentreprinde toate ac\u0163iunile pentru \u015ftergerea tuturor \u00eenregistr\u0103rilor care con\u0163in aceste date.<br \/>Cu toate acestea, dac\u0103 prelucrarea este obligatorie pentru furnizarea serviciilor de c\u0103tre societatea MDE CONVERTING S.R.L. \u0219i aceasta poate fi efectuat\u0103 \u00een baza altor dispozi\u0163ii legale, societatea va proceda la o astfel de procesare \u0219i v\u0103 va notifica \u00een acest sens.<\/p>\r\n<p><strong>9. \u00cen conformitate cu dispozi\u0163iile legale, ave\u0163i urm\u0103toarele drepturi:<\/strong><br \/>Dreptul de acces \u2013 dreptul de a ob\u021bine de la noi, la cerere \u0219i \u00een mod gratuit, confirmarea faptului c\u0103 datele care v\u0103 privesc sunt sau nu sunt prelucrate de societate \u0219i dreptul de acces la aceste date, cu excep\u021bia situa\u021biei \u00een care aceste cereri sunt repetitive sau f\u0103cute cu rea-credin\u021b\u0103;<br \/>Dreptul la informare \u2013 dreptul de a fi informat cu privire la identitatea operatorului, scopul \u00een care se face prelucrarea datelor, destinatarii sau categoriile de destinatari ai datelor, existen\u021ba drepturilor prev\u0103zute de GDPR \u015fi condi\u021biile \u00een care pot fi exercitate;<br \/>Dreptul la rectificare \u2013 pute\u021bi cere rectifica datele personale inexacte.<br \/>Dreptul la \u0219tergerea datelor (\u201cdreptul de a fi uitat\u201d) \u2013 pute\u021bi ob\u021bine \u0219tergerea datelor, \u00een cazul \u00een care prelucrarea acestora nu a fost legal\u0103 sau \u00een alte cazuri prev\u0103zute de lege;<br \/>Dreptul la restric\u021bionarea prelucr\u0103rii \u2013 pute\u021bi solicita restric\u021bionarea prelucr\u0103rii \u00een cazul \u00een care contesta\u021bi exactitatea datelor, precum \u0219i \u00een alte cazuri prev\u0103zute de lege;<br \/>Dreptul la opozi\u021bie \u2013 dreptul s\u0103 v\u0103 opune\u021bi, \u00een orice moment, din motive \u00eentemeiate \u015fi legitime ca datele s\u0103 fac\u0103 obiectul unei prelucr\u0103ri, cu exceptia cazurilor \u00een care exist\u0103 dispozitii legale contrare;<br \/>Dreptul la portabilitatea datelor \u2013 pute\u021bi primi, \u00een anumite condi\u021bii, datele personale pe care ni le-a\u021bi furnizat, \u00eentr-un format care poate fi citit automat sau pute\u021bi solicita ca respectivele date sa fie transmise altui operator;<br \/>Dreptul de a depune pl\u00e2ngere \u2013 pute\u021bi depune pl\u00e2ngere fa\u021b\u0103 de modalitatea de prelucrare a datelor personale la Autoritatea Na\u021bional\u0103 de Supraveghere a Prelucr\u0103rii Datelor cu Caracter Personal sau v\u0103 pute\u021bi adresa instan\u021belor de judecat\u0103.<br \/>Dreptul de a nu fi supus unor decizii automate sau profilare suplimentare aferente deciziilor automate: dreptul de a cere \u015fi de a ob\u021bine retragerea, anularea sau reevaluarea oric\u0103rei decizii care produce efecte juridice, adoptat\u0103 exclusiv pe baza unei prelucr\u0103ri de date cu caracter personal, efectuat\u0103 prin mijloace automate, destinat\u0103 s\u0103 evalueze unele aspecte ale personalit\u0103\u021bii sale, precum competen\u021ba profesional\u0103, credibilitatea, comportamentul ori alte asemenea aspecte;<\/p>\r\n<p>Dac\u0103 dori\u021bi s\u0103 v\u0103 exercita\u021bi drepturile men\u021bionate mai sus, v\u0103 rug\u0103m s\u0103 contacta\u021bi persoana responsabil\u0103 cu protec\u0163ia datelor cu caracter personal, folosind urm\u0103toarele detalii de contact: office@mdegroup.ro.<\/p>\r\n<p><strong>10. Securitatea informa\u021biilor:<\/strong><br \/>Lucr\u0103m din greu pentru a proteja website-ul \u0219i utilizatorii no\u0219tri de acces neautorizat sau de modificarea, divulgarea neautorizat\u0103 sau distrugerea informa\u021biilor pe care le de\u021binem.<br \/>\u00cen acest sens:<br \/>Revizuim periodic practicile de colectare, stocare \u0219i prelucrare a informa\u021biilor, inclusiv cele fizice, precum \u0219i m\u0103surile de securitate, pentru a preveni accesul neautorizat la sisteme.<br \/>Restric\u021bion\u0103m accesul angaja\u021bilor \u015fi contractorilor no\u0219tri la informa\u021biile dumneavoastr\u0103 personale, iar raporturile contractuale cu aceste persoane sunt supuse unor reguli stricte cu privire la obliga\u021biile de confiden\u021bialitate contractual\u0103.<\/p>","protected":false},"excerpt":{"rendered":"<p>1. Introducere:Confiden\u0163ialitatea datelor cu caracter personal reprezint\u0103 una din preocup\u0103rile principale \u00een cadrul societ\u0103\u0163ii MDE CONVERTING S.R.L.. Ca atare, dorim s\u0103 asigur\u0103m cele mai \u00eenalte standarde de confiden\u0163ialitate \u015fi transparen\u0163\u0103 cu privire la datele cu caracter personal pe care le prelucr\u0103m \u00een activitatea noastr\u0103 curent\u0103.\u00centruc\u00e2t \u00een desf\u0103\u0219urarea activit\u0103\u021bii este necesar s\u0103 prelucr\u0103m o serie de [&hellip;]<\/p>","protected":false},"author":1,"featured_media":0,"parent":0,"menu_order":0,"comment_status":"closed","ping_status":"closed","template":"","meta":{"footnotes":""},"class_list":["post-3","page","type-page","status-publish","hentry"],"_links":{"self":[{"href":"https:\/\/mdeconverting.ro\/de\/wp-json\/wp\/v2\/pages\/3","targetHints":{"allow":["GET"]}}],"collection":[{"href":"https:\/\/mdeconverting.ro\/de\/wp-json\/wp\/v2\/pages"}],"about":[{"href":"https:\/\/mdeconverting.ro\/de\/wp-json\/wp\/v2\/types\/page"}],"author":[{"embeddable":true,"href":"https:\/\/mdeconverting.ro\/de\/wp-json\/wp\/v2\/users\/1"}],"replies":[{"embeddable":true,"href":"https:\/\/mdeconverting.ro\/de\/wp-json\/wp\/v2\/comments?post=3"}],"version-history":[{"count":0,"href":"https:\/\/mdeconverting.ro\/de\/wp-json\/wp\/v2\/pages\/3\/revisions"}],"wp:attachment":[{"href":"https:\/\/mdeconverting.ro\/de\/wp-json\/wp\/v2\/media?parent=3"}],"curies":[{"name":"wp","href":"https:\/\/api.w.org\/{rel}","templated":true}]}}