{"id":29,"date":"2022-03-23T15:53:38","date_gmt":"2022-03-23T13:53:38","guid":{"rendered":"https:\/\/mde.wameleon.ro\/?page_id=29"},"modified":"2024-09-18T13:12:12","modified_gmt":"2024-09-18T10:12:12","slug":"despre-noi","status":"publish","type":"page","link":"https:\/\/mdeconverting.ro\/de\/despre-noi\/","title":{"rendered":"\u00dcber uns"},"content":{"rendered":"<div data-elementor-type=\"wp-page\" data-elementor-id=\"29\" class=\"elementor elementor-29\" data-elementor-post-type=\"page\">\n\t\t\t\t<div class=\"elementor-element elementor-element-8bf7d06 e-flex e-con-boxed e-con e-parent\" data-id=\"8bf7d06\" data-element_type=\"container\">\n\t\t\t\t\t<div class=\"e-con-inner\">\n\t\t<div class=\"elementor-element elementor-element-7c7fb79 e-con-full e-flex e-con e-child\" data-id=\"7c7fb79\" data-element_type=\"container\">\n\t\t\t\t<div class=\"elementor-element elementor-element-ad0f64b elementor-widget elementor-widget-video\" data-id=\"ad0f64b\" data-element_type=\"widget\" data-settings=\"{&quot;youtube_url&quot;:&quot;https:\\\/\\\/www.youtube.com\\\/watch?v=rvYcTC5M5BY&quot;,&quot;autoplay&quot;:&quot;yes&quot;,&quot;play_on_mobile&quot;:&quot;yes&quot;,&quot;lazy_load&quot;:&quot;yes&quot;,&quot;video_type&quot;:&quot;youtube&quot;,&quot;controls&quot;:&quot;yes&quot;}\" data-widget_type=\"video.default\">\n\t\t\t\t<div class=\"elementor-widget-container\">\n\t\t\t\t\t\t\t<div class=\"elementor-wrapper elementor-open-inline\">\n\t\t\t<div class=\"elementor-video\"><\/div>\t\t<\/div>\n\t\t\t\t\t\t<\/div>\n\t\t\t\t<\/div>\n\t\t\t\t<\/div>\n\t\t\t\t\t<\/div>\n\t\t\t\t<\/div>\n\t\t<div class=\"elementor-element elementor-element-685e9d7 e-flex e-con-boxed e-con e-parent\" data-id=\"685e9d7\" data-element_type=\"container\">\n\t\t\t\t\t<div class=\"e-con-inner\">\n\t\t<div class=\"elementor-element elementor-element-37adcbe e-con-full e-flex e-con e-child\" data-id=\"37adcbe\" data-element_type=\"container\">\n\t\t\t\t<div class=\"elementor-element elementor-element-021eeeb elementor-widget elementor-widget-text-editor\" data-id=\"021eeeb\" data-element_type=\"widget\" data-widget_type=\"text-editor.default\">\n\t\t\t\t<div class=\"elementor-widget-container\">\n\t\t\t\t\t\t\t\t\t<p>Unser Unternehmen entstand 2008 durch die Abspaltung der MDE-Gruppe, die seit 2002 f\u00fcr den Vertrieb von 3M-Produkten in Rum\u00e4nien zust\u00e4ndig ist. Der Grund f\u00fcr die Trennung war der Wunsch, die Konvertierungst\u00e4tigkeit unabh\u00e4ngig von der Vertriebst\u00e4tigkeit zu entwickeln.<\/p>\t\t\t\t\t\t\t\t<\/div>\n\t\t\t\t<\/div>\n\t\t\t\t<div class=\"elementor-element elementor-element-5ec184d elementor-widget elementor-widget-image\" data-id=\"5ec184d\" data-element_type=\"widget\" data-widget_type=\"image.default\">\n\t\t\t\t<div class=\"elementor-widget-container\">\n\t\t\t\t\t\t\t\t\t\t\t\t\t\t\t<img fetchpriority=\"high\" decoding=\"async\" width=\"700\" height=\"394\" src=\"https:\/\/mdeconverting.ro\/wp-content\/uploads\/echipa-mde-converting.jpg\" class=\"attachment-large size-large wp-image-773\" alt=\"\" srcset=\"https:\/\/mdeconverting.ro\/wp-content\/uploads\/echipa-mde-converting.jpg 700w, https:\/\/mdeconverting.ro\/wp-content\/uploads\/echipa-mde-converting-300x169.jpg 300w\" sizes=\"(max-width: 700px) 100vw, 700px\" \/>\t\t\t\t\t\t\t\t\t\t\t\t\t\t\t<\/div>\n\t\t\t\t<\/div>\n\t\t\t\t<div class=\"elementor-element elementor-element-fa5a1d4 elementor-widget elementor-widget-text-editor\" data-id=\"fa5a1d4\" data-element_type=\"widget\" data-widget_type=\"text-editor.default\">\n\t\t\t\t<div class=\"elementor-widget-container\">\n\t\t\t\t\t\t\t\t\t<p>Seitdem ist das Unternehmen stetig gewachsen und hat mehrere Phasen durchlaufen. Im Jahr 2012 unterzeichneten wir unseren ersten gro\u00dfen Vertrag mit einem der Hauptlieferanten von Ikea in der Maramuresch, der es uns erm\u00f6glichte, zu investieren. Wir haben uns auf einige neue Maschinen konzentriert, aber das Wichtigste, was uns damals geholfen hat, war die Anwerbung neuer Kollegen. Es wurde ein Managementteam von Fachleuten aus verschiedenen Bereichen ausgew\u00e4hlt, das kompetente Teams mit festen Mitarbeitern bildete. Ein weiteres Highlight war ein Greenfield-Projekt im Jahr 2019, bei dem wir auf einer Fl\u00e4che von \u00fcber 1.500 m\u00b2 eine neue Produktionshalle gebaut haben, die mit modernsten Maschinen f\u00fcr die Verarbeitung von Klebeb\u00e4ndern, Schaumstoffen verschiedener Art und Schutzfolien ausgestattet ist.<\/p>\t\t\t\t\t\t\t\t<\/div>\n\t\t\t\t<\/div>\n\t\t\t\t<div class=\"elementor-element elementor-element-936fd06 elementor-widget elementor-widget-image\" data-id=\"936fd06\" data-element_type=\"widget\" data-widget_type=\"image.default\">\n\t\t\t\t<div class=\"elementor-widget-container\">\n\t\t\t\t\t\t\t\t\t\t\t\t\t\t\t<img decoding=\"async\" width=\"670\" height=\"450\" src=\"https:\/\/mdeconverting.ro\/wp-content\/uploads\/harta-deservire-MDE-Converting2.jpg\" class=\"attachment-large size-large wp-image-779\" alt=\"\" srcset=\"https:\/\/mdeconverting.ro\/wp-content\/uploads\/harta-deservire-MDE-Converting2.jpg 670w, https:\/\/mdeconverting.ro\/wp-content\/uploads\/harta-deservire-MDE-Converting2-300x201.jpg 300w\" sizes=\"(max-width: 670px) 100vw, 670px\" \/>\t\t\t\t\t\t\t\t\t\t\t\t\t\t\t<\/div>\n\t\t\t\t<\/div>\n\t\t\t\t<div class=\"elementor-element elementor-element-56b7667 elementor-widget elementor-widget-text-editor\" data-id=\"56b7667\" data-element_type=\"widget\" data-widget_type=\"text-editor.default\">\n\t\t\t\t<div class=\"elementor-widget-container\">\n\t\t\t\t\t\t\t\t\t<p>Im Jahr 2020 haben wir die Zertifizierung nach IATF 16949, einem Qualit\u00e4tsstandard, der von der Automobilindustrie gefordert wird, erhalten. Eine Best\u00e4tigung f\u00fcr das im Laufe der Jahre erworbene Fachwissen und die F\u00e4higkeit, Kunden mit den h\u00f6chsten Anforderungen zu bedienen.<\/p><p>Im Jahr 2021 haben wir die Schwelle von 5.000.000 EUR Umsatz \u00fcberschritten und liefern heute sowohl nach Rum\u00e4nien als auch in den Rest Europas, nach Nordafrika, S\u00fcd- und Nordamerika.<\/p>\t\t\t\t\t\t\t\t<\/div>\n\t\t\t\t<\/div>\n\t\t\t\t<div class=\"elementor-element elementor-element-c1b3460 elementor-widget elementor-widget-video\" data-id=\"c1b3460\" data-element_type=\"widget\" data-settings=\"{&quot;youtube_url&quot;:&quot;https:\\\/\\\/www.youtube.com\\\/watch?v=Eg0Zz_2KyxE&quot;,&quot;video_type&quot;:&quot;youtube&quot;,&quot;controls&quot;:&quot;yes&quot;}\" data-widget_type=\"video.default\">\n\t\t\t\t<div class=\"elementor-widget-container\">\n\t\t\t\t\t\t\t<div class=\"elementor-wrapper elementor-open-inline\">\n\t\t\t<div class=\"elementor-video\"><\/div>\t\t<\/div>\n\t\t\t\t\t\t<\/div>\n\t\t\t\t<\/div>\n\t\t\t\t<\/div>\n\t\t\t\t\t<\/div>\n\t\t\t\t<\/div>\n\t\t\t\t<\/div>","protected":false},"excerpt":{"rendered":"<p>https:\/\/www.youtube.com\/watch?v=rvYcTC5M5BY Firma noastr\u0103 a luat fiin\u021b\u0103 \u00een 2008 prin desprinderea din MDE Group, o societate responsabil\u0103 cu distribu\u021bia produselor 3M \u00een Rom\u00e2nia \u00eenc\u0103 din 2002. Motivul separ\u0103rii acesteia l-a constituit dorin\u021ba de a dezvolta activitatea de conversie, independent de cea de distribu\u021bie. Afacerea a crescut \u00een mod constant de atunci, trec\u00e2nd prin mai multe etape. [&hellip;]<\/p>","protected":false},"author":1,"featured_media":0,"parent":0,"menu_order":0,"comment_status":"closed","ping_status":"closed","template":"","meta":{"footnotes":""},"class_list":["post-29","page","type-page","status-publish","hentry"],"_links":{"self":[{"href":"https:\/\/mdeconverting.ro\/de\/wp-json\/wp\/v2\/pages\/29","targetHints":{"allow":["GET"]}}],"collection":[{"href":"https:\/\/mdeconverting.ro\/de\/wp-json\/wp\/v2\/pages"}],"about":[{"href":"https:\/\/mdeconverting.ro\/de\/wp-json\/wp\/v2\/types\/page"}],"author":[{"embeddable":true,"href":"https:\/\/mdeconverting.ro\/de\/wp-json\/wp\/v2\/users\/1"}],"replies":[{"embeddable":true,"href":"https:\/\/mdeconverting.ro\/de\/wp-json\/wp\/v2\/comments?post=29"}],"version-history":[{"count":3,"href":"https:\/\/mdeconverting.ro\/de\/wp-json\/wp\/v2\/pages\/29\/revisions"}],"predecessor-version":[{"id":2254,"href":"https:\/\/mdeconverting.ro\/de\/wp-json\/wp\/v2\/pages\/29\/revisions\/2254"}],"wp:attachment":[{"href":"https:\/\/mdeconverting.ro\/de\/wp-json\/wp\/v2\/media?parent=29"}],"curies":[{"name":"wp","href":"https:\/\/api.w.org\/{rel}","templated":true}]}}