{"id":1424,"date":"2022-05-26T13:13:42","date_gmt":"2022-05-26T10:13:42","guid":{"rendered":"https:\/\/mde.wameleon.ro\/?page_id=1424"},"modified":"2022-06-17T12:01:44","modified_gmt":"2022-06-17T09:01:44","slug":"inalta-performanta-pentru-segmentul-energiei-eoliene","status":"publish","type":"page","link":"https:\/\/mdeconverting.ro\/de\/alte-industrii\/energii-regenerabile\/inalta-performanta-pentru-segmentul-energiei-eoliene\/","title":{"rendered":"Hochleistung f\u00fcr das Segment Windenergie"},"content":{"rendered":"<div data-elementor-type=\"wp-page\" data-elementor-id=\"1424\" class=\"elementor elementor-1424\" data-elementor-post-type=\"page\">\n\t\t\t\t\t\t<section class=\"elementor-section elementor-top-section elementor-element elementor-element-c8e93e4 elementor-section-boxed elementor-section-height-default elementor-section-height-default\" data-id=\"c8e93e4\" data-element_type=\"section\">\n\t\t\t\t\t\t<div class=\"elementor-container elementor-column-gap-default\">\n\t\t\t\t\t<div class=\"elementor-column elementor-col-100 elementor-top-column elementor-element elementor-element-8328c9d\" data-id=\"8328c9d\" data-element_type=\"column\">\n\t\t\t<div class=\"elementor-widget-wrap elementor-element-populated\">\n\t\t\t\t\t\t<div class=\"elementor-element elementor-element-4418661 elementor-widget elementor-widget-image\" data-id=\"4418661\" data-element_type=\"widget\" data-widget_type=\"image.default\">\n\t\t\t\t<div class=\"elementor-widget-container\">\n\t\t\t\t\t\t\t\t\t\t\t\t\t\t\t<img fetchpriority=\"high\" decoding=\"async\" width=\"800\" height=\"266\" src=\"https:\/\/mdeconverting.ro\/wp-content\/uploads\/solutii-de-benzi-de-la-tesa-pentru-segmentul-energiei-eoliene77096_crop3x1_18-1024x341.webp\" class=\"attachment-large size-large wp-image-1453\" alt=\"\" srcset=\"https:\/\/mdeconverting.ro\/wp-content\/uploads\/solutii-de-benzi-de-la-tesa-pentru-segmentul-energiei-eoliene77096_crop3x1_18-1024x341.webp 1024w, https:\/\/mdeconverting.ro\/wp-content\/uploads\/solutii-de-benzi-de-la-tesa-pentru-segmentul-energiei-eoliene77096_crop3x1_18-300x100.webp 300w, https:\/\/mdeconverting.ro\/wp-content\/uploads\/solutii-de-benzi-de-la-tesa-pentru-segmentul-energiei-eoliene77096_crop3x1_18-768x255.webp 768w, https:\/\/mdeconverting.ro\/wp-content\/uploads\/solutii-de-benzi-de-la-tesa-pentru-segmentul-energiei-eoliene77096_crop3x1_18-1536x511.webp 1536w, https:\/\/mdeconverting.ro\/wp-content\/uploads\/solutii-de-benzi-de-la-tesa-pentru-segmentul-energiei-eoliene77096_crop3x1_18.webp 1888w\" sizes=\"(max-width: 800px) 100vw, 800px\" \/>\t\t\t\t\t\t\t\t\t\t\t\t\t\t\t<\/div>\n\t\t\t\t<\/div>\n\t\t\t\t\t<\/div>\n\t\t<\/div>\n\t\t\t\t\t<\/div>\n\t\t<\/section>\n\t\t\t\t<section class=\"elementor-section elementor-top-section elementor-element elementor-element-19659bb elementor-section-boxed elementor-section-height-default elementor-section-height-default\" data-id=\"19659bb\" data-element_type=\"section\" data-settings=\"{&quot;background_background&quot;:&quot;classic&quot;}\">\n\t\t\t\t\t\t<div class=\"elementor-container elementor-column-gap-default\">\n\t\t\t\t\t<div class=\"elementor-column elementor-col-100 elementor-top-column elementor-element elementor-element-78d4e5c\" data-id=\"78d4e5c\" data-element_type=\"column\">\n\t\t\t<div class=\"elementor-widget-wrap elementor-element-populated\">\n\t\t\t\t\t\t<div class=\"elementor-element elementor-element-24d2508 elementor-widget elementor-widget-text-editor\" data-id=\"24d2508\" data-element_type=\"widget\" data-widget_type=\"text-editor.default\">\n\t\t\t\t<div class=\"elementor-widget-container\">\n\t\t\t\t\t\t\t\t\t<p class=\"translation-block\">Mit unseren Klebeb\u00e4ndern werden Ihre Produktionsprozesse effizienter \u2013 von der Formvorbereitung bis zur Rotorblatt-Veredelung. Unser Ziel ist eine optimierte Rotorblattproduktion.<\/p>\t\t\t\t\t\t\t\t<\/div>\n\t\t\t\t<\/div>\n\t\t\t\t\t<\/div>\n\t\t<\/div>\n\t\t\t\t\t<\/div>\n\t\t<\/section>\n\t\t\t\t<section class=\"elementor-section elementor-top-section elementor-element elementor-element-b131fd2 elementor-section-boxed elementor-section-height-default elementor-section-height-default\" data-id=\"b131fd2\" data-element_type=\"section\">\n\t\t\t\t\t\t<div class=\"elementor-container elementor-column-gap-default\">\n\t\t\t\t\t<div class=\"elementor-column elementor-col-100 elementor-top-column elementor-element elementor-element-eefd75d\" data-id=\"eefd75d\" data-element_type=\"column\">\n\t\t\t<div class=\"elementor-widget-wrap elementor-element-populated\">\n\t\t\t\t\t\t<div class=\"elementor-element elementor-element-6b1dde6 elementor-widget elementor-widget-heading\" data-id=\"6b1dde6\" data-element_type=\"widget\" data-widget_type=\"heading.default\">\n\t\t\t\t<div class=\"elementor-widget-container\">\n\t\t\t\t\t<h5 class=\"elementor-heading-title elementor-size-default\">Profitieren Sie von unserer Erfahrung \u2013 Klebebandl\u00f6sungen f\u00fcr die Windindustrie<\/h5>\t\t\t\t<\/div>\n\t\t\t\t<\/div>\n\t\t\t\t<section class=\"elementor-section elementor-inner-section elementor-element elementor-element-94dbbe2 elementor-section-boxed elementor-section-height-default elementor-section-height-default\" data-id=\"94dbbe2\" data-element_type=\"section\">\n\t\t\t\t\t\t<div class=\"elementor-container elementor-column-gap-default\">\n\t\t\t\t\t<div class=\"elementor-column elementor-col-33 elementor-inner-column elementor-element elementor-element-7923e50\" data-id=\"7923e50\" data-element_type=\"column\">\n\t\t\t<div class=\"elementor-widget-wrap elementor-element-populated\">\n\t\t\t\t\t\t<div class=\"elementor-element elementor-element-1e0f4fe elementor-position-top elementor-widget elementor-widget-image-box\" data-id=\"1e0f4fe\" data-element_type=\"widget\" data-widget_type=\"image-box.default\">\n\t\t\t\t<div class=\"elementor-widget-container\">\n\t\t\t\t\t<div class=\"elementor-image-box-wrapper\"><figure class=\"elementor-image-box-img\"><img decoding=\"async\" width=\"394\" height=\"221\" src=\"https:\/\/mdeconverting.ro\/wp-content\/uploads\/pregatirea-matritelor76293_crop16x9_4.webp\" class=\"attachment-full size-full wp-image-1458\" alt=\"\" srcset=\"https:\/\/mdeconverting.ro\/wp-content\/uploads\/pregatirea-matritelor76293_crop16x9_4.webp 394w, https:\/\/mdeconverting.ro\/wp-content\/uploads\/pregatirea-matritelor76293_crop16x9_4-300x168.webp 300w\" sizes=\"(max-width: 394px) 100vw, 394px\" \/><\/figure><div class=\"elementor-image-box-content\"><h5 class=\"elementor-image-box-title\">Formvorbereitung mit Klebeband<\/h5><p class=\"elementor-image-box-description\">Optimieren Sie Ihren Vorbereitungsprozess mit unseren Klebeb\u00e4ndern \u2013 von der Formabdeckung bis hin zur Entformung mit einem PTFE-Klebeband.<\/p><\/div><\/div>\t\t\t\t<\/div>\n\t\t\t\t<\/div>\n\t\t\t\t\t<\/div>\n\t\t<\/div>\n\t\t\t\t<div class=\"elementor-column elementor-col-33 elementor-inner-column elementor-element elementor-element-0cf936d\" data-id=\"0cf936d\" data-element_type=\"column\">\n\t\t\t<div class=\"elementor-widget-wrap elementor-element-populated\">\n\t\t\t\t\t\t<div class=\"elementor-element elementor-element-90f5090 elementor-position-top elementor-widget elementor-widget-image-box\" data-id=\"90f5090\" data-element_type=\"widget\" data-widget_type=\"image-box.default\">\n\t\t\t\t<div class=\"elementor-widget-container\">\n\t\t\t\t\t<div class=\"elementor-image-box-wrapper\"><figure class=\"elementor-image-box-img\"><img decoding=\"async\" width=\"394\" height=\"221\" src=\"https:\/\/mdeconverting.ro\/wp-content\/uploads\/procesul-de-asezare-si-injectare76301_crop16x9_4.webp\" class=\"attachment-full size-full wp-image-1459\" alt=\"\" srcset=\"https:\/\/mdeconverting.ro\/wp-content\/uploads\/procesul-de-asezare-si-injectare76301_crop16x9_4.webp 394w, https:\/\/mdeconverting.ro\/wp-content\/uploads\/procesul-de-asezare-si-injectare76301_crop16x9_4-300x168.webp 300w\" sizes=\"(max-width: 394px) 100vw, 394px\" \/><\/figure><div class=\"elementor-image-box-content\"><h5 class=\"elementor-image-box-title\">Laminierungs- und Infusionsprozess<\/h5><p class=\"elementor-image-box-description\">Der Laminierungs- und Infusionsprozess ist das Herzst\u00fcck der Rotorblattproduktion \u2013 sorgen Sie f\u00fcr schnellere und zuverl\u00e4ssigere Prozesse.<\/p><\/div><\/div>\t\t\t\t<\/div>\n\t\t\t\t<\/div>\n\t\t\t\t\t<\/div>\n\t\t<\/div>\n\t\t\t\t<div class=\"elementor-column elementor-col-33 elementor-inner-column elementor-element elementor-element-b198fa5\" data-id=\"b198fa5\" data-element_type=\"column\">\n\t\t\t<div class=\"elementor-widget-wrap elementor-element-populated\">\n\t\t\t\t\t\t<div class=\"elementor-element elementor-element-a2667f0 elementor-position-top elementor-widget elementor-widget-image-box\" data-id=\"a2667f0\" data-element_type=\"widget\" data-widget_type=\"image-box.default\">\n\t\t\t\t<div class=\"elementor-widget-container\">\n\t\t\t\t\t<div class=\"elementor-image-box-wrapper\"><figure class=\"elementor-image-box-img\"><img loading=\"lazy\" decoding=\"async\" width=\"394\" height=\"221\" src=\"https:\/\/mdeconverting.ro\/wp-content\/uploads\/finisarea-palelor-rotorului76321_crop16x9_4.webp\" class=\"attachment-full size-full wp-image-1460\" alt=\"\" srcset=\"https:\/\/mdeconverting.ro\/wp-content\/uploads\/finisarea-palelor-rotorului76321_crop16x9_4.webp 394w, https:\/\/mdeconverting.ro\/wp-content\/uploads\/finisarea-palelor-rotorului76321_crop16x9_4-300x168.webp 300w\" sizes=\"(max-width: 394px) 100vw, 394px\" \/><\/figure><div class=\"elementor-image-box-content\"><h5 class=\"elementor-image-box-title\">Rotorblatt-Veredelung mit Klebeb\u00e4ndern<\/h5><p class=\"elementor-image-box-description\">Dauerhafte Anwendungen auf Rotorbl\u00e4ttern \u2013 entdecken Sie unsere zuverl\u00e4ssigen Klebebandl\u00f6sungen.<\/p><\/div><\/div>\t\t\t\t<\/div>\n\t\t\t\t<\/div>\n\t\t\t\t\t<\/div>\n\t\t<\/div>\n\t\t\t\t\t<\/div>\n\t\t<\/section>\n\t\t\t\t\t<\/div>\n\t\t<\/div>\n\t\t\t\t\t<\/div>\n\t\t<\/section>\n\t\t\t\t<\/div>","protected":false},"excerpt":{"rendered":"<p>Ne str\u0103duim s\u0103 facem ca procesele dumneavoastr\u0103 de produc\u021bie s\u0103 fie mai eficiente cu ajutorul benzilor adezive&nbsp;tesa&nbsp;\u2013 de la preg\u0103tirea matri\u021bei p\u00e2n\u0103 la finisarea palelor. Scopul nostru este cel de a asigura timpi mai scur\u021bi ai ciclurilor \u0219i un finisaj superior al palelor. Beneficia\u0163i de experien\u0163a noastr\u0103 \u2013 solu\u0163ii de benzi adezive pentru segmentul energiei [&hellip;]<\/p>","protected":false},"author":1,"featured_media":0,"parent":1408,"menu_order":0,"comment_status":"closed","ping_status":"closed","template":"","meta":{"footnotes":""},"class_list":["post-1424","page","type-page","status-publish","hentry"],"_links":{"self":[{"href":"https:\/\/mdeconverting.ro\/de\/wp-json\/wp\/v2\/pages\/1424","targetHints":{"allow":["GET"]}}],"collection":[{"href":"https:\/\/mdeconverting.ro\/de\/wp-json\/wp\/v2\/pages"}],"about":[{"href":"https:\/\/mdeconverting.ro\/de\/wp-json\/wp\/v2\/types\/page"}],"author":[{"embeddable":true,"href":"https:\/\/mdeconverting.ro\/de\/wp-json\/wp\/v2\/users\/1"}],"replies":[{"embeddable":true,"href":"https:\/\/mdeconverting.ro\/de\/wp-json\/wp\/v2\/comments?post=1424"}],"version-history":[{"count":0,"href":"https:\/\/mdeconverting.ro\/de\/wp-json\/wp\/v2\/pages\/1424\/revisions"}],"up":[{"embeddable":true,"href":"https:\/\/mdeconverting.ro\/de\/wp-json\/wp\/v2\/pages\/1408"}],"wp:attachment":[{"href":"https:\/\/mdeconverting.ro\/de\/wp-json\/wp\/v2\/media?parent=1424"}],"curies":[{"name":"wp","href":"https:\/\/api.w.org\/{rel}","templated":true}]}}