{"id":1239,"date":"2022-05-25T15:44:43","date_gmt":"2022-05-25T12:44:43","guid":{"rendered":"https:\/\/mde.wameleon.ro\/?page_id=1239"},"modified":"2022-06-17T12:22:18","modified_gmt":"2022-06-17T09:22:18","slug":"proiecte","status":"publish","type":"page","link":"https:\/\/mdeconverting.ro\/de\/proiecte\/","title":{"rendered":"Projekt"},"content":{"rendered":"<div class=\"container\">\n<h1><a href=\"https:\/\/mde.wameleon.ro\/wp-content\/uploads\/sigle_principale.png\" target=\"_blank\" rel=\"noopener\"><img fetchpriority=\"high\" decoding=\"async\" class=\"alignnone size-full wp-image-1244\" src=\"https:\/\/mde.wameleon.ro\/wp-content\/uploads\/sigle_principale.png\" alt=\"\" width=\"778\" height=\"170\" srcset=\"https:\/\/mdeconverting.ro\/wp-content\/uploads\/sigle_principale.png 778w, https:\/\/mdeconverting.ro\/wp-content\/uploads\/sigle_principale-300x66.png 300w, https:\/\/mdeconverting.ro\/wp-content\/uploads\/sigle_principale-768x168.png 768w\" sizes=\"(max-width: 778px) 100vw, 778px\" \/><\/a><\/h1>\n<h1 class=\"theme-animation fadeInDown animation-delay-1 text-white animation-delay-0 animateIt\">DEZVOLTAREA ACTIVIT\u0102\u021aII MDE CONVERTING<\/h1>\n<h3>Beneficiar: MDE CONVERTING SRL<\/h3>\n<hr \/>\n<h4>Scopul proiectului<\/h4>\n<p>Obiectivul principal al SC MDE CONVERTING SRL este de a asigura o dezvoltare durabil\u0103 a firmei, baz\u00e2ndu-se pe o competitivitate crescut\u0103 \u0219i o plusvaloare a activit\u0103\u021bii desf\u0103\u0219urate. Aceasta va fi posibil\u0103 prin investi\u021bii \u00een dotarea unei sec\u021bii de produc\u021bie \u00een scopul dezvolt\u0103rii unei linii noi de activitate, performan\u021b\u0103 care va sus\u021bine dezvoltarea portofoliului de clien\u021bi, cre\u0219terea cifrei de afaceri \u0219i cre\u0219terea num\u0103rului de angaja\u021bi.<\/p>\n<h4>Obiectivele specifice<\/h4>\n<ul>\n<li>1. OS1: Cre\u0219terea num\u0103rului de angaja\u021bi cu cel pu\u021bin 3 persoane p\u00e2n\u0103 la finalizarea implement\u0103rii investi\u021biei propuse. Atingerea acestui obiectiv va conduce la cre\u0219terea resurselor societ\u0103\u021bii, asigur\u00e2nd sus\u021binerea dezvolt\u0103rii activit\u0103\u021bii firmei \u00eentr-un nou domeniu de activitate.<\/li>\n<li>2. OS2: Cre\u0219terea portofoliului de clien\u021bi cu cel putin 5 clien\u021bi, dup\u0103 implementarea investi\u021biei propuse. Atingerea acestui obiectiv specific asigura un plus de venituri, o extindere a activit\u0103\u021bii \u0219i o contribu\u021bie pozitiv\u0103 \u00een cash flow-ul societ\u0103\u021bii.<\/li>\n<li>3. OS3: Cre\u0219terea activelor imobilizate ale firmei \u00een primul an dup\u0103 implementarea investi\u021biei propuse cu cel putin 10%, ceea ce va asigura o dezvoltare durabil\u0103 a afacerii.<\/li>\n<\/ul>\n<h4>Rezultate<\/h4>\n<ul>\n<li>R1: Crearea unei noi unit\u0103\u021bi de produc\u021bie de garnituri de etan\u0219are \u0219i p\u0103r\u021bi componente prin dotarea unei noi sec\u021bii \u00een cadrul spa\u021biului de produc\u021bie.<\/li>\n<li>R2: 3 locuri de munc\u0103 nou create ca urmare a realiz\u0103rii investi\u021biei propus\u0103 prin prezentul proiect<\/li>\n<li>R3: Certificare ISO \u0219i certificare activitate de produc\u021bie.<\/li>\n<\/ul>\n<hr \/>\n<p>&#8211; Dat\u0103 de \u00eencepere: 01.06.2017<br \/>\n&#8211; Perioada de implementare: 01.06.2017 \u2013 30.06.2020<br \/>\n&#8211; Valoarea total\u0103 &#8211; 2.680.154,67 lei (din care contribu\u021bie UE: 1.385.006,54 lei \u0219i contribu\u021bie na\u021bional\u0103: 244.412,91 lei)<\/p>\n<\/div>\n<hr \/>\n<div class=\"container\">\n<p>Pentru informa\u021bii detaliate despre celelalte programe cofinan\u021bate de Uniunea European\u0103, va invit\u0103m s\u0103 vizita\u021bi www.fonduri-ue.ro<\/p>\n<p>Investim \u00een viitorul t\u0103u! Proiect cofinan\u021bat din Fondul European de Dezvoltare Regional\u0103 prin Programul Opera\u021bional Regional 2014-2020<\/p>\n<p>Con\u021binutul acestui material nu reprezint\u0103 \u00een mod obligatoriu pozi\u021bia oficial\u0103 a Uniunii Europene sau a Guvernului Rom\u00e2niei<\/p>\n<p class=\"text-center\"><a href=\"https:\/\/www.inforegio.ro\/\" target=\"_blank\" rel=\"noopener\">www.inforegio.ro<\/a>\u00a0|\u00a0<a href=\"https:\/\/www.facebook.com\/inforegio.ro\" target=\"_blank\" rel=\"noopener\">facebook.com\/inforegio.ro<\/a><\/p>\n<p class=\"text-center\"><img decoding=\"async\" src=\"http:\/\/www.mdeconverting.ro\/proiect\/bara.jpg\" alt=\"MDE Converting\" \/><\/p>\n<\/div>","protected":false},"excerpt":{"rendered":"<p>DEZVOLTAREA ACTIVIT\u0102\u021aII MDE CONVERTING Beneficiar: MDE CONVERTING SRL Scopul proiectului Obiectivul principal al SC MDE CONVERTING SRL este de a asigura o dezvoltare durabil\u0103 a firmei, baz\u00e2ndu-se pe o competitivitate crescut\u0103 \u0219i o plusvaloare a activit\u0103\u021bii desf\u0103\u0219urate. Aceasta va fi posibil\u0103 prin investi\u021bii \u00een dotarea unei sec\u021bii de produc\u021bie \u00een scopul dezvolt\u0103rii unei linii noi [&hellip;]<\/p>","protected":false},"author":1,"featured_media":0,"parent":0,"menu_order":0,"comment_status":"closed","ping_status":"closed","template":"","meta":{"footnotes":""},"class_list":["post-1239","page","type-page","status-publish","hentry"],"_links":{"self":[{"href":"https:\/\/mdeconverting.ro\/de\/wp-json\/wp\/v2\/pages\/1239","targetHints":{"allow":["GET"]}}],"collection":[{"href":"https:\/\/mdeconverting.ro\/de\/wp-json\/wp\/v2\/pages"}],"about":[{"href":"https:\/\/mdeconverting.ro\/de\/wp-json\/wp\/v2\/types\/page"}],"author":[{"embeddable":true,"href":"https:\/\/mdeconverting.ro\/de\/wp-json\/wp\/v2\/users\/1"}],"replies":[{"embeddable":true,"href":"https:\/\/mdeconverting.ro\/de\/wp-json\/wp\/v2\/comments?post=1239"}],"version-history":[{"count":0,"href":"https:\/\/mdeconverting.ro\/de\/wp-json\/wp\/v2\/pages\/1239\/revisions"}],"wp:attachment":[{"href":"https:\/\/mdeconverting.ro\/de\/wp-json\/wp\/v2\/media?parent=1239"}],"curies":[{"name":"wp","href":"https:\/\/api.w.org\/{rel}","templated":true}]}}